{"id":170,"date":"2025-05-16T05:04:58","date_gmt":"2025-05-16T03:04:58","guid":{"rendered":"http:\/\/cuernavaca.gob.mx\/contraloria\/?page_id=170"},"modified":"2025-05-16T05:05:36","modified_gmt":"2025-05-16T03:05:36","slug":"direccion-de-contraloria-social","status":"publish","type":"page","link":"https:\/\/cuernavaca.gob.mx\/contraloria\/?page_id=170","title":{"rendered":"Direcci\u00f3n de Contralor\u00eda Social"},"content":{"rendered":"\n<p>La Direcci\u00f3n de\nContralor\u00eda Social en coordinaci\u00f3n con las \u00e1reas ejecutoras, promueve la\nparticipaci\u00f3n de la sociedad en el seguimiento, control y vigilancia de la\ncorrecta aplicaci\u00f3n de los Programas Sociales y de Obra P\u00fablica que ejecutan\nlas Secretar\u00edas y Dependencias de la Administraci\u00f3n P\u00fablica Municipal de\nCuernavaca, Morelos. <\/p>\n\n\n\n<p>As\u00ed como\nfomentar y promover una cultura de transparencia, honradez, eficacia y\neficiencia en t\u00e9rminos del C\u00f3digo de \u00c9tica y del C\u00f3digo de Conducta de la\nAdministraci\u00f3n P\u00fablica Municipal. <\/p>\n","protected":false},"excerpt":{"rendered":"<div class=\"mh-excerpt\"><p>La Direcci\u00f3n de Contralor\u00eda Social en coordinaci\u00f3n con las \u00e1reas ejecutoras, promueve la participaci\u00f3n de la sociedad en el seguimiento, control y vigilancia de la <a class=\"mh-excerpt-more\" href=\"https:\/\/cuernavaca.gob.mx\/contraloria\/?page_id=170\" title=\"Direcci\u00f3n de Contralor\u00eda Social\">[&#8230;]<\/a><\/p>\n<\/div>","protected":false},"author":4,"featured_media":0,"parent":0,"menu_order":0,"comment_status":"closed","ping_status":"closed","template":"","meta":{"footnotes":""},"class_list":["post-170","page","type-page","status-publish","hentry"],"jetpack_sharing_enabled":true,"_links":{"self":[{"href":"https:\/\/cuernavaca.gob.mx\/contraloria\/index.php?rest_route=\/wp\/v2\/pages\/170","targetHints":{"allow":["GET"]}}],"collection":[{"href":"https:\/\/cuernavaca.gob.mx\/contraloria\/index.php?rest_route=\/wp\/v2\/pages"}],"about":[{"href":"https:\/\/cuernavaca.gob.mx\/contraloria\/index.php?rest_route=\/wp\/v2\/types\/page"}],"author":[{"embeddable":true,"href":"https:\/\/cuernavaca.gob.mx\/contraloria\/index.php?rest_route=\/wp\/v2\/users\/4"}],"replies":[{"embeddable":true,"href":"https:\/\/cuernavaca.gob.mx\/contraloria\/index.php?rest_route=%2Fwp%2Fv2%2Fcomments&post=170"}],"version-history":[{"count":2,"href":"https:\/\/cuernavaca.gob.mx\/contraloria\/index.php?rest_route=\/wp\/v2\/pages\/170\/revisions"}],"predecessor-version":[{"id":172,"href":"https:\/\/cuernavaca.gob.mx\/contraloria\/index.php?rest_route=\/wp\/v2\/pages\/170\/revisions\/172"}],"wp:attachment":[{"href":"https:\/\/cuernavaca.gob.mx\/contraloria\/index.php?rest_route=%2Fwp%2Fv2%2Fmedia&parent=170"}],"curies":[{"name":"wp","href":"https:\/\/api.w.org\/{rel}","templated":true}]}}