{"id":274,"date":"2025-07-07T22:52:29","date_gmt":"2025-07-07T20:52:29","guid":{"rendered":"https:\/\/cuernavaca.gob.mx\/contraloria\/?page_id=274"},"modified":"2025-07-07T23:37:10","modified_gmt":"2025-07-07T21:37:10","slug":"cuestionario-de-evaluacion","status":"publish","type":"page","link":"https:\/\/cuernavaca.gob.mx\/contraloria\/?page_id=274","title":{"rendered":"Cuestionario de evaluaci\u00f3n"},"content":{"rendered":"<div class=\"wpforms-container wpforms-container-full wpforms-render-modern\" id=\"wpforms-280\"><form id=\"wpforms-form-280\" class=\"wpforms-validate wpforms-form wpforms-ajax-form\" data-formid=\"280\" method=\"post\" enctype=\"multipart\/form-data\" action=\"\/contraloria\/index.php?rest_route=%2Fwp%2Fv2%2Fpages%2F274\" data-token=\"0beb20c830e85e0c88022ed13f18f6d1\" data-token-time=\"1777494869\"><noscript class=\"wpforms-error-noscript\">Por favor, activa JavaScript en tu navegador para completar este formulario.<\/noscript><div class=\"wpforms-hidden\" id=\"wpforms-error-noscript\">Por favor, activa JavaScript en tu navegador para completar este formulario.<\/div><div class=\"wpforms-field-container\"><div id=\"wpforms-280-field_1-container\" class=\"wpforms-field wpforms-field-text\" data-field-id=\"1\"><label class=\"wpforms-field-label\" for=\"wpforms-280-field_1\">Nombre <span class=\"wpforms-required-label\" aria-hidden=\"true\">*<\/span><\/label><input type=\"text\" id=\"wpforms-280-field_1\" class=\"wpforms-field-medium wpforms-field-required\" name=\"wpforms[fields][1]\" aria-errormessage=\"wpforms-280-field_1-error\" required><\/div><div id=\"wpforms-280-field_3-container\" class=\"wpforms-field wpforms-field-email\" data-field-id=\"3\"><label class=\"wpforms-field-label\" for=\"wpforms-280-field_3\">Correo electr\u00f3nico <span class=\"wpforms-required-label\" aria-hidden=\"true\">*<\/span><\/label><input type=\"email\" id=\"wpforms-280-field_3\" class=\"wpforms-field-medium wpforms-field-required\" name=\"wpforms[fields][3]\" spellcheck=\"false\" aria-errormessage=\"wpforms-280-field_3-error\" required><\/div>\t\t<div id=\"wpforms-280-field_11-container\"\n\t\t\tclass=\"wpforms-field wpforms-field-text\"\n\t\t\tdata-field-type=\"text\"\n\t\t\tdata-field-id=\"11\"\n\t\t\t>\n\t\t\t<label class=\"wpforms-field-label\" for=\"wpforms-280-field_11\" >5. la servidoras<\/label>\n\t\t\t<input type=\"text\" id=\"wpforms-280-field_11\" class=\"wpforms-field-medium\" name=\"wpforms[fields][11]\" >\n\t\t<\/div>\n\t\t<div id=\"wpforms-280-field_2-container\" class=\"wpforms-field wpforms-field-text\" data-field-id=\"2\"><label class=\"wpforms-field-label\" for=\"wpforms-280-field_2\">Cargo <span class=\"wpforms-required-label\" aria-hidden=\"true\">*<\/span><\/label><input type=\"text\" id=\"wpforms-280-field_2\" class=\"wpforms-field-medium wpforms-field-required\" name=\"wpforms[fields][2]\" aria-errormessage=\"wpforms-280-field_2-error\" required><\/div><div id=\"wpforms-280-field_4-container\" class=\"wpforms-field wpforms-field-textarea\" data-field-id=\"4\"><label class=\"wpforms-field-label\" for=\"wpforms-280-field_4\">1. Menciona 7 Principios Rectores del C\u00f3digo de \u00c9tica <span class=\"wpforms-required-label\" aria-hidden=\"true\">*<\/span><\/label><textarea id=\"wpforms-280-field_4\" class=\"wpforms-field-medium wpforms-field-required\" name=\"wpforms[fields][4]\" aria-errormessage=\"wpforms-280-field_4-error\" required><\/textarea><\/div><div id=\"wpforms-280-field_5-container\" class=\"wpforms-field wpforms-field-radio\" data-field-id=\"5\"><fieldset><legend class=\"wpforms-field-label\">2. \u00bfCu\u00e1les son Valores del C\u00f3digo de \u00c9tica <span class=\"wpforms-required-label\" aria-hidden=\"true\">*<\/span><\/legend><ul id=\"wpforms-280-field_5\" class=\"wpforms-field-required\"><li class=\"choice-1 depth-1\"><input type=\"radio\" id=\"wpforms-280-field_5_1\" name=\"wpforms[fields][5]\" value=\"Cooperaci\u00f3n, Responsabilidad, Respeto\" aria-errormessage=\"wpforms-280-field_5_1-error\" required ><label class=\"wpforms-field-label-inline\" for=\"wpforms-280-field_5_1\">Cooperaci\u00f3n, Responsabilidad, Respeto<\/label><\/li><li class=\"choice-2 depth-1\"><input type=\"radio\" id=\"wpforms-280-field_5_2\" name=\"wpforms[fields][5]\" value=\"Cooperaci\u00f3n, Lealtad, Honradez\" aria-errormessage=\"wpforms-280-field_5_2-error\" required ><label class=\"wpforms-field-label-inline\" for=\"wpforms-280-field_5_2\">Cooperaci\u00f3n, Lealtad, Honradez<\/label><\/li><li class=\"choice-3 depth-1\"><input type=\"radio\" id=\"wpforms-280-field_5_3\" name=\"wpforms[fields][5]\" value=\"Justicia, Fraternidad, Buenas Costumbres\" aria-errormessage=\"wpforms-280-field_5_3-error\" required ><label class=\"wpforms-field-label-inline\" for=\"wpforms-280-field_5_3\">Justicia, Fraternidad, Buenas Costumbres<\/label><\/li><\/ul><\/fieldset><\/div><div id=\"wpforms-280-field_6-container\" class=\"wpforms-field wpforms-field-checkbox\" data-field-id=\"6\"><fieldset><legend class=\"wpforms-field-label\">3. Marca los elementos que contenga el valor del Respeto <span class=\"wpforms-required-label\" aria-hidden=\"true\">*<\/span><\/legend><ul id=\"wpforms-280-field_6\" class=\"wpforms-field-required\"><li class=\"choice-1 depth-1\"><input type=\"checkbox\" id=\"wpforms-280-field_6_1\" name=\"wpforms[fields][6][]\" value=\"Austeridad\" aria-errormessage=\"wpforms-280-field_6_1-error\" required ><label class=\"wpforms-field-label-inline\" for=\"wpforms-280-field_6_1\">Austeridad<\/label><\/li><li class=\"choice-2 depth-1\"><input type=\"checkbox\" id=\"wpforms-280-field_6_2\" name=\"wpforms[fields][6][]\" value=\"Trato digno\" aria-errormessage=\"wpforms-280-field_6_2-error\" required ><label class=\"wpforms-field-label-inline\" for=\"wpforms-280-field_6_2\">Trato digno<\/label><\/li><li class=\"choice-3 depth-1\"><input type=\"checkbox\" id=\"wpforms-280-field_6_3\" name=\"wpforms[fields][6][]\" value=\"Honradez\" aria-errormessage=\"wpforms-280-field_6_3-error\" required ><label class=\"wpforms-field-label-inline\" for=\"wpforms-280-field_6_3\">Honradez<\/label><\/li><li class=\"choice-4 depth-1\"><input type=\"checkbox\" id=\"wpforms-280-field_6_4\" name=\"wpforms[fields][6][]\" value=\"Di\u00e1logo cort\u00e9s\" aria-errormessage=\"wpforms-280-field_6_4-error\" required ><label class=\"wpforms-field-label-inline\" for=\"wpforms-280-field_6_4\">Di\u00e1logo cort\u00e9s<\/label><\/li><li class=\"choice-5 depth-1\"><input type=\"checkbox\" id=\"wpforms-280-field_6_5\" name=\"wpforms[fields][6][]\" value=\"Entendimiento\" aria-errormessage=\"wpforms-280-field_6_5-error\" required ><label class=\"wpforms-field-label-inline\" for=\"wpforms-280-field_6_5\">Entendimiento<\/label><\/li><li class=\"choice-6 depth-1\"><input type=\"checkbox\" id=\"wpforms-280-field_6_6\" name=\"wpforms[fields][6][]\" value=\"Amabilidad\" aria-errormessage=\"wpforms-280-field_6_6-error\" required ><label class=\"wpforms-field-label-inline\" for=\"wpforms-280-field_6_6\">Amabilidad<\/label><\/li><li class=\"choice-8 depth-1\"><input type=\"checkbox\" id=\"wpforms-280-field_6_8\" name=\"wpforms[fields][6][]\" value=\"Cortes\u00eda\" aria-errormessage=\"wpforms-280-field_6_8-error\" required ><label class=\"wpforms-field-label-inline\" for=\"wpforms-280-field_6_8\">Cortes\u00eda<\/label><\/li><li class=\"choice-9 depth-1\"><input type=\"checkbox\" id=\"wpforms-280-field_6_9\" name=\"wpforms[fields][6][]\" value=\"Lenguaje inclusivo\" aria-errormessage=\"wpforms-280-field_6_9-error\" required ><label class=\"wpforms-field-label-inline\" for=\"wpforms-280-field_6_9\">Lenguaje inclusivo<\/label><\/li><li class=\"choice-10 depth-1\"><input type=\"checkbox\" id=\"wpforms-280-field_6_10\" name=\"wpforms[fields][6][]\" value=\"C\u00f3digo vestimenta\" aria-errormessage=\"wpforms-280-field_6_10-error\" required ><label class=\"wpforms-field-label-inline\" for=\"wpforms-280-field_6_10\">C\u00f3digo vestimenta<\/label><\/li><\/ul><\/fieldset><\/div><div id=\"wpforms-280-field_7-container\" class=\"wpforms-field wpforms-field-checkbox\" data-field-id=\"7\"><fieldset><legend class=\"wpforms-field-label\">4. Marca 5 caracter\u00edsticas de Tr\u00e1mites y Servicios <span class=\"wpforms-required-label\" aria-hidden=\"true\">*<\/span><\/legend><ul id=\"wpforms-280-field_7\" class=\"wpforms-field-required\"><li class=\"choice-1 depth-1\"><input type=\"checkbox\" id=\"wpforms-280-field_7_1\" name=\"wpforms[fields][7][]\" value=\"Excelencia\" aria-errormessage=\"wpforms-280-field_7_1-error\" required ><label class=\"wpforms-field-label-inline\" for=\"wpforms-280-field_7_1\">Excelencia<\/label><\/li><li class=\"choice-2 depth-1\"><input type=\"checkbox\" id=\"wpforms-280-field_7_2\" name=\"wpforms[fields][7][]\" value=\"Forma pronta\" aria-errormessage=\"wpforms-280-field_7_2-error\" required ><label class=\"wpforms-field-label-inline\" for=\"wpforms-280-field_7_2\">Forma pronta<\/label><\/li><li class=\"choice-3 depth-1\"><input type=\"checkbox\" id=\"wpforms-280-field_7_3\" name=\"wpforms[fields][7][]\" value=\"Diligente\" aria-errormessage=\"wpforms-280-field_7_3-error\" required ><label class=\"wpforms-field-label-inline\" for=\"wpforms-280-field_7_3\">Diligente<\/label><\/li><li class=\"choice-4 depth-1\"><input type=\"checkbox\" id=\"wpforms-280-field_7_4\" name=\"wpforms[fields][7][]\" value=\"Honrada\" aria-errormessage=\"wpforms-280-field_7_4-error\" required ><label class=\"wpforms-field-label-inline\" for=\"wpforms-280-field_7_4\">Honrada<\/label><\/li><li class=\"choice-5 depth-1\"><input type=\"checkbox\" id=\"wpforms-280-field_7_5\" name=\"wpforms[fields][7][]\" value=\"Confiable\" aria-errormessage=\"wpforms-280-field_7_5-error\" required ><label class=\"wpforms-field-label-inline\" for=\"wpforms-280-field_7_5\">Confiable<\/label><\/li><li class=\"choice-6 depth-1\"><input type=\"checkbox\" id=\"wpforms-280-field_7_6\" name=\"wpforms[fields][7][]\" value=\"Sin preferencias ni favoritismos\" aria-errormessage=\"wpforms-280-field_7_6-error\" required ><label class=\"wpforms-field-label-inline\" for=\"wpforms-280-field_7_6\">Sin preferencias ni favoritismos<\/label><\/li><li class=\"choice-7 depth-1\"><input type=\"checkbox\" id=\"wpforms-280-field_7_7\" name=\"wpforms[fields][7][]\" value=\"Apego a la legalidad\" aria-errormessage=\"wpforms-280-field_7_7-error\" required ><label class=\"wpforms-field-label-inline\" for=\"wpforms-280-field_7_7\">Apego a la legalidad<\/label><\/li><li class=\"choice-8 depth-1\"><input type=\"checkbox\" id=\"wpforms-280-field_7_8\" name=\"wpforms[fields][7][]\" value=\"Trato respetuoso\" aria-errormessage=\"wpforms-280-field_7_8-error\" required ><label class=\"wpforms-field-label-inline\" for=\"wpforms-280-field_7_8\">Trato respetuoso<\/label><\/li><li class=\"choice-9 depth-1\"><input type=\"checkbox\" id=\"wpforms-280-field_7_9\" name=\"wpforms[fields][7][]\" value=\"Trato cordial\" aria-errormessage=\"wpforms-280-field_7_9-error\" required ><label class=\"wpforms-field-label-inline\" for=\"wpforms-280-field_7_9\">Trato cordial<\/label><\/li><li class=\"choice-10 depth-1\"><input type=\"checkbox\" id=\"wpforms-280-field_7_10\" name=\"wpforms[fields][7][]\" value=\"Amable\" aria-errormessage=\"wpforms-280-field_7_10-error\" required ><label class=\"wpforms-field-label-inline\" for=\"wpforms-280-field_7_10\">Amable<\/label><\/li><li class=\"choice-11 depth-1\"><input type=\"checkbox\" id=\"wpforms-280-field_7_11\" name=\"wpforms[fields][7][]\" value=\"Flexible\" aria-errormessage=\"wpforms-280-field_7_11-error\" required ><label class=\"wpforms-field-label-inline\" for=\"wpforms-280-field_7_11\">Flexible<\/label><\/li><\/ul><\/fieldset><\/div><div id=\"wpforms-280-field_8-container\" class=\"wpforms-field wpforms-field-radio\" data-field-id=\"8\"><fieldset><legend class=\"wpforms-field-label\">5. Las personas servidoras p\u00fablicas deber\u00e1n realizar coordinadamente, con armon\u00eda y tolerancia, actividades conjuntas. <span class=\"wpforms-required-label\" aria-hidden=\"true\">*<\/span><\/legend><ul id=\"wpforms-280-field_8\" class=\"wpforms-field-required\"><li class=\"choice-1 depth-1\"><input type=\"radio\" id=\"wpforms-280-field_8_1\" name=\"wpforms[fields][8]\" value=\"Actitud de servicio\" aria-errormessage=\"wpforms-280-field_8_1-error\" aria-describedby=\"wpforms-280-field_8-description\" required ><label class=\"wpforms-field-label-inline\" for=\"wpforms-280-field_8_1\">Actitud de servicio<\/label><\/li><li class=\"choice-2 depth-1\"><input type=\"radio\" id=\"wpforms-280-field_8_2\" name=\"wpforms[fields][8]\" value=\"Trabajo en equipo\" aria-errormessage=\"wpforms-280-field_8_2-error\" aria-describedby=\"wpforms-280-field_8-description\" required ><label class=\"wpforms-field-label-inline\" for=\"wpforms-280-field_8_2\">Trabajo en equipo<\/label><\/li><li class=\"choice-3 depth-1\"><input type=\"radio\" id=\"wpforms-280-field_8_3\" name=\"wpforms[fields][8]\" value=\"Idoneidad\" aria-errormessage=\"wpforms-280-field_8_3-error\" aria-describedby=\"wpforms-280-field_8-description\" required ><label class=\"wpforms-field-label-inline\" for=\"wpforms-280-field_8_3\">Idoneidad<\/label><\/li><\/ul><div id=\"wpforms-280-field_8-description\" class=\"wpforms-field-description\">Elige la opci\u00f3n correcta<\/div><\/fieldset><\/div><div id=\"wpforms-280-field_9-container\" class=\"wpforms-field wpforms-field-radio\" data-field-id=\"9\"><fieldset><legend class=\"wpforms-field-label\">6. Las personas servidoras p\u00fablicas deber\u00e1n desarrollar las actividades que le sean encomendadas, atendiendo a su aptitud t\u00e9cnica, legal y moral para propiciar el adecuado ejercicio de la funci\u00f3n p\u00fablica. <span class=\"wpforms-required-label\" aria-hidden=\"true\">*<\/span><\/legend><ul id=\"wpforms-280-field_9\" class=\"wpforms-field-required\"><li class=\"choice-1 depth-1\"><input type=\"radio\" id=\"wpforms-280-field_9_1\" name=\"wpforms[fields][9]\" value=\"Actitud de servicio\" aria-errormessage=\"wpforms-280-field_9_1-error\" aria-describedby=\"wpforms-280-field_9-description\" required ><label class=\"wpforms-field-label-inline\" for=\"wpforms-280-field_9_1\">Actitud de servicio<\/label><\/li><li class=\"choice-2 depth-1\"><input type=\"radio\" id=\"wpforms-280-field_9_2\" name=\"wpforms[fields][9]\" value=\"Trabajo en equipo\" aria-errormessage=\"wpforms-280-field_9_2-error\" aria-describedby=\"wpforms-280-field_9-description\" required ><label class=\"wpforms-field-label-inline\" for=\"wpforms-280-field_9_2\">Trabajo en equipo<\/label><\/li><li class=\"choice-3 depth-1\"><input type=\"radio\" id=\"wpforms-280-field_9_3\" name=\"wpforms[fields][9]\" value=\"Idoneidad\" aria-errormessage=\"wpforms-280-field_9_3-error\" aria-describedby=\"wpforms-280-field_9-description\" required ><label class=\"wpforms-field-label-inline\" for=\"wpforms-280-field_9_3\">Idoneidad<\/label><\/li><\/ul><div id=\"wpforms-280-field_9-description\" class=\"wpforms-field-description\">Elige la opci\u00f3n correcta<\/div><\/fieldset><\/div><div id=\"wpforms-280-field_10-container\" class=\"wpforms-field wpforms-field-radio\" data-field-id=\"10\"><fieldset><legend class=\"wpforms-field-label\">7. Las personas servidoras p\u00fablicas deber\u00e1n desempe\u00f1ar con actitud positiva y esmero sus funciones. <span class=\"wpforms-required-label\" aria-hidden=\"true\">*<\/span><\/legend><ul id=\"wpforms-280-field_10\" class=\"wpforms-field-required\"><li class=\"choice-1 depth-1\"><input type=\"radio\" id=\"wpforms-280-field_10_1\" name=\"wpforms[fields][10]\" value=\"Actitud de servicio\" aria-errormessage=\"wpforms-280-field_10_1-error\" aria-describedby=\"wpforms-280-field_10-description\" required ><label class=\"wpforms-field-label-inline\" for=\"wpforms-280-field_10_1\">Actitud de servicio<\/label><\/li><li class=\"choice-2 depth-1\"><input type=\"radio\" id=\"wpforms-280-field_10_2\" name=\"wpforms[fields][10]\" value=\"Trabajo en equipo\" aria-errormessage=\"wpforms-280-field_10_2-error\" aria-describedby=\"wpforms-280-field_10-description\" required ><label class=\"wpforms-field-label-inline\" for=\"wpforms-280-field_10_2\">Trabajo en equipo<\/label><\/li><li class=\"choice-3 depth-1\"><input type=\"radio\" id=\"wpforms-280-field_10_3\" name=\"wpforms[fields][10]\" value=\"Idoneidad\" aria-errormessage=\"wpforms-280-field_10_3-error\" aria-describedby=\"wpforms-280-field_10-description\" required ><label class=\"wpforms-field-label-inline\" for=\"wpforms-280-field_10_3\">Idoneidad<\/label><\/li><\/ul><div id=\"wpforms-280-field_10-description\" class=\"wpforms-field-description\">Elige la opci\u00f3n correcta<\/div><\/fieldset><\/div><script>\n\t\t\t\t( function() {\n\t\t\t\t\tconst style = document.createElement( 'style' );\n\t\t\t\t\tstyle.appendChild( document.createTextNode( '#wpforms-280-field_11-container { position: absolute !important; overflow: hidden !important; display: inline !important; height: 1px !important; width: 1px !important; z-index: -1000 !important; padding: 0 !important; } #wpforms-280-field_11-container input { visibility: hidden; } #wpforms-conversational-form-page #wpforms-280-field_11-container label { counter-increment: none; }' ) );\n\t\t\t\t\tdocument.head.appendChild( style );\n\t\t\t\t\tdocument.currentScript?.remove();\n\t\t\t\t} )();\n\t\t\t<\/script><\/div><!-- .wpforms-field-container --><div class=\"wpforms-submit-container\" ><input type=\"hidden\" name=\"wpforms[id]\" value=\"280\"><input type=\"hidden\" name=\"page_title\" value=\"\"><input type=\"hidden\" name=\"page_url\" value=\"https:\/\/cuernavaca.gob.mx\/contraloria\/index.php?rest_route=\/wp\/v2\/pages\/274\"><input type=\"hidden\" name=\"url_referer\" value=\"\"><button type=\"submit\" name=\"wpforms[submit]\" id=\"wpforms-submit-280\" class=\"wpforms-submit\" data-alt-text=\"Enviando...\" data-submit-text=\"Enviar\" aria-live=\"assertive\" value=\"wpforms-submit\">Enviar<\/button><img loading=\"lazy\" decoding=\"async\" src=\"https:\/\/cuernavaca.gob.mx\/contraloria\/wp-content\/plugins\/wpforms-lite\/assets\/images\/submit-spin.svg\" class=\"wpforms-submit-spinner\" style=\"display: none;\" width=\"26\" height=\"26\" alt=\"Cargando\"><\/div><\/form><\/div>  <!-- .wpforms-container -->\n","protected":false},"excerpt":{"rendered":"<div class=\"mh-excerpt\"><\/div>","protected":false},"author":4,"featured_media":0,"parent":0,"menu_order":0,"comment_status":"closed","ping_status":"closed","template":"template-full.php","meta":{"footnotes":""},"class_list":["post-274","page","type-page","status-publish","hentry"],"jetpack_sharing_enabled":true,"_links":{"self":[{"href":"https:\/\/cuernavaca.gob.mx\/contraloria\/index.php?rest_route=\/wp\/v2\/pages\/274","targetHints":{"allow":["GET"]}}],"collection":[{"href":"https:\/\/cuernavaca.gob.mx\/contraloria\/index.php?rest_route=\/wp\/v2\/pages"}],"about":[{"href":"https:\/\/cuernavaca.gob.mx\/contraloria\/index.php?rest_route=\/wp\/v2\/types\/page"}],"author":[{"embeddable":true,"href":"https:\/\/cuernavaca.gob.mx\/contraloria\/index.php?rest_route=\/wp\/v2\/users\/4"}],"replies":[{"embeddable":true,"href":"https:\/\/cuernavaca.gob.mx\/contraloria\/index.php?rest_route=%2Fwp%2Fv2%2Fcomments&post=274"}],"version-history":[{"count":2,"href":"https:\/\/cuernavaca.gob.mx\/contraloria\/index.php?rest_route=\/wp\/v2\/pages\/274\/revisions"}],"predecessor-version":[{"id":290,"href":"https:\/\/cuernavaca.gob.mx\/contraloria\/index.php?rest_route=\/wp\/v2\/pages\/274\/revisions\/290"}],"wp:attachment":[{"href":"https:\/\/cuernavaca.gob.mx\/contraloria\/index.php?rest_route=%2Fwp%2Fv2%2Fmedia&parent=274"}],"curies":[{"name":"wp","href":"https:\/\/api.w.org\/{rel}","templated":true}]}}