{"id":53,"date":"2019-09-24T16:19:10","date_gmt":"2019-09-24T14:19:10","guid":{"rendered":"http:\/\/cuernavaca.gob.mx\/contraloria\/?page_id=53"},"modified":"2026-03-31T18:31:38","modified_gmt":"2026-03-31T16:31:38","slug":"direccion-general-de-auditoria","status":"publish","type":"page","link":"https:\/\/cuernavaca.gob.mx\/contraloria\/?page_id=53","title":{"rendered":"Direcci\u00f3n de Auditoria Interna"},"content":{"rendered":"\n<p><\/p>\n\n\n\n<p>Con el\nprop\u00f3sito de transparentar la rendici\u00f3n de cuentas y evitar actos de\ncorrupci\u00f3n, se encuentra facultada para llevar a cabo los actos de\nfiscalizaci\u00f3n y acciones de prevenci\u00f3n, necesarias para inspeccionar, vigilar y\nfiscalizar los recursos humanos, materiales y financieros, que por cualquier\nt\u00edtulo legal tenga en administraci\u00f3n, ejerza, detente o posea la Administraci\u00f3n\nP\u00fablica Municipal, por conducto de sus Secretar\u00edas, Dependencias y Organismos\ndescentralizados&nbsp; del sector\nparamunicipal, sean de origen federal, estatal o del propio Municipio,; as\u00ed\ncomo mejorar los procedimientos de control interno con el fin de asegurar las\npol\u00edticas y prioridades eficaces de \u00e9tica p\u00fablica y responsabilidad en el\nservicio p\u00fablico.<\/p>\n\n\n\n<p><strong>ACTOS DE FISCALIZACI\u00d3N<\/strong><\/p>\n\n\n\n<p>La fiscalizaci\u00f3n procura que el ejercicio de los recursos p\u00fablicos resulte eficiente y con transparencia para el cumplimiento eficaz de los programas, proyectos o acciones del plan de desarrollo municipal. Asimismo, la fiscalizaci\u00f3n permite mejorar la prevenci\u00f3n, vigilancia, control y evaluaci\u00f3n de los recursos humanos, materiales y financieros, con la finalidad que sean administrados y ejercidos de forma adecuada, por lo que la Contralor\u00eda Municipal a trav\u00e9s de la Direcci\u00f3n de Auditor\u00eda Interna, y a fin de dar cumplimiento al Programa Anual de Fiscalizaci\u00f3n 2026, durante el primer semestre del 2026 realiz\u00f3 el inicio de 05 auditor\u00edas al ejercicio fiscal 2025 en:<\/p>\n\n\n\n<ul class=\"wp-block-list\">\n<li>Secretar\u00eda de Desarrollo Urbano y Obras P\u00fablicas (Direcci\u00f3n General de Desarrollo Urbano<\/li>\n\n\n\n<li>Secretar\u00eda de Administraci\u00f3n (Direcci\u00f3n General de Recursos Humanos)<\/li>\n\n\n\n<li>Secretar\u00eda de Desarrollo Econ\u00f3mico y Turismo (Direcci\u00f3n Administrativa)<\/li>\n\n\n\n<li>Secretar\u00eda de Desarrollo Humano y Participaci\u00f3n Social (Programa de Becas de vulnerabilidad, excelencia, deportivas y art\u00edsticas y de Apoyo Social de entrega de Tinacos)<\/li>\n<\/ul>\n\n\n\n<figure class=\"wp-block-gallery has-nested-images columns-2 is-cropped wp-block-gallery-1 is-layout-flex wp-block-gallery-is-layout-flex\">\n<figure class=\"wp-block-image size-full\"><img loading=\"lazy\" decoding=\"async\" width=\"628\" height=\"385\" data-attachment-id=\"310\" data-permalink=\"https:\/\/cuernavaca.gob.mx\/contraloria\/?attachment_id=310\" data-orig-file=\"https:\/\/cuernavaca.gob.mx\/contraloria\/wp-content\/uploads\/2026\/03\/Imagen1.jpg\" data-orig-size=\"628,385\" data-comments-opened=\"1\" data-image-meta=\"{&quot;aperture&quot;:&quot;0&quot;,&quot;credit&quot;:&quot;&quot;,&quot;camera&quot;:&quot;&quot;,&quot;caption&quot;:&quot;&quot;,&quot;created_timestamp&quot;:&quot;0&quot;,&quot;copyright&quot;:&quot;&quot;,&quot;focal_length&quot;:&quot;0&quot;,&quot;iso&quot;:&quot;0&quot;,&quot;shutter_speed&quot;:&quot;0&quot;,&quot;title&quot;:&quot;&quot;,&quot;orientation&quot;:&quot;0&quot;}\" data-image-title=\"Imagen1\" data-image-description=\"\" data-image-caption=\"\" data-medium-file=\"https:\/\/cuernavaca.gob.mx\/contraloria\/wp-content\/uploads\/2026\/03\/Imagen1-300x184.jpg\" data-large-file=\"https:\/\/cuernavaca.gob.mx\/contraloria\/wp-content\/uploads\/2026\/03\/Imagen1.jpg\" data-id=\"310\" src=\"https:\/\/cuernavaca.gob.mx\/contraloria\/wp-content\/uploads\/2026\/03\/Imagen1.jpg\" alt=\"\" class=\"wp-image-310\" srcset=\"https:\/\/cuernavaca.gob.mx\/contraloria\/wp-content\/uploads\/2026\/03\/Imagen1.jpg 628w, https:\/\/cuernavaca.gob.mx\/contraloria\/wp-content\/uploads\/2026\/03\/Imagen1-300x184.jpg 300w\" sizes=\"auto, (max-width: 628px) 100vw, 628px\" \/><\/figure>\n\n\n\n<figure class=\"wp-block-image size-full\"><img loading=\"lazy\" decoding=\"async\" width=\"542\" height=\"362\" data-attachment-id=\"311\" data-permalink=\"https:\/\/cuernavaca.gob.mx\/contraloria\/?attachment_id=311\" data-orig-file=\"https:\/\/cuernavaca.gob.mx\/contraloria\/wp-content\/uploads\/2026\/03\/Imagen2.jpg\" data-orig-size=\"542,362\" data-comments-opened=\"1\" data-image-meta=\"{&quot;aperture&quot;:&quot;0&quot;,&quot;credit&quot;:&quot;&quot;,&quot;camera&quot;:&quot;&quot;,&quot;caption&quot;:&quot;&quot;,&quot;created_timestamp&quot;:&quot;0&quot;,&quot;copyright&quot;:&quot;&quot;,&quot;focal_length&quot;:&quot;0&quot;,&quot;iso&quot;:&quot;0&quot;,&quot;shutter_speed&quot;:&quot;0&quot;,&quot;title&quot;:&quot;&quot;,&quot;orientation&quot;:&quot;0&quot;}\" data-image-title=\"Imagen2\" data-image-description=\"\" data-image-caption=\"\" data-medium-file=\"https:\/\/cuernavaca.gob.mx\/contraloria\/wp-content\/uploads\/2026\/03\/Imagen2-300x200.jpg\" data-large-file=\"https:\/\/cuernavaca.gob.mx\/contraloria\/wp-content\/uploads\/2026\/03\/Imagen2.jpg\" data-id=\"311\" src=\"https:\/\/cuernavaca.gob.mx\/contraloria\/wp-content\/uploads\/2026\/03\/Imagen2.jpg\" alt=\"\" class=\"wp-image-311\" srcset=\"https:\/\/cuernavaca.gob.mx\/contraloria\/wp-content\/uploads\/2026\/03\/Imagen2.jpg 542w, https:\/\/cuernavaca.gob.mx\/contraloria\/wp-content\/uploads\/2026\/03\/Imagen2-300x200.jpg 300w\" sizes=\"auto, (max-width: 542px) 100vw, 542px\" \/><\/figure>\n<\/figure>\n\n\n\n<figure class=\"wp-block-gallery has-nested-images columns-4 is-cropped wp-block-gallery-2 is-layout-flex wp-block-gallery-is-layout-flex\">\n<figure class=\"wp-block-image size-full\"><img loading=\"lazy\" decoding=\"async\" width=\"300\" height=\"421\" data-attachment-id=\"318\" data-permalink=\"https:\/\/cuernavaca.gob.mx\/contraloria\/?attachment_id=318\" data-orig-file=\"https:\/\/cuernavaca.gob.mx\/contraloria\/wp-content\/uploads\/2026\/03\/Imagen3-1.jpg\" data-orig-size=\"300,421\" data-comments-opened=\"1\" data-image-meta=\"{&quot;aperture&quot;:&quot;0&quot;,&quot;credit&quot;:&quot;&quot;,&quot;camera&quot;:&quot;&quot;,&quot;caption&quot;:&quot;&quot;,&quot;created_timestamp&quot;:&quot;0&quot;,&quot;copyright&quot;:&quot;&quot;,&quot;focal_length&quot;:&quot;0&quot;,&quot;iso&quot;:&quot;0&quot;,&quot;shutter_speed&quot;:&quot;0&quot;,&quot;title&quot;:&quot;&quot;,&quot;orientation&quot;:&quot;0&quot;}\" data-image-title=\"Imagen3\" data-image-description=\"\" data-image-caption=\"\" data-medium-file=\"https:\/\/cuernavaca.gob.mx\/contraloria\/wp-content\/uploads\/2026\/03\/Imagen3-1-214x300.jpg\" data-large-file=\"https:\/\/cuernavaca.gob.mx\/contraloria\/wp-content\/uploads\/2026\/03\/Imagen3-1.jpg\" data-id=\"318\" src=\"https:\/\/cuernavaca.gob.mx\/contraloria\/wp-content\/uploads\/2026\/03\/Imagen3-1.jpg\" alt=\"\" class=\"wp-image-318\" srcset=\"https:\/\/cuernavaca.gob.mx\/contraloria\/wp-content\/uploads\/2026\/03\/Imagen3-1.jpg 300w, https:\/\/cuernavaca.gob.mx\/contraloria\/wp-content\/uploads\/2026\/03\/Imagen3-1-214x300.jpg 214w\" sizes=\"auto, (max-width: 300px) 100vw, 300px\" \/><\/figure>\n\n\n\n<figure class=\"wp-block-image size-full\"><img loading=\"lazy\" decoding=\"async\" width=\"258\" height=\"408\" data-attachment-id=\"319\" data-permalink=\"https:\/\/cuernavaca.gob.mx\/contraloria\/?attachment_id=319\" data-orig-file=\"https:\/\/cuernavaca.gob.mx\/contraloria\/wp-content\/uploads\/2026\/03\/Imagen4-1.jpg\" data-orig-size=\"258,408\" data-comments-opened=\"1\" data-image-meta=\"{&quot;aperture&quot;:&quot;0&quot;,&quot;credit&quot;:&quot;&quot;,&quot;camera&quot;:&quot;&quot;,&quot;caption&quot;:&quot;&quot;,&quot;created_timestamp&quot;:&quot;0&quot;,&quot;copyright&quot;:&quot;&quot;,&quot;focal_length&quot;:&quot;0&quot;,&quot;iso&quot;:&quot;0&quot;,&quot;shutter_speed&quot;:&quot;0&quot;,&quot;title&quot;:&quot;&quot;,&quot;orientation&quot;:&quot;0&quot;}\" data-image-title=\"Imagen4\" data-image-description=\"\" data-image-caption=\"\" data-medium-file=\"https:\/\/cuernavaca.gob.mx\/contraloria\/wp-content\/uploads\/2026\/03\/Imagen4-1-190x300.jpg\" data-large-file=\"https:\/\/cuernavaca.gob.mx\/contraloria\/wp-content\/uploads\/2026\/03\/Imagen4-1.jpg\" data-id=\"319\" src=\"https:\/\/cuernavaca.gob.mx\/contraloria\/wp-content\/uploads\/2026\/03\/Imagen4-1.jpg\" alt=\"\" class=\"wp-image-319\" srcset=\"https:\/\/cuernavaca.gob.mx\/contraloria\/wp-content\/uploads\/2026\/03\/Imagen4-1.jpg 258w, https:\/\/cuernavaca.gob.mx\/contraloria\/wp-content\/uploads\/2026\/03\/Imagen4-1-190x300.jpg 190w\" sizes=\"auto, (max-width: 258px) 100vw, 258px\" \/><\/figure>\n\n\n\n<figure class=\"wp-block-image size-full\"><img loading=\"lazy\" decoding=\"async\" width=\"322\" height=\"411\" data-attachment-id=\"320\" data-permalink=\"https:\/\/cuernavaca.gob.mx\/contraloria\/?attachment_id=320\" data-orig-file=\"https:\/\/cuernavaca.gob.mx\/contraloria\/wp-content\/uploads\/2026\/03\/Imagen5-1.jpg\" data-orig-size=\"322,411\" data-comments-opened=\"1\" data-image-meta=\"{&quot;aperture&quot;:&quot;0&quot;,&quot;credit&quot;:&quot;&quot;,&quot;camera&quot;:&quot;&quot;,&quot;caption&quot;:&quot;&quot;,&quot;created_timestamp&quot;:&quot;0&quot;,&quot;copyright&quot;:&quot;&quot;,&quot;focal_length&quot;:&quot;0&quot;,&quot;iso&quot;:&quot;0&quot;,&quot;shutter_speed&quot;:&quot;0&quot;,&quot;title&quot;:&quot;&quot;,&quot;orientation&quot;:&quot;0&quot;}\" data-image-title=\"Imagen5\" data-image-description=\"\" data-image-caption=\"\" data-medium-file=\"https:\/\/cuernavaca.gob.mx\/contraloria\/wp-content\/uploads\/2026\/03\/Imagen5-1-235x300.jpg\" data-large-file=\"https:\/\/cuernavaca.gob.mx\/contraloria\/wp-content\/uploads\/2026\/03\/Imagen5-1.jpg\" data-id=\"320\" src=\"https:\/\/cuernavaca.gob.mx\/contraloria\/wp-content\/uploads\/2026\/03\/Imagen5-1.jpg\" alt=\"\" class=\"wp-image-320\" srcset=\"https:\/\/cuernavaca.gob.mx\/contraloria\/wp-content\/uploads\/2026\/03\/Imagen5-1.jpg 322w, https:\/\/cuernavaca.gob.mx\/contraloria\/wp-content\/uploads\/2026\/03\/Imagen5-1-235x300.jpg 235w\" sizes=\"auto, (max-width: 322px) 100vw, 322px\" \/><\/figure>\n\n\n\n<figure class=\"wp-block-image size-full\"><img loading=\"lazy\" decoding=\"async\" width=\"267\" height=\"408\" data-attachment-id=\"321\" data-permalink=\"https:\/\/cuernavaca.gob.mx\/contraloria\/?attachment_id=321\" data-orig-file=\"https:\/\/cuernavaca.gob.mx\/contraloria\/wp-content\/uploads\/2026\/03\/Imagen6-1.jpg\" data-orig-size=\"267,408\" data-comments-opened=\"1\" data-image-meta=\"{&quot;aperture&quot;:&quot;0&quot;,&quot;credit&quot;:&quot;&quot;,&quot;camera&quot;:&quot;&quot;,&quot;caption&quot;:&quot;&quot;,&quot;created_timestamp&quot;:&quot;0&quot;,&quot;copyright&quot;:&quot;&quot;,&quot;focal_length&quot;:&quot;0&quot;,&quot;iso&quot;:&quot;0&quot;,&quot;shutter_speed&quot;:&quot;0&quot;,&quot;title&quot;:&quot;&quot;,&quot;orientation&quot;:&quot;0&quot;}\" data-image-title=\"Imagen6\" data-image-description=\"\" data-image-caption=\"\" data-medium-file=\"https:\/\/cuernavaca.gob.mx\/contraloria\/wp-content\/uploads\/2026\/03\/Imagen6-1-196x300.jpg\" data-large-file=\"https:\/\/cuernavaca.gob.mx\/contraloria\/wp-content\/uploads\/2026\/03\/Imagen6-1.jpg\" data-id=\"321\" src=\"https:\/\/cuernavaca.gob.mx\/contraloria\/wp-content\/uploads\/2026\/03\/Imagen6-1.jpg\" alt=\"\" class=\"wp-image-321\" srcset=\"https:\/\/cuernavaca.gob.mx\/contraloria\/wp-content\/uploads\/2026\/03\/Imagen6-1.jpg 267w, https:\/\/cuernavaca.gob.mx\/contraloria\/wp-content\/uploads\/2026\/03\/Imagen6-1-196x300.jpg 196w\" sizes=\"auto, (max-width: 267px) 100vw, 267px\" \/><\/figure>\n<\/figure>\n\n\n\n<figure class=\"wp-block-gallery has-nested-images columns-2 is-cropped wp-block-gallery-3 is-layout-flex wp-block-gallery-is-layout-flex\">\n<figure class=\"wp-block-image size-full\"><img loading=\"lazy\" decoding=\"async\" width=\"261\" height=\"141\" data-attachment-id=\"315\" data-permalink=\"https:\/\/cuernavaca.gob.mx\/contraloria\/?attachment_id=315\" data-orig-file=\"https:\/\/cuernavaca.gob.mx\/contraloria\/wp-content\/uploads\/2026\/03\/Imagen7.jpg\" data-orig-size=\"261,141\" data-comments-opened=\"1\" data-image-meta=\"{&quot;aperture&quot;:&quot;0&quot;,&quot;credit&quot;:&quot;&quot;,&quot;camera&quot;:&quot;&quot;,&quot;caption&quot;:&quot;&quot;,&quot;created_timestamp&quot;:&quot;0&quot;,&quot;copyright&quot;:&quot;&quot;,&quot;focal_length&quot;:&quot;0&quot;,&quot;iso&quot;:&quot;0&quot;,&quot;shutter_speed&quot;:&quot;0&quot;,&quot;title&quot;:&quot;&quot;,&quot;orientation&quot;:&quot;0&quot;}\" data-image-title=\"Imagen7\" data-image-description=\"\" data-image-caption=\"\" data-medium-file=\"https:\/\/cuernavaca.gob.mx\/contraloria\/wp-content\/uploads\/2026\/03\/Imagen7.jpg\" data-large-file=\"https:\/\/cuernavaca.gob.mx\/contraloria\/wp-content\/uploads\/2026\/03\/Imagen7.jpg\" data-id=\"315\" src=\"https:\/\/cuernavaca.gob.mx\/contraloria\/wp-content\/uploads\/2026\/03\/Imagen7.jpg\" alt=\"\" class=\"wp-image-315\"\/><\/figure>\n\n\n\n<figure class=\"wp-block-image size-full\"><img loading=\"lazy\" decoding=\"async\" width=\"578\" height=\"330\" data-attachment-id=\"317\" data-permalink=\"https:\/\/cuernavaca.gob.mx\/contraloria\/?attachment_id=317\" data-orig-file=\"https:\/\/cuernavaca.gob.mx\/contraloria\/wp-content\/uploads\/2026\/03\/Imagen8.jpg\" data-orig-size=\"578,330\" data-comments-opened=\"1\" data-image-meta=\"{&quot;aperture&quot;:&quot;0&quot;,&quot;credit&quot;:&quot;&quot;,&quot;camera&quot;:&quot;&quot;,&quot;caption&quot;:&quot;&quot;,&quot;created_timestamp&quot;:&quot;0&quot;,&quot;copyright&quot;:&quot;&quot;,&quot;focal_length&quot;:&quot;0&quot;,&quot;iso&quot;:&quot;0&quot;,&quot;shutter_speed&quot;:&quot;0&quot;,&quot;title&quot;:&quot;&quot;,&quot;orientation&quot;:&quot;0&quot;}\" data-image-title=\"Imagen8\" data-image-description=\"\" data-image-caption=\"\" data-medium-file=\"https:\/\/cuernavaca.gob.mx\/contraloria\/wp-content\/uploads\/2026\/03\/Imagen8-300x171.jpg\" data-large-file=\"https:\/\/cuernavaca.gob.mx\/contraloria\/wp-content\/uploads\/2026\/03\/Imagen8.jpg\" data-id=\"317\" src=\"https:\/\/cuernavaca.gob.mx\/contraloria\/wp-content\/uploads\/2026\/03\/Imagen8.jpg\" alt=\"\" class=\"wp-image-317\" srcset=\"https:\/\/cuernavaca.gob.mx\/contraloria\/wp-content\/uploads\/2026\/03\/Imagen8.jpg 578w, https:\/\/cuernavaca.gob.mx\/contraloria\/wp-content\/uploads\/2026\/03\/Imagen8-300x171.jpg 300w\" sizes=\"auto, (max-width: 578px) 100vw, 578px\" \/><\/figure>\n<\/figure>\n\n\n\n<p><strong><u>Acciones de Prevenci\u00f3n:<\/u><\/strong><\/p>\n\n\n\n<p>A fin de detectar y prevenir posibles actos de corrupci\u00f3n, se realiza la apertura de los 15 <strong>Buzones de Quejas Ciudadanas <\/strong>de manera quincenal, remitiendo a las \u00e1reas recomendaciones preventivas a fin de que sean atendidas las peticiones de la ciudadan\u00eda, siendo los siguientes:<\/p>\n\n\n\n<figure class=\"wp-block-table\"><table><tbody><tr><td><strong>#<\/strong><\/td><td><strong>UBICACI\u00d3N DE BUZ\u00d3N CIUDADANO<\/strong><\/td><\/tr><tr><td>1<\/td><td>Oficial\u00eda del Registro Civil 03 (Parque Alameda)<\/td><\/tr><tr><td>2<\/td><td>Secretar\u00eda de Protecci\u00f3n y Auxilio Ciudadano<\/td><\/tr><tr><td>3<\/td><td>Instituto de la Mujer (Parque Tlaltenango)<\/td><\/tr><tr><td>4<\/td><td>Juzgado C\u00edvico (Colonia Sat\u00e9lite)<\/td><\/tr><tr><td>5<\/td><td>Pante\u00f3n La Paz (Colonia Chipitl\u00e1n)<\/td><\/tr><tr><td>6<\/td><td>Mercado Adolfo L\u00f3pez Mateos ALM<\/td><\/tr><tr><td>7<\/td><td>Pante\u00f3n La Leona (Colonia Carolina)<\/td><\/tr><tr><td>8<\/td><td>Secretar\u00eda de Obras P\u00fablicas<\/td><\/tr><tr><td>9<\/td><td>Oficial\u00eda del Registro Civil 01 (Papagayo)<\/td><\/tr><tr><td>10<\/td><td>Edificio Papagayo<\/td><\/tr><tr><td>11<\/td><td>Direcci\u00f3n General de Predial y Catastro<\/td><\/tr><tr><td>12<\/td><td>Recaudaci\u00f3n (Oficial\u00eda de Partes de Contralor\u00eda Municipal)<\/td><\/tr><tr><td>13<\/td><td>Departamento de Control de Infracciones<\/td><\/tr><tr><td>14<\/td><td>Secretar\u00eda de Desarrollo Sustentable y Servicios P\u00fablicos (Parque alameda)<\/td><\/tr><tr><td>15<\/td><td>Coordinaci\u00f3n de Protecci\u00f3n Civil de Cuernavaca<\/td><\/tr><\/tbody><\/table><\/figure>\n\n\n\n<figure class=\"wp-block-gallery has-nested-images columns-3 wp-block-gallery-4 is-layout-flex wp-block-gallery-is-layout-flex\">\n<figure class=\"wp-block-image size-full\"><img loading=\"lazy\" decoding=\"async\" width=\"436\" height=\"385\" data-attachment-id=\"325\" data-permalink=\"https:\/\/cuernavaca.gob.mx\/contraloria\/?attachment_id=325\" data-orig-file=\"https:\/\/cuernavaca.gob.mx\/contraloria\/wp-content\/uploads\/2026\/03\/Imagen9.jpg\" data-orig-size=\"436,385\" data-comments-opened=\"1\" data-image-meta=\"{&quot;aperture&quot;:&quot;0&quot;,&quot;credit&quot;:&quot;&quot;,&quot;camera&quot;:&quot;&quot;,&quot;caption&quot;:&quot;&quot;,&quot;created_timestamp&quot;:&quot;0&quot;,&quot;copyright&quot;:&quot;&quot;,&quot;focal_length&quot;:&quot;0&quot;,&quot;iso&quot;:&quot;0&quot;,&quot;shutter_speed&quot;:&quot;0&quot;,&quot;title&quot;:&quot;&quot;,&quot;orientation&quot;:&quot;0&quot;}\" data-image-title=\"Imagen9\" data-image-description=\"\" data-image-caption=\"\" data-medium-file=\"https:\/\/cuernavaca.gob.mx\/contraloria\/wp-content\/uploads\/2026\/03\/Imagen9-300x265.jpg\" data-large-file=\"https:\/\/cuernavaca.gob.mx\/contraloria\/wp-content\/uploads\/2026\/03\/Imagen9.jpg\" data-id=\"325\" src=\"https:\/\/cuernavaca.gob.mx\/contraloria\/wp-content\/uploads\/2026\/03\/Imagen9.jpg\" alt=\"\" class=\"wp-image-325\" srcset=\"https:\/\/cuernavaca.gob.mx\/contraloria\/wp-content\/uploads\/2026\/03\/Imagen9.jpg 436w, https:\/\/cuernavaca.gob.mx\/contraloria\/wp-content\/uploads\/2026\/03\/Imagen9-300x265.jpg 300w\" sizes=\"auto, (max-width: 436px) 100vw, 436px\" \/><\/figure>\n\n\n\n<figure class=\"wp-block-image size-full\"><img loading=\"lazy\" decoding=\"async\" width=\"252\" height=\"432\" data-attachment-id=\"326\" data-permalink=\"https:\/\/cuernavaca.gob.mx\/contraloria\/?attachment_id=326\" data-orig-file=\"https:\/\/cuernavaca.gob.mx\/contraloria\/wp-content\/uploads\/2026\/03\/Imagen10.jpg\" data-orig-size=\"252,432\" data-comments-opened=\"1\" data-image-meta=\"{&quot;aperture&quot;:&quot;0&quot;,&quot;credit&quot;:&quot;&quot;,&quot;camera&quot;:&quot;&quot;,&quot;caption&quot;:&quot;&quot;,&quot;created_timestamp&quot;:&quot;0&quot;,&quot;copyright&quot;:&quot;&quot;,&quot;focal_length&quot;:&quot;0&quot;,&quot;iso&quot;:&quot;0&quot;,&quot;shutter_speed&quot;:&quot;0&quot;,&quot;title&quot;:&quot;&quot;,&quot;orientation&quot;:&quot;0&quot;}\" data-image-title=\"Imagen10\" data-image-description=\"\" data-image-caption=\"\" data-medium-file=\"https:\/\/cuernavaca.gob.mx\/contraloria\/wp-content\/uploads\/2026\/03\/Imagen10-175x300.jpg\" data-large-file=\"https:\/\/cuernavaca.gob.mx\/contraloria\/wp-content\/uploads\/2026\/03\/Imagen10.jpg\" data-id=\"326\" src=\"https:\/\/cuernavaca.gob.mx\/contraloria\/wp-content\/uploads\/2026\/03\/Imagen10.jpg\" alt=\"\" class=\"wp-image-326\" srcset=\"https:\/\/cuernavaca.gob.mx\/contraloria\/wp-content\/uploads\/2026\/03\/Imagen10.jpg 252w, https:\/\/cuernavaca.gob.mx\/contraloria\/wp-content\/uploads\/2026\/03\/Imagen10-175x300.jpg 175w\" sizes=\"auto, (max-width: 252px) 100vw, 252px\" \/><\/figure>\n\n\n\n<figure class=\"wp-block-image size-full\"><img loading=\"lazy\" decoding=\"async\" width=\"412\" height=\"317\" data-attachment-id=\"327\" data-permalink=\"https:\/\/cuernavaca.gob.mx\/contraloria\/?attachment_id=327\" data-orig-file=\"https:\/\/cuernavaca.gob.mx\/contraloria\/wp-content\/uploads\/2026\/03\/Imagen11.jpg\" data-orig-size=\"412,317\" data-comments-opened=\"1\" data-image-meta=\"{&quot;aperture&quot;:&quot;0&quot;,&quot;credit&quot;:&quot;&quot;,&quot;camera&quot;:&quot;&quot;,&quot;caption&quot;:&quot;&quot;,&quot;created_timestamp&quot;:&quot;0&quot;,&quot;copyright&quot;:&quot;&quot;,&quot;focal_length&quot;:&quot;0&quot;,&quot;iso&quot;:&quot;0&quot;,&quot;shutter_speed&quot;:&quot;0&quot;,&quot;title&quot;:&quot;&quot;,&quot;orientation&quot;:&quot;0&quot;}\" data-image-title=\"Imagen11\" data-image-description=\"\" data-image-caption=\"\" data-medium-file=\"https:\/\/cuernavaca.gob.mx\/contraloria\/wp-content\/uploads\/2026\/03\/Imagen11-300x231.jpg\" data-large-file=\"https:\/\/cuernavaca.gob.mx\/contraloria\/wp-content\/uploads\/2026\/03\/Imagen11.jpg\" data-id=\"327\" src=\"https:\/\/cuernavaca.gob.mx\/contraloria\/wp-content\/uploads\/2026\/03\/Imagen11.jpg\" alt=\"\" class=\"wp-image-327\" srcset=\"https:\/\/cuernavaca.gob.mx\/contraloria\/wp-content\/uploads\/2026\/03\/Imagen11.jpg 412w, https:\/\/cuernavaca.gob.mx\/contraloria\/wp-content\/uploads\/2026\/03\/Imagen11-300x231.jpg 300w\" sizes=\"auto, (max-width: 412px) 100vw, 412px\" \/><\/figure>\n<\/figure>\n","protected":false},"excerpt":{"rendered":"<div class=\"mh-excerpt\"><p>Con el prop\u00f3sito de transparentar la rendici\u00f3n de cuentas y evitar actos de corrupci\u00f3n, se encuentra facultada para llevar a cabo los actos de fiscalizaci\u00f3n <a class=\"mh-excerpt-more\" href=\"https:\/\/cuernavaca.gob.mx\/contraloria\/?page_id=53\" title=\"Direcci\u00f3n de Auditoria Interna\">[&#8230;]<\/a><\/p>\n<\/div>","protected":false},"author":1,"featured_media":0,"parent":0,"menu_order":0,"comment_status":"closed","ping_status":"closed","template":"","meta":{"footnotes":""},"class_list":["post-53","page","type-page","status-publish","hentry"],"jetpack_sharing_enabled":true,"_links":{"self":[{"href":"https:\/\/cuernavaca.gob.mx\/contraloria\/index.php?rest_route=\/wp\/v2\/pages\/53","targetHints":{"allow":["GET"]}}],"collection":[{"href":"https:\/\/cuernavaca.gob.mx\/contraloria\/index.php?rest_route=\/wp\/v2\/pages"}],"about":[{"href":"https:\/\/cuernavaca.gob.mx\/contraloria\/index.php?rest_route=\/wp\/v2\/types\/page"}],"author":[{"embeddable":true,"href":"https:\/\/cuernavaca.gob.mx\/contraloria\/index.php?rest_route=\/wp\/v2\/users\/1"}],"replies":[{"embeddable":true,"href":"https:\/\/cuernavaca.gob.mx\/contraloria\/index.php?rest_route=%2Fwp%2Fv2%2Fcomments&post=53"}],"version-history":[{"count":5,"href":"https:\/\/cuernavaca.gob.mx\/contraloria\/index.php?rest_route=\/wp\/v2\/pages\/53\/revisions"}],"predecessor-version":[{"id":329,"href":"https:\/\/cuernavaca.gob.mx\/contraloria\/index.php?rest_route=\/wp\/v2\/pages\/53\/revisions\/329"}],"wp:attachment":[{"href":"https:\/\/cuernavaca.gob.mx\/contraloria\/index.php?rest_route=%2Fwp%2Fv2%2Fmedia&parent=53"}],"curies":[{"name":"wp","href":"https:\/\/api.w.org\/{rel}","templated":true}]}}