{"id":57,"date":"2019-09-24T16:20:15","date_gmt":"2019-09-24T14:20:15","guid":{"rendered":"http:\/\/cuernavaca.gob.mx\/contraloria\/?page_id=57"},"modified":"2019-09-24T16:20:15","modified_gmt":"2019-09-24T14:20:15","slug":"direccion-general-de-mejora-e-innovacion-administrativa","status":"publish","type":"page","link":"https:\/\/cuernavaca.gob.mx\/contraloria\/?page_id=57","title":{"rendered":"Direcci\u00f3n General de Mejora e Innovaci\u00f3n Administrativa."},"content":{"rendered":"\n<p>Es la encargada de la\nrevisi\u00f3n, control y supervisi\u00f3n,&nbsp; en el\nejercicio de las \u00e1reas y la aplicaci\u00f3n de m\u00e9todos de innovaci\u00f3n y mejora de la\ngesti\u00f3n en la administraci\u00f3n del municipio de Cuernavaca, logrando procesos\neficientes, simples y novedosos que promueven la rendici\u00f3n de cuentas en el\ndesarrollo administrativo, implementando, ejecutando y dando seguimiento a los\nprocesos estructurados, en las distintas \u00e1reas de municipio de Cuernavaca para\ngarantizar un gobierno m\u00e1s eficiente, impulsando acciones de simplificaci\u00f3n,\nmodernizaci\u00f3n e innovaci\u00f3n que permitan promover mejores pr\u00e1cticas\nadministrativas que potencialicen el quehacer gubernamental.<\/p>\n","protected":false},"excerpt":{"rendered":"<div class=\"mh-excerpt\"><p>Es la encargada de la revisi\u00f3n, control y supervisi\u00f3n,&nbsp; en el ejercicio de las \u00e1reas y la aplicaci\u00f3n de m\u00e9todos de innovaci\u00f3n y mejora de <a class=\"mh-excerpt-more\" href=\"https:\/\/cuernavaca.gob.mx\/contraloria\/?page_id=57\" title=\"Direcci\u00f3n General de Mejora e Innovaci\u00f3n Administrativa.\">[&#8230;]<\/a><\/p>\n<\/div>","protected":false},"author":1,"featured_media":0,"parent":0,"menu_order":0,"comment_status":"closed","ping_status":"closed","template":"","meta":{"footnotes":""},"class_list":["post-57","page","type-page","status-publish","hentry"],"jetpack_sharing_enabled":true,"_links":{"self":[{"href":"https:\/\/cuernavaca.gob.mx\/contraloria\/index.php?rest_route=\/wp\/v2\/pages\/57","targetHints":{"allow":["GET"]}}],"collection":[{"href":"https:\/\/cuernavaca.gob.mx\/contraloria\/index.php?rest_route=\/wp\/v2\/pages"}],"about":[{"href":"https:\/\/cuernavaca.gob.mx\/contraloria\/index.php?rest_route=\/wp\/v2\/types\/page"}],"author":[{"embeddable":true,"href":"https:\/\/cuernavaca.gob.mx\/contraloria\/index.php?rest_route=\/wp\/v2\/users\/1"}],"replies":[{"embeddable":true,"href":"https:\/\/cuernavaca.gob.mx\/contraloria\/index.php?rest_route=%2Fwp%2Fv2%2Fcomments&post=57"}],"version-history":[{"count":1,"href":"https:\/\/cuernavaca.gob.mx\/contraloria\/index.php?rest_route=\/wp\/v2\/pages\/57\/revisions"}],"predecessor-version":[{"id":58,"href":"https:\/\/cuernavaca.gob.mx\/contraloria\/index.php?rest_route=\/wp\/v2\/pages\/57\/revisions\/58"}],"wp:attachment":[{"href":"https:\/\/cuernavaca.gob.mx\/contraloria\/index.php?rest_route=%2Fwp%2Fv2%2Fmedia&parent=57"}],"curies":[{"name":"wp","href":"https:\/\/api.w.org\/{rel}","templated":true}]}}