{"id":1753,"date":"2021-01-07T13:47:17","date_gmt":"2021-01-07T19:47:17","guid":{"rendered":"http:\/\/cuernavaca.gob.mx\/dmer\/?page_id=1753"},"modified":"2024-04-24T13:35:53","modified_gmt":"2024-04-24T19:35:53","slug":"asesoria-en-asuntos-migratorios-y-religiosos","status":"publish","type":"page","link":"https:\/\/cuernavaca.gob.mx\/dmer\/?page_id=1753","title":{"rendered":"07 &#8211; ASESOR\u00cdA EN ASUNTOS MIGRATORIOS Y RELIGIOSOS"},"content":{"rendered":"\t\t<div data-elementor-type=\"wp-page\" data-elementor-id=\"1753\" class=\"elementor elementor-1753\">\n\t\t\t\t\t\t<div class=\"elementor-inner\">\n\t\t\t\t<div class=\"elementor-section-wrap\">\n\t\t\t\t\t\t\t\t\t<section class=\"elementor-section elementor-top-section elementor-element elementor-element-a97cd16 elementor-section-boxed elementor-section-height-default elementor-section-height-default\" data-id=\"a97cd16\" data-element_type=\"section\">\n\t\t\t\t\t\t<div class=\"elementor-container elementor-column-gap-default\">\n\t\t\t\t\t\t\t<div class=\"elementor-row\">\n\t\t\t\t\t<div class=\"elementor-column elementor-col-100 elementor-top-column elementor-element elementor-element-094edfe\" data-id=\"094edfe\" data-element_type=\"column\">\n\t\t\t<div class=\"elementor-column-wrap elementor-element-populated\">\n\t\t\t\t\t\t\t<div class=\"elementor-widget-wrap\">\n\t\t\t\t\t\t<div class=\"elementor-element elementor-element-edf9929 elementor-widget elementor-widget-heading\" data-id=\"edf9929\" data-element_type=\"widget\" data-widget_type=\"heading.default\">\n\t\t\t\t<div class=\"elementor-widget-container\">\n\t\t\t<h2 class=\"elementor-heading-title elementor-size-default\">Secretar\u00eda de Desarrollo Humano y Participaci\u00f3n Social<\/h2>\t\t<\/div>\n\t\t\t\t<\/div>\n\t\t\t\t<div class=\"elementor-element elementor-element-95c9cee elementor-widget elementor-widget-ova_contact_slide\" data-id=\"95c9cee\" data-element_type=\"widget\" data-settings=\"{&quot;pause_on_hover&quot;:&quot;yes&quot;,&quot;infinite&quot;:&quot;yes&quot;,&quot;dot_control&quot;:&quot;yes&quot;}\" data-widget_type=\"ova_contact_slide.default\">\n\t\t\t\t<div class=\"elementor-widget-container\">\n\t\t\t\t\t<div class=\"ova_contact_slide \">\n\t\t\t\n\t\t\t<div class=\"slide-contact owl-carousel owl-theme \" data-options=\"{&quot;items&quot;:2,&quot;slideBy&quot;:1,&quot;margin&quot;:41,&quot;autoplayHoverPause&quot;:true,&quot;loop&quot;:true,&quot;autoplay&quot;:false,&quot;autoplayTimeout&quot;:2000,&quot;smartSpeed&quot;:500,&quot;dots&quot;:true}\">\n\t\t\t\t\n\t\t\t\t\n\t\t\t\t\t\t\t\t\t\t\t<div class=\"item\">\n\t\t\t\t\t\t\t<h3>\n\t\t\t\t\t\t\t\t<a href=\"https:\/\/catalogonacional.gob.mx\/FichaTramite\/SDHyPS-2022-8178-009-A.html\">\n\t\t\t\t\t\t\t\t\tAsesor\u00eda en asuntos religiosos\t\t\t\t\t\t\t\t<\/a>\n\t\t\t\t\t\t\t<\/h3>\n\t\t\t\t\t\t\t<div class=\"address\">\n\t\t\t\t\t\t\t\t<p>\n\t\t\t\t\t\t\t\t\tDirecci\u00f3n de Asuntos Migratorios y Religiosos\t\t\t\t\t\t\t\t<\/p>\n\t\t\t\t\t\t\t<\/div>\n\t\t\t\t\t\t\t\n\t\t\t\t\t\t\t<div class=\"mail\">\n\t\t\t\t\t\t\t\t\n\t\t\t\t\t\t\t\t<a href=\"mailto:carlosaguinagam@gmail.com\" class=\"email\">\n\t\t\t\t\t\t\t\t\t<i class=\"far fa-envelope\"><\/i>\n\t\t\t\t\t\t\t\t\t\t\t\t\t\t\t\t\t<\/a>\n\t\t\t\t\t\t\t<\/div>\n\n\t\t\t\t\t\t\t<div class=\"phone\">\n\n\t\t\t\t\t\t\t\t<a href=\"tel:\">\n\t\t\t\t\t\t\t\t\t<i class=\"fas fa-phone-alt\"><\/i>\n\t\t\t\t\t\t\t\t\t(777) 3225500\t\t\t\t\t\t\t\t<\/a>\n\t\t\t\t\t\t\t<\/div>\n\n\t\t\t\t\t\t\t<div class=\"read_more\">\n\t\t\t\t\t\t\t\t<a class=\"second_font\" href=\"https:\/\/catalogonacional.gob.mx\/FichaTramite\/SDHyPS-2022-8178-009-A.html\">\n\t\t\t\t\t\t\t\t\tConsulta toda la informaci\u00f3n aqu\u00ed\t\t\t\t\t\t\t\t<\/a>\n\t\t\t\t\t\t\t<\/div>\n\n\t\t\t\t\t\t<\/div>\n\t\t\t\t\t\t\t\t\t\t\t<div class=\"item\">\n\t\t\t\t\t\t\t<h3>\n\t\t\t\t\t\t\t\t<a href=\"https:\/\/catalogonacional.gob.mx\/FichaTramite\/SDHyPS-2022-8178-008-A.html\">\n\t\t\t\t\t\t\t\t\tAsesor\u00eda en asuntos migratorios\t\t\t\t\t\t\t\t<\/a>\n\t\t\t\t\t\t\t<\/h3>\n\t\t\t\t\t\t\t<div class=\"address\">\n\t\t\t\t\t\t\t\t<p>\n\t\t\t\t\t\t\t\t\tDirecci\u00f3n de Asuntos Migratorios y Religiosos\t\t\t\t\t\t\t\t<\/p>\n\t\t\t\t\t\t\t<\/div>\n\t\t\t\t\t\t\t\n\t\t\t\t\t\t\t<div class=\"mail\">\n\t\t\t\t\t\t\t\t\n\t\t\t\t\t\t\t\t<a href=\"mailto:carlosaguinagam@gmail.com\" class=\"email\">\n\t\t\t\t\t\t\t\t\t<i class=\"far fa-envelope\"><\/i>\n\t\t\t\t\t\t\t\t\t\t\t\t\t\t\t\t\t<\/a>\n\t\t\t\t\t\t\t<\/div>\n\n\t\t\t\t\t\t\t<div class=\"phone\">\n\n\t\t\t\t\t\t\t\t<a href=\"tel:\">\n\t\t\t\t\t\t\t\t\t<i class=\"fas fa-phone-alt\"><\/i>\n\t\t\t\t\t\t\t\t\t(777) 3225500\t\t\t\t\t\t\t\t<\/a>\n\t\t\t\t\t\t\t<\/div>\n\n\t\t\t\t\t\t\t<div class=\"read_more\">\n\t\t\t\t\t\t\t\t<a class=\"second_font\" href=\"https:\/\/catalogonacional.gob.mx\/FichaTramite\/SDHyPS-2022-8178-008-A.html\">\n\t\t\t\t\t\t\t\t\tConsulta toda la informaci\u00f3n aqu\u00ed\t\t\t\t\t\t\t\t<\/a>\n\t\t\t\t\t\t\t<\/div>\n\n\t\t\t\t\t\t<\/div>\n\t\t\t\t\t\t\t\t\t\t\t<div class=\"item\">\n\t\t\t\t\t\t\t<h3>\n\t\t\t\t\t\t\t\t<a href=\"https:\/\/catalogonacional.gob.mx\/FichaTramite\/SDHyPS-2022-8178-010-A.html\">\n\t\t\t\t\t\t\t\t\tConstancia de notorio arraigo\t\t\t\t\t\t\t\t<\/a>\n\t\t\t\t\t\t\t<\/h3>\n\t\t\t\t\t\t\t<div class=\"address\">\n\t\t\t\t\t\t\t\t<p>\n\t\t\t\t\t\t\t\t\tDirecci\u00f3n de Asuntos Migratorios y Religiosos\t\t\t\t\t\t\t\t<\/p>\n\t\t\t\t\t\t\t<\/div>\n\t\t\t\t\t\t\t\n\t\t\t\t\t\t\t<div class=\"mail\">\n\t\t\t\t\t\t\t\t\n\t\t\t\t\t\t\t\t<a href=\"mailto:carlosaguinagam@gmail.com\" class=\"email\">\n\t\t\t\t\t\t\t\t\t<i class=\"far fa-envelope\"><\/i>\n\t\t\t\t\t\t\t\t\t\t\t\t\t\t\t\t\t<\/a>\n\t\t\t\t\t\t\t<\/div>\n\n\t\t\t\t\t\t\t<div class=\"phone\">\n\n\t\t\t\t\t\t\t\t<a href=\"tel:\">\n\t\t\t\t\t\t\t\t\t<i class=\"fas fa-phone-alt\"><\/i>\n\t\t\t\t\t\t\t\t\t(777) 3225500\t\t\t\t\t\t\t\t<\/a>\n\t\t\t\t\t\t\t<\/div>\n\n\t\t\t\t\t\t\t<div class=\"read_more\">\n\t\t\t\t\t\t\t\t<a class=\"second_font\" href=\"https:\/\/catalogonacional.gob.mx\/FichaTramite\/SDHyPS-2022-8178-010-A.html\">\n\t\t\t\t\t\t\t\t\tConsulta toda la informaci\u00f3n aqu\u00ed\t\t\t\t\t\t\t\t<\/a>\n\t\t\t\t\t\t\t<\/div>\n\n\t\t\t\t\t\t<\/div>\n\t\t\t\t\t\n\t\t\t\t\t\t\t<\/div>\n\t\t<\/div>\n\t\t\t\t<\/div>\n\t\t\t\t<\/div>\n\t\t\t\t\t\t<\/div>\n\t\t\t\t\t<\/div>\n\t\t<\/div>\n\t\t\t\t\t\t\t\t<\/div>\n\t\t\t\t\t<\/div>\n\t\t<\/section>\n\t\t\t\t<section class=\"elementor-section elementor-top-section elementor-element elementor-element-0414b80 elementor-section-boxed elementor-section-height-default elementor-section-height-default\" data-id=\"0414b80\" data-element_type=\"section\">\n\t\t\t\t\t\t<div class=\"elementor-container elementor-column-gap-default\">\n\t\t\t\t\t\t\t<div class=\"elementor-row\">\n\t\t\t\t\t<div class=\"elementor-column elementor-col-100 elementor-top-column elementor-element elementor-element-fffa9fc\" data-id=\"fffa9fc\" data-element_type=\"column\">\n\t\t\t<div class=\"elementor-column-wrap elementor-element-populated\">\n\t\t\t\t\t\t\t<div class=\"elementor-widget-wrap\">\n\t\t\t\t\t\t<div class=\"elementor-element elementor-element-4c1eec4 elementor-widget elementor-widget-heading\" data-id=\"4c1eec4\" data-element_type=\"widget\" data-widget_type=\"heading.default\">\n\t\t\t\t<div class=\"elementor-widget-container\">\n\t\t\t<h2 class=\"elementor-heading-title elementor-size-default\">Direcci\u00f3n de Asuntos Migratorios y Religiosos<\/h2>\t\t<\/div>\n\t\t\t\t<\/div>\n\t\t\t\t<div class=\"elementor-element elementor-element-a648ecc elementor-widget elementor-widget-google_maps\" data-id=\"a648ecc\" data-element_type=\"widget\" data-widget_type=\"google_maps.default\">\n\t\t\t\t<div class=\"elementor-widget-container\">\n\t\t\t\t\t<div class=\"elementor-custom-embed\">\n\t\t\t<iframe frameborder=\"0\" scrolling=\"no\" marginheight=\"0\" marginwidth=\"0\"\n\t\t\t\t\tsrc=\"https:\/\/maps.google.com\/maps?q=motolin%C3%ADa%202%20centro%20cuernavaca&#038;t=m&#038;z=18&#038;output=embed&#038;iwloc=near\"\n\t\t\t\t\ttitle=\"motolin\u00eda 2 centro cuernavaca\"\n\t\t\t\t\taria-label=\"motolin\u00eda 2 centro cuernavaca\"\n\t\t\t><\/iframe>\n\t\t<\/div>\n\t\t\t\t<\/div>\n\t\t\t\t<\/div>\n\t\t\t\t\t\t<\/div>\n\t\t\t\t\t<\/div>\n\t\t<\/div>\n\t\t\t\t\t\t\t\t<\/div>\n\t\t\t\t\t<\/div>\n\t\t<\/section>\n\t\t\t\t<section class=\"elementor-section elementor-top-section elementor-element elementor-element-db14d9f elementor-section-boxed elementor-section-height-default elementor-section-height-default\" data-id=\"db14d9f\" data-element_type=\"section\">\n\t\t\t\t\t\t<div class=\"elementor-container elementor-column-gap-default\">\n\t\t\t\t\t\t\t<div class=\"elementor-row\">\n\t\t\t\t\t<div class=\"elementor-column elementor-col-100 elementor-top-column elementor-element elementor-element-fa5a088\" data-id=\"fa5a088\" data-element_type=\"column\">\n\t\t\t<div class=\"elementor-column-wrap elementor-element-populated\">\n\t\t\t\t\t\t\t<div class=\"elementor-widget-wrap\">\n\t\t\t\t\t\t<div class=\"elementor-element elementor-element-96a072c elementor-hidden-desktop elementor-hidden-tablet elementor-hidden-phone elementor-widget elementor-widget-text-editor\" data-id=\"96a072c\" data-element_type=\"widget\" data-widget_type=\"text-editor.default\">\n\t\t\t\t<div class=\"elementor-widget-container\">\n\t\t\t\t\t\t\t\t<div class=\"elementor-text-editor elementor-clearfix\">\n\t\t\t\t<h2 style=\"text-align: center;\">\u00cdndice de tr\u00e1mites<\/h2><ol><li>Asesor\u00eda en asuntos migratorios<\/li><li>Asesor\u00eda en asuntos religiosos<\/li><\/ol>\t\t\t\t\t<\/div>\n\t\t\t\t\t\t<\/div>\n\t\t\t\t<\/div>\n\t\t\t\t\t\t<\/div>\n\t\t\t\t\t<\/div>\n\t\t<\/div>\n\t\t\t\t\t\t\t\t<\/div>\n\t\t\t\t\t<\/div>\n\t\t<\/section>\n\t\t\t\t\t\t\t\t\t<\/div>\n\t\t\t<\/div>\n\t\t\t\t\t<\/div>\n\t\t","protected":false},"excerpt":{"rendered":"<p>Secretar\u00eda de Desarrollo Humano y Participaci\u00f3n Social Asesor\u00eda en asuntos religiosos Direcci\u00f3n de Asuntos Migratorios y Religiosos (777) 3225500 Consulta toda la informaci\u00f3n aqu\u00ed Asesor\u00eda en asuntos migratorios Direcci\u00f3n de Asuntos Migratorios y Religiosos (777) 3225500 Consulta toda la informaci\u00f3n aqu\u00ed Constancia de notorio arraigo Direcci\u00f3n de Asuntos Migratorios y Religiosos (777) 3225500 Consulta toda [&hellip;]<\/p>\n","protected":false},"author":6,"featured_media":0,"parent":0,"menu_order":0,"comment_status":"closed","ping_status":"closed","template":"","meta":[],"_links":{"self":[{"href":"https:\/\/cuernavaca.gob.mx\/dmer\/index.php?rest_route=\/wp\/v2\/pages\/1753"}],"collection":[{"href":"https:\/\/cuernavaca.gob.mx\/dmer\/index.php?rest_route=\/wp\/v2\/pages"}],"about":[{"href":"https:\/\/cuernavaca.gob.mx\/dmer\/index.php?rest_route=\/wp\/v2\/types\/page"}],"author":[{"embeddable":true,"href":"https:\/\/cuernavaca.gob.mx\/dmer\/index.php?rest_route=\/wp\/v2\/users\/6"}],"replies":[{"embeddable":true,"href":"https:\/\/cuernavaca.gob.mx\/dmer\/index.php?rest_route=%2Fwp%2Fv2%2Fcomments&post=1753"}],"version-history":[{"count":19,"href":"https:\/\/cuernavaca.gob.mx\/dmer\/index.php?rest_route=\/wp\/v2\/pages\/1753\/revisions"}],"predecessor-version":[{"id":5236,"href":"https:\/\/cuernavaca.gob.mx\/dmer\/index.php?rest_route=\/wp\/v2\/pages\/1753\/revisions\/5236"}],"wp:attachment":[{"href":"https:\/\/cuernavaca.gob.mx\/dmer\/index.php?rest_route=%2Fwp%2Fv2%2Fmedia&parent=1753"}],"curies":[{"name":"wp","href":"https:\/\/api.w.org\/{rel}","templated":true}]}}