{"id":2079,"date":"2021-02-02T14:18:41","date_gmt":"2021-02-02T20:18:41","guid":{"rendered":"http:\/\/cuernavaca.gob.mx\/dmer\/?page_id=2079"},"modified":"2024-04-25T13:15:39","modified_gmt":"2024-04-25T19:15:39","slug":"33-inhumaciones-jardines-de-la-paz","status":"publish","type":"page","link":"https:\/\/cuernavaca.gob.mx\/dmer\/?page_id=2079","title":{"rendered":"33 &#8211; INHUMACIONES \u00abJARDINES DE LA PAZ\u00bb"},"content":{"rendered":"\t\t<div data-elementor-type=\"wp-page\" data-elementor-id=\"2079\" class=\"elementor elementor-2079\">\n\t\t\t\t\t\t<div class=\"elementor-inner\">\n\t\t\t\t<div class=\"elementor-section-wrap\">\n\t\t\t\t\t\t\t\t\t<section class=\"elementor-section elementor-top-section elementor-element elementor-element-a949da4 elementor-section-boxed elementor-section-height-default elementor-section-height-default\" data-id=\"a949da4\" data-element_type=\"section\">\n\t\t\t\t\t\t<div class=\"elementor-container elementor-column-gap-default\">\n\t\t\t\t\t\t\t<div class=\"elementor-row\">\n\t\t\t\t\t<div class=\"elementor-column elementor-col-100 elementor-top-column elementor-element elementor-element-eecd573\" data-id=\"eecd573\" data-element_type=\"column\">\n\t\t\t<div class=\"elementor-column-wrap elementor-element-populated\">\n\t\t\t\t\t\t\t<div class=\"elementor-widget-wrap\">\n\t\t\t\t\t\t<div class=\"elementor-element elementor-element-82b81f8 elementor-widget elementor-widget-heading\" data-id=\"82b81f8\" data-element_type=\"widget\" data-widget_type=\"heading.default\">\n\t\t\t\t<div class=\"elementor-widget-container\">\n\t\t\t<h2 class=\"elementor-heading-title elementor-size-default\">Secretar\u00eda de Desarrollo Sustentable y Obras P\u00fablicas<\/h2>\t\t<\/div>\n\t\t\t\t<\/div>\n\t\t\t\t<div class=\"elementor-element elementor-element-99c107e elementor-widget elementor-widget-ova_contact_slide\" data-id=\"99c107e\" data-element_type=\"widget\" data-settings=\"{&quot;pause_on_hover&quot;:&quot;yes&quot;,&quot;infinite&quot;:&quot;yes&quot;,&quot;dot_control&quot;:&quot;yes&quot;}\" data-widget_type=\"ova_contact_slide.default\">\n\t\t\t\t<div class=\"elementor-widget-container\">\n\t\t\t\t\t<div class=\"ova_contact_slide \">\n\t\t\t\n\t\t\t<div class=\"slide-contact owl-carousel owl-theme \" data-options=\"{&quot;items&quot;:2,&quot;slideBy&quot;:1,&quot;margin&quot;:41,&quot;autoplayHoverPause&quot;:true,&quot;loop&quot;:true,&quot;autoplay&quot;:false,&quot;autoplayTimeout&quot;:2000,&quot;smartSpeed&quot;:500,&quot;dots&quot;:true}\">\n\t\t\t\t\n\t\t\t\t\n\t\t\t\t\t\t\t\t\t\t\t<div class=\"item\">\n\t\t\t\t\t\t\t<h3>\n\t\t\t\t\t\t\t\t<a href=\"https:\/\/catalogonacional.gob.mx\/FichaTramite\/SDSySP-2022-8221-059-A.html\">\n\t\t\t\t\t\t\t\t\tLimpieza y mantenimiento anual por fosa individual; limpieza y mantenimiento anual en nicho y gaveta vertical\t\t\t\t\t\t\t\t<\/a>\n\t\t\t\t\t\t\t<\/h3>\n\t\t\t\t\t\t\t<div class=\"address\">\n\t\t\t\t\t\t\t\t<p>\n\t\t\t\t\t\t\t\t\tDirecci\u00f3n General del Organismo P\u00fablico Descentralizado \"Inhumaciones la Paz\"\t\t\t\t\t\t\t\t<\/p>\n\t\t\t\t\t\t\t<\/div>\n\t\t\t\t\t\t\t\n\t\t\t\t\t\t\t<div class=\"mail\">\n\t\t\t\t\t\t\t\t\n\t\t\t\t\t\t\t\t<a href=\"mailto:cristian240893@gmail.com\" class=\"email\">\n\t\t\t\t\t\t\t\t\t<i class=\"far fa-envelope\"><\/i>\n\t\t\t\t\t\t\t\t\t\t\t\t\t\t\t\t\t<\/a>\n\t\t\t\t\t\t\t<\/div>\n\n\t\t\t\t\t\t\t<div class=\"phone\">\n\n\t\t\t\t\t\t\t\t<a href=\"tel:\">\n\t\t\t\t\t\t\t\t\t<i class=\"fas fa-phone-alt\"><\/i>\n\t\t\t\t\t\t\t\t\t(777) 513-7301\t\t\t\t\t\t\t\t<\/a>\n\t\t\t\t\t\t\t<\/div>\n\n\t\t\t\t\t\t\t<div class=\"read_more\">\n\t\t\t\t\t\t\t\t<a class=\"second_font\" href=\"https:\/\/catalogonacional.gob.mx\/FichaTramite\/SDSySP-2022-8221-059-A.html\">\n\t\t\t\t\t\t\t\t\tConsulta toda la informaci\u00f3n aqu\u00ed\t\t\t\t\t\t\t\t<\/a>\n\t\t\t\t\t\t\t<\/div>\n\n\t\t\t\t\t\t<\/div>\n\t\t\t\t\t\t\t\t\t\t\t<div class=\"item\">\n\t\t\t\t\t\t\t<h3>\n\t\t\t\t\t\t\t\t<a href=\"https:\/\/catalogonacional.gob.mx\/FichaTramite\/SDSySP-2022-8221-061-A.html\">\n\t\t\t\t\t\t\t\t\tOtros servicios velatorios\t\t\t\t\t\t\t\t<\/a>\n\t\t\t\t\t\t\t<\/h3>\n\t\t\t\t\t\t\t<div class=\"address\">\n\t\t\t\t\t\t\t\t<p>\n\t\t\t\t\t\t\t\t\tDirecci\u00f3n General del Organismo P\u00fablico Descentralizado \"Inhumaciones la Paz\"\t\t\t\t\t\t\t\t<\/p>\n\t\t\t\t\t\t\t<\/div>\n\t\t\t\t\t\t\t\n\t\t\t\t\t\t\t<div class=\"mail\">\n\t\t\t\t\t\t\t\t\n\t\t\t\t\t\t\t\t<a href=\"mailto:cristian240893@gmail.com\" class=\"email\">\n\t\t\t\t\t\t\t\t\t<i class=\"far fa-envelope\"><\/i>\n\t\t\t\t\t\t\t\t\t\t\t\t\t\t\t\t\t<\/a>\n\t\t\t\t\t\t\t<\/div>\n\n\t\t\t\t\t\t\t<div class=\"phone\">\n\n\t\t\t\t\t\t\t\t<a href=\"tel:\">\n\t\t\t\t\t\t\t\t\t<i class=\"fas fa-phone-alt\"><\/i>\n\t\t\t\t\t\t\t\t\t(777) 513-7301\t\t\t\t\t\t\t\t<\/a>\n\t\t\t\t\t\t\t<\/div>\n\n\t\t\t\t\t\t\t<div class=\"read_more\">\n\t\t\t\t\t\t\t\t<a class=\"second_font\" href=\"https:\/\/catalogonacional.gob.mx\/FichaTramite\/SDSySP-2022-8221-061-A.html\">\n\t\t\t\t\t\t\t\t\tConsulta toda la informaci\u00f3n aqu\u00ed\t\t\t\t\t\t\t\t<\/a>\n\t\t\t\t\t\t\t<\/div>\n\n\t\t\t\t\t\t<\/div>\n\t\t\t\t\t\t\t\t\t\t\t<div class=\"item\">\n\t\t\t\t\t\t\t<h3>\n\t\t\t\t\t\t\t\t<a href=\"https:\/\/catalogonacional.gob.mx\/FichaTramite\/SDSySP-2022-8221-060-A.html\">\n\t\t\t\t\t\t\t\t\tDestapar y sellar nichos (por cad\u00e1ver o miembro p\u00e9lvico\t\t\t\t\t\t\t\t<\/a>\n\t\t\t\t\t\t\t<\/h3>\n\t\t\t\t\t\t\t<div class=\"address\">\n\t\t\t\t\t\t\t\t<p>\n\t\t\t\t\t\t\t\t\tDirecci\u00f3n General del Organismo P\u00fablico Descentralizado \"Inhumaciones la Paz\"\t\t\t\t\t\t\t\t<\/p>\n\t\t\t\t\t\t\t<\/div>\n\t\t\t\t\t\t\t\n\t\t\t\t\t\t\t<div class=\"mail\">\n\t\t\t\t\t\t\t\t\n\t\t\t\t\t\t\t\t<a href=\"mailto:cristian240893@gmail.com\" class=\"email\">\n\t\t\t\t\t\t\t\t\t<i class=\"far fa-envelope\"><\/i>\n\t\t\t\t\t\t\t\t\t\t\t\t\t\t\t\t\t<\/a>\n\t\t\t\t\t\t\t<\/div>\n\n\t\t\t\t\t\t\t<div class=\"phone\">\n\n\t\t\t\t\t\t\t\t<a href=\"tel:\">\n\t\t\t\t\t\t\t\t\t<i class=\"fas fa-phone-alt\"><\/i>\n\t\t\t\t\t\t\t\t\t(777) 513-7301\t\t\t\t\t\t\t\t<\/a>\n\t\t\t\t\t\t\t<\/div>\n\n\t\t\t\t\t\t\t<div class=\"read_more\">\n\t\t\t\t\t\t\t\t<a class=\"second_font\" href=\"https:\/\/catalogonacional.gob.mx\/FichaTramite\/SDSySP-2022-8221-060-A.html\">\n\t\t\t\t\t\t\t\t\tConsulta toda la informaci\u00f3n aqu\u00ed\t\t\t\t\t\t\t\t<\/a>\n\t\t\t\t\t\t\t<\/div>\n\n\t\t\t\t\t\t<\/div>\n\t\t\t\t\t\t\t\t\t\t\t<div class=\"item\">\n\t\t\t\t\t\t\t<h3>\n\t\t\t\t\t\t\t\t<a href=\"https:\/\/catalogonacional.gob.mx\/FichaTramite\/SDSySP-2022-8221-063-A.html\">\n\t\t\t\t\t\t\t\t\tB\u00fasqueda de lote o difunto sin costo\t\t\t\t\t\t\t\t<\/a>\n\t\t\t\t\t\t\t<\/h3>\n\t\t\t\t\t\t\t<div class=\"address\">\n\t\t\t\t\t\t\t\t<p>\n\t\t\t\t\t\t\t\t\tDirecci\u00f3n General del Organismo P\u00fablico Descentralizado \"Inhumaciones la Paz\"\t\t\t\t\t\t\t\t<\/p>\n\t\t\t\t\t\t\t<\/div>\n\t\t\t\t\t\t\t\n\t\t\t\t\t\t\t<div class=\"mail\">\n\t\t\t\t\t\t\t\t\n\t\t\t\t\t\t\t\t<a href=\"mailto:cristian240893@gmail.com\" class=\"email\">\n\t\t\t\t\t\t\t\t\t<i class=\"far fa-envelope\"><\/i>\n\t\t\t\t\t\t\t\t\t\t\t\t\t\t\t\t\t<\/a>\n\t\t\t\t\t\t\t<\/div>\n\n\t\t\t\t\t\t\t<div class=\"phone\">\n\n\t\t\t\t\t\t\t\t<a href=\"tel:\">\n\t\t\t\t\t\t\t\t\t<i class=\"fas fa-phone-alt\"><\/i>\n\t\t\t\t\t\t\t\t\t(777) 513-7301\t\t\t\t\t\t\t\t<\/a>\n\t\t\t\t\t\t\t<\/div>\n\n\t\t\t\t\t\t\t<div class=\"read_more\">\n\t\t\t\t\t\t\t\t<a class=\"second_font\" href=\"https:\/\/catalogonacional.gob.mx\/FichaTramite\/SDSySP-2022-8221-063-A.html\">\n\t\t\t\t\t\t\t\t\tConsulta toda la informaci\u00f3n aqu\u00ed\t\t\t\t\t\t\t\t<\/a>\n\t\t\t\t\t\t\t<\/div>\n\n\t\t\t\t\t\t<\/div>\n\t\t\t\t\t\t\t\t\t\t\t<div class=\"item\">\n\t\t\t\t\t\t\t<h3>\n\t\t\t\t\t\t\t\t<a href=\"https:\/\/catalogonacional.gob.mx\/FichaTramite\/SDSySP-2022-8221-064-A.html\">\n\t\t\t\t\t\t\t\t\tReposici\u00f3n de documentos\t\t\t\t\t\t\t\t<\/a>\n\t\t\t\t\t\t\t<\/h3>\n\t\t\t\t\t\t\t<div class=\"address\">\n\t\t\t\t\t\t\t\t<p>\n\t\t\t\t\t\t\t\t\tDirecci\u00f3n General del Organismo P\u00fablico Descentralizado \"Inhumaciones la Paz\"\t\t\t\t\t\t\t\t<\/p>\n\t\t\t\t\t\t\t<\/div>\n\t\t\t\t\t\t\t\n\t\t\t\t\t\t\t<div class=\"mail\">\n\t\t\t\t\t\t\t\t\n\t\t\t\t\t\t\t\t<a href=\"mailto:cristian240893@gmail.com\" class=\"email\">\n\t\t\t\t\t\t\t\t\t<i class=\"far fa-envelope\"><\/i>\n\t\t\t\t\t\t\t\t\t\t\t\t\t\t\t\t\t<\/a>\n\t\t\t\t\t\t\t<\/div>\n\n\t\t\t\t\t\t\t<div class=\"phone\">\n\n\t\t\t\t\t\t\t\t<a href=\"tel:\">\n\t\t\t\t\t\t\t\t\t<i class=\"fas fa-phone-alt\"><\/i>\n\t\t\t\t\t\t\t\t\t(777) 513-7301\t\t\t\t\t\t\t\t<\/a>\n\t\t\t\t\t\t\t<\/div>\n\n\t\t\t\t\t\t\t<div class=\"read_more\">\n\t\t\t\t\t\t\t\t<a class=\"second_font\" href=\"https:\/\/catalogonacional.gob.mx\/FichaTramite\/SDSySP-2022-8221-064-A.html\">\n\t\t\t\t\t\t\t\t\tConsulta toda la informaci\u00f3n aqu\u00ed\t\t\t\t\t\t\t\t<\/a>\n\t\t\t\t\t\t\t<\/div>\n\n\t\t\t\t\t\t<\/div>\n\t\t\t\t\t\t\t\t\t\t\t<div class=\"item\">\n\t\t\t\t\t\t\t<h3>\n\t\t\t\t\t\t\t\t<a href=\"https:\/\/catalogonacional.gob.mx\/FichaTramite\/SDSySP-2022-8221-065-A.html\">\n\t\t\t\t\t\t\t\t\tTraspaso de fosa (cesi\u00f3n de derechos)\t\t\t\t\t\t\t\t<\/a>\n\t\t\t\t\t\t\t<\/h3>\n\t\t\t\t\t\t\t<div class=\"address\">\n\t\t\t\t\t\t\t\t<p>\n\t\t\t\t\t\t\t\t\tDirecci\u00f3n General del Organismo P\u00fablico Descentralizado \"Inhumaciones la Paz\"\t\t\t\t\t\t\t\t<\/p>\n\t\t\t\t\t\t\t<\/div>\n\t\t\t\t\t\t\t\n\t\t\t\t\t\t\t<div class=\"mail\">\n\t\t\t\t\t\t\t\t\n\t\t\t\t\t\t\t\t<a href=\"mailto:cristian240893@gmail.com\" class=\"email\">\n\t\t\t\t\t\t\t\t\t<i class=\"far fa-envelope\"><\/i>\n\t\t\t\t\t\t\t\t\t\t\t\t\t\t\t\t\t<\/a>\n\t\t\t\t\t\t\t<\/div>\n\n\t\t\t\t\t\t\t<div class=\"phone\">\n\n\t\t\t\t\t\t\t\t<a href=\"tel:\">\n\t\t\t\t\t\t\t\t\t<i class=\"fas fa-phone-alt\"><\/i>\n\t\t\t\t\t\t\t\t\t(777) 513-7301\t\t\t\t\t\t\t\t<\/a>\n\t\t\t\t\t\t\t<\/div>\n\n\t\t\t\t\t\t\t<div class=\"read_more\">\n\t\t\t\t\t\t\t\t<a class=\"second_font\" href=\"https:\/\/catalogonacional.gob.mx\/FichaTramite\/SDSySP-2022-8221-065-A.html\">\n\t\t\t\t\t\t\t\t\tConsulta toda la informaci\u00f3n aqu\u00ed\t\t\t\t\t\t\t\t<\/a>\n\t\t\t\t\t\t\t<\/div>\n\n\t\t\t\t\t\t<\/div>\n\t\t\t\t\t\t\t\t\t\t\t<div class=\"item\">\n\t\t\t\t\t\t\t<h3>\n\t\t\t\t\t\t\t\t<a href=\"https:\/\/catalogonacional.gob.mx\/FichaTramite\/SDSySP-2022-8221-066-A.html\">\n\t\t\t\t\t\t\t\t\tServicios (por licencia de construcci\u00f3n de base con nicho o cabecera; por recubrimiento de nicho; por licencia de construcci\u00f3n de capilla o cripta; licencia de construcci\u00f3n de nicho; remozamiento, conservaci\u00f3n o instalaci\u00f3n de placa; permiso para construcci\u00f3n o instalaci\u00f3n de monumentos y accesorios)\t\t\t\t\t\t\t\t<\/a>\n\t\t\t\t\t\t\t<\/h3>\n\t\t\t\t\t\t\t<div class=\"address\">\n\t\t\t\t\t\t\t\t<p>\n\t\t\t\t\t\t\t\t\tDirecci\u00f3n General del Organismo P\u00fablico Descentralizado \"Inhumaciones la Paz\"\t\t\t\t\t\t\t\t<\/p>\n\t\t\t\t\t\t\t<\/div>\n\t\t\t\t\t\t\t\n\t\t\t\t\t\t\t<div class=\"mail\">\n\t\t\t\t\t\t\t\t\n\t\t\t\t\t\t\t\t<a href=\"mailto:cristian240893@gmail.com\" class=\"email\">\n\t\t\t\t\t\t\t\t\t<i class=\"far fa-envelope\"><\/i>\n\t\t\t\t\t\t\t\t\t\t\t\t\t\t\t\t\t<\/a>\n\t\t\t\t\t\t\t<\/div>\n\n\t\t\t\t\t\t\t<div class=\"phone\">\n\n\t\t\t\t\t\t\t\t<a href=\"tel:\">\n\t\t\t\t\t\t\t\t\t<i class=\"fas fa-phone-alt\"><\/i>\n\t\t\t\t\t\t\t\t\t(777) 513-7301\t\t\t\t\t\t\t\t<\/a>\n\t\t\t\t\t\t\t<\/div>\n\n\t\t\t\t\t\t\t<div class=\"read_more\">\n\t\t\t\t\t\t\t\t<a class=\"second_font\" href=\"https:\/\/catalogonacional.gob.mx\/FichaTramite\/SDSySP-2022-8221-066-A.html\">\n\t\t\t\t\t\t\t\t\tConsulta toda la informaci\u00f3n aqu\u00ed\t\t\t\t\t\t\t\t<\/a>\n\t\t\t\t\t\t\t<\/div>\n\n\t\t\t\t\t\t<\/div>\n\t\t\t\t\t\t\t\t\t\t\t<div class=\"item\">\n\t\t\t\t\t\t\t<h3>\n\t\t\t\t\t\t\t\t<a href=\"https:\/\/catalogonacional.gob.mx\/FichaTramite?traHomoclave=SDSySP-2022-8221-062-A\">\n\t\t\t\t\t\t\t\t\tServicios diversos (exhumaci\u00f3n transcurrido el t\u00e9rmino de ley)\t\t\t\t\t\t\t\t<\/a>\n\t\t\t\t\t\t\t<\/h3>\n\t\t\t\t\t\t\t<div class=\"address\">\n\t\t\t\t\t\t\t\t<p>\n\t\t\t\t\t\t\t\t\tDirecci\u00f3n General del Organismo P\u00fablico Descentralizado \"Inhumaciones la Paz\"\t\t\t\t\t\t\t\t<\/p>\n\t\t\t\t\t\t\t<\/div>\n\t\t\t\t\t\t\t\n\t\t\t\t\t\t\t<div class=\"mail\">\n\t\t\t\t\t\t\t\t\n\t\t\t\t\t\t\t\t<a href=\"mailto:cristian240893@gmail.com\" class=\"email\">\n\t\t\t\t\t\t\t\t\t<i class=\"far fa-envelope\"><\/i>\n\t\t\t\t\t\t\t\t\t\t\t\t\t\t\t\t\t<\/a>\n\t\t\t\t\t\t\t<\/div>\n\n\t\t\t\t\t\t\t<div class=\"phone\">\n\n\t\t\t\t\t\t\t\t<a href=\"tel:\">\n\t\t\t\t\t\t\t\t\t<i class=\"fas fa-phone-alt\"><\/i>\n\t\t\t\t\t\t\t\t\t(777) 513-7301\t\t\t\t\t\t\t\t<\/a>\n\t\t\t\t\t\t\t<\/div>\n\n\t\t\t\t\t\t\t<div class=\"read_more\">\n\t\t\t\t\t\t\t\t<a class=\"second_font\" href=\"https:\/\/catalogonacional.gob.mx\/FichaTramite?traHomoclave=SDSySP-2022-8221-062-A\">\n\t\t\t\t\t\t\t\t\tConsulta toda la informaci\u00f3n aqu\u00ed\t\t\t\t\t\t\t\t<\/a>\n\t\t\t\t\t\t\t<\/div>\n\n\t\t\t\t\t\t<\/div>\n\t\t\t\t\t\t\t\t\t\t\t<div class=\"item\">\n\t\t\t\t\t\t\t<h3>\n\t\t\t\t\t\t\t\t<a href=\"https:\/\/catalogonacional.gob.mx\/FichaTramite\/SDSySP-2022-8221-068-A.html\">\n\t\t\t\t\t\t\t\t\tCambio de usuario\t\t\t\t\t\t\t\t<\/a>\n\t\t\t\t\t\t\t<\/h3>\n\t\t\t\t\t\t\t<div class=\"address\">\n\t\t\t\t\t\t\t\t<p>\n\t\t\t\t\t\t\t\t\tDirecci\u00f3n General del Organismo P\u00fablico Descentralizado \"Inhumaciones la Paz\"\t\t\t\t\t\t\t\t<\/p>\n\t\t\t\t\t\t\t<\/div>\n\t\t\t\t\t\t\t\n\t\t\t\t\t\t\t<div class=\"mail\">\n\t\t\t\t\t\t\t\t\n\t\t\t\t\t\t\t\t<a href=\"mailto:cristian240893@gmail.com\" class=\"email\">\n\t\t\t\t\t\t\t\t\t<i class=\"far fa-envelope\"><\/i>\n\t\t\t\t\t\t\t\t\t\t\t\t\t\t\t\t\t<\/a>\n\t\t\t\t\t\t\t<\/div>\n\n\t\t\t\t\t\t\t<div class=\"phone\">\n\n\t\t\t\t\t\t\t\t<a href=\"tel:\">\n\t\t\t\t\t\t\t\t\t<i class=\"fas fa-phone-alt\"><\/i>\n\t\t\t\t\t\t\t\t\t(777) 513-7301\t\t\t\t\t\t\t\t<\/a>\n\t\t\t\t\t\t\t<\/div>\n\n\t\t\t\t\t\t\t<div class=\"read_more\">\n\t\t\t\t\t\t\t\t<a class=\"second_font\" href=\"https:\/\/catalogonacional.gob.mx\/FichaTramite\/SDSySP-2022-8221-068-A.html\">\n\t\t\t\t\t\t\t\t\tConsulta toda la informaci\u00f3n aqu\u00ed\t\t\t\t\t\t\t\t<\/a>\n\t\t\t\t\t\t\t<\/div>\n\n\t\t\t\t\t\t<\/div>\n\t\t\t\t\t\n\t\t\t\t\t\t\t<\/div>\n\t\t<\/div>\n\t\t\t\t<\/div>\n\t\t\t\t<\/div>\n\t\t\t\t\t\t<\/div>\n\t\t\t\t\t<\/div>\n\t\t<\/div>\n\t\t\t\t\t\t\t\t<\/div>\n\t\t\t\t\t<\/div>\n\t\t<\/section>\n\t\t\t\t<section class=\"elementor-section elementor-top-section elementor-element elementor-element-874bd12 elementor-section-boxed elementor-section-height-default elementor-section-height-default\" data-id=\"874bd12\" data-element_type=\"section\">\n\t\t\t\t\t\t<div class=\"elementor-container elementor-column-gap-default\">\n\t\t\t\t\t\t\t<div class=\"elementor-row\">\n\t\t\t\t\t<div class=\"elementor-column elementor-col-100 elementor-top-column elementor-element elementor-element-cdcd18e\" data-id=\"cdcd18e\" data-element_type=\"column\">\n\t\t\t<div class=\"elementor-column-wrap elementor-element-populated\">\n\t\t\t\t\t\t\t<div class=\"elementor-widget-wrap\">\n\t\t\t\t\t\t<div class=\"elementor-element elementor-element-cfe0d9c elementor-widget elementor-widget-heading\" data-id=\"cfe0d9c\" data-element_type=\"widget\" data-widget_type=\"heading.default\">\n\t\t\t\t<div class=\"elementor-widget-container\">\n\t\t\t<h2 class=\"elementor-heading-title elementor-size-default\">Organismo P\u00fablico Descentralizado \"Inhumaciones Jardines de la Paz\"<\/h2>\t\t<\/div>\n\t\t\t\t<\/div>\n\t\t\t\t<div class=\"elementor-element elementor-element-3f73aa3 elementor-widget elementor-widget-google_maps\" data-id=\"3f73aa3\" data-element_type=\"widget\" data-widget_type=\"google_maps.default\">\n\t\t\t\t<div class=\"elementor-widget-container\">\n\t\t\t\t\t<div class=\"elementor-custom-embed\">\n\t\t\t<iframe frameborder=\"0\" scrolling=\"no\" marginheight=\"0\" marginwidth=\"0\"\n\t\t\t\t\tsrc=\"https:\/\/maps.google.com\/maps?q=jardines%20de%20la%20Paz%20cuernavaca&#038;t=m&#038;z=18&#038;output=embed&#038;iwloc=near\"\n\t\t\t\t\ttitle=\"jardines de la Paz cuernavaca\"\n\t\t\t\t\taria-label=\"jardines de la Paz cuernavaca\"\n\t\t\t><\/iframe>\n\t\t<\/div>\n\t\t\t\t<\/div>\n\t\t\t\t<\/div>\n\t\t\t\t\t\t<\/div>\n\t\t\t\t\t<\/div>\n\t\t<\/div>\n\t\t\t\t\t\t\t\t<\/div>\n\t\t\t\t\t<\/div>\n\t\t<\/section>\n\t\t\t\t\t\t\t\t\t<\/div>\n\t\t\t<\/div>\n\t\t\t\t\t<\/div>\n\t\t","protected":false},"excerpt":{"rendered":"<p>Secretar\u00eda de Desarrollo Sustentable y Obras P\u00fablicas Limpieza y mantenimiento anual por fosa individual; limpieza y mantenimiento anual en nicho y gaveta vertical Direcci\u00f3n General del Organismo P\u00fablico Descentralizado \u00abInhumaciones la Paz\u00bb (777) 513-7301 Consulta toda la informaci\u00f3n aqu\u00ed Otros servicios velatorios Direcci\u00f3n General del Organismo P\u00fablico Descentralizado \u00abInhumaciones la Paz\u00bb (777) 513-7301 Consulta toda [&hellip;]<\/p>\n","protected":false},"author":6,"featured_media":0,"parent":0,"menu_order":0,"comment_status":"closed","ping_status":"closed","template":"","meta":[],"_links":{"self":[{"href":"https:\/\/cuernavaca.gob.mx\/dmer\/index.php?rest_route=\/wp\/v2\/pages\/2079"}],"collection":[{"href":"https:\/\/cuernavaca.gob.mx\/dmer\/index.php?rest_route=\/wp\/v2\/pages"}],"about":[{"href":"https:\/\/cuernavaca.gob.mx\/dmer\/index.php?rest_route=\/wp\/v2\/types\/page"}],"author":[{"embeddable":true,"href":"https:\/\/cuernavaca.gob.mx\/dmer\/index.php?rest_route=\/wp\/v2\/users\/6"}],"replies":[{"embeddable":true,"href":"https:\/\/cuernavaca.gob.mx\/dmer\/index.php?rest_route=%2Fwp%2Fv2%2Fcomments&post=2079"}],"version-history":[{"count":16,"href":"https:\/\/cuernavaca.gob.mx\/dmer\/index.php?rest_route=\/wp\/v2\/pages\/2079\/revisions"}],"predecessor-version":[{"id":5721,"href":"https:\/\/cuernavaca.gob.mx\/dmer\/index.php?rest_route=\/wp\/v2\/pages\/2079\/revisions\/5721"}],"wp:attachment":[{"href":"https:\/\/cuernavaca.gob.mx\/dmer\/index.php?rest_route=%2Fwp%2Fv2%2Fmedia&parent=2079"}],"curies":[{"name":"wp","href":"https:\/\/api.w.org\/{rel}","templated":true}]}}