{"id":2094,"date":"2021-02-02T14:23:55","date_gmt":"2021-02-02T20:23:55","guid":{"rendered":"http:\/\/cuernavaca.gob.mx\/dmer\/?page_id=2094"},"modified":"2025-10-06T14:04:10","modified_gmt":"2025-10-06T20:04:10","slug":"34-juzgado-de-paz","status":"publish","type":"page","link":"https:\/\/cuernavaca.gob.mx\/dmer\/?page_id=2094","title":{"rendered":"34 &#8211; JUZGADO DE PAZ"},"content":{"rendered":"\t\t<div data-elementor-type=\"wp-page\" data-elementor-id=\"2094\" class=\"elementor elementor-2094\">\n\t\t\t\t\t\t<div class=\"elementor-inner\">\n\t\t\t\t<div class=\"elementor-section-wrap\">\n\t\t\t\t\t\t\t\t\t<section class=\"elementor-section elementor-top-section elementor-element elementor-element-3c92ce2 elementor-section-boxed elementor-section-height-default elementor-section-height-default\" data-id=\"3c92ce2\" data-element_type=\"section\">\n\t\t\t\t\t\t<div class=\"elementor-container elementor-column-gap-default\">\n\t\t\t\t\t\t\t<div class=\"elementor-row\">\n\t\t\t\t\t<div class=\"elementor-column elementor-col-100 elementor-top-column elementor-element elementor-element-4d47fc2\" data-id=\"4d47fc2\" data-element_type=\"column\">\n\t\t\t<div class=\"elementor-column-wrap elementor-element-populated\">\n\t\t\t\t\t\t\t<div class=\"elementor-widget-wrap\">\n\t\t\t\t\t\t<div class=\"elementor-element elementor-element-562cbb9 elementor-widget elementor-widget-text-editor\" data-id=\"562cbb9\" data-element_type=\"widget\" data-widget_type=\"text-editor.default\">\n\t\t\t\t<div class=\"elementor-widget-container\">\n\t\t\t\t\t\t\t\t<div class=\"elementor-text-editor elementor-clearfix\">\n\t\t\t\t<h1>El juzgado de paz de Cuernavaca conoce los siguientes asuntos:<\/h1><pre><span style=\"caret-color: #000000; color: #000000; font-family: -webkit-standard; font-size: medium;\">I.- De los juicios cuyo monto no exceda del importe de ciento cincuenta veces el valor diario de la Unidad de Medida y Actualizaci\u00f3n. Se except\u00faan los juicios que versen sobre propiedad y dem\u00e1s derechos reales sobre inmuebles, los posesorios y los que versen sobre estado y condici\u00f3n de las personas y derechos de familia;<\/span><br \/><br \/><span style=\"caret-color: #000000; color: #000000; font-family: -webkit-standard; font-size: medium;\">II.- De la diligenciaci\u00f3n de los exhortos y despachos;\u00a0<\/span><br \/><br \/><span style=\"caret-color: #000000; color: #000000; font-family: -webkit-standard; font-size: medium;\">III.- De los delitos sancionados \u00fanicamente con multa o con pena alternativa; y\u00a0<\/span><br \/><br \/><span style=\"caret-color: #000000; color: #000000; font-family: -webkit-standard; font-size: medium;\">IV- Los dem\u00e1s asuntos que les corresponda conforme a la ley.<\/span><span style=\"caret-color: #000000; color: #000000; font-family: -webkit-standard; font-size: medium;\"><br \/><\/span><\/pre>\t\t\t\t\t<\/div>\n\t\t\t\t\t\t<\/div>\n\t\t\t\t<\/div>\n\t\t\t\t\t\t<\/div>\n\t\t\t\t\t<\/div>\n\t\t<\/div>\n\t\t\t\t\t\t\t\t<\/div>\n\t\t\t\t\t<\/div>\n\t\t<\/section>\n\t\t\t\t<section class=\"elementor-section elementor-top-section elementor-element elementor-element-39b1e5d elementor-section-boxed elementor-section-height-default elementor-section-height-default\" data-id=\"39b1e5d\" data-element_type=\"section\">\n\t\t\t\t\t\t<div class=\"elementor-container elementor-column-gap-default\">\n\t\t\t\t\t\t\t<div class=\"elementor-row\">\n\t\t\t\t\t<div class=\"elementor-column elementor-col-100 elementor-top-column elementor-element elementor-element-7e8474e\" data-id=\"7e8474e\" data-element_type=\"column\">\n\t\t\t<div class=\"elementor-column-wrap elementor-element-populated\">\n\t\t\t\t\t\t\t<div class=\"elementor-widget-wrap\">\n\t\t\t\t\t\t<div class=\"elementor-element elementor-element-16b639e elementor-widget elementor-widget-heading\" data-id=\"16b639e\" data-element_type=\"widget\" data-widget_type=\"heading.default\">\n\t\t\t\t<div class=\"elementor-widget-container\">\n\t\t\t<h2 class=\"elementor-heading-title elementor-size-default\">Juzgado de Paz<\/h2>\t\t<\/div>\n\t\t\t\t<\/div>\n\t\t\t\t<div class=\"elementor-element elementor-element-6a32525 elementor-widget elementor-widget-text-editor\" data-id=\"6a32525\" data-element_type=\"widget\" data-widget_type=\"text-editor.default\">\n\t\t\t\t<div class=\"elementor-widget-container\">\n\t\t\t\t\t\t\t\t<div class=\"elementor-text-editor elementor-clearfix\">\n\t\t\t\t<p style=\"text-align: center;\">Calle Peric\u00f3n 116, 3er. Piso, interior de Plaza Andr\u00f3meda, Colonia Miraval.<\/p>\t\t\t\t\t<\/div>\n\t\t\t\t\t\t<\/div>\n\t\t\t\t<\/div>\n\t\t\t\t<div class=\"elementor-element elementor-element-476b1a4 elementor-icon-list--layout-inline elementor-align-center elementor-list-item-link-full_width elementor-widget elementor-widget-icon-list\" data-id=\"476b1a4\" data-element_type=\"widget\" data-widget_type=\"icon-list.default\">\n\t\t\t\t<div class=\"elementor-widget-container\">\n\t\t\t\t\t<ul class=\"elementor-icon-list-items elementor-inline-items\">\n\t\t\t\t\t\t\t<li class=\"elementor-icon-list-item elementor-inline-item\">\n\t\t\t\t\t\t\t\t\t\t\t<span class=\"elementor-icon-list-icon\">\n\t\t\t\t\t\t\t<i aria-hidden=\"true\" class=\"fas fa-phone-alt\"><\/i>\t\t\t\t\t\t<\/span>\n\t\t\t\t\t\t\t\t\t\t<span class=\"elementor-icon-list-text\">777 358-7019<\/span>\n\t\t\t\t\t\t\t\t\t<\/li>\n\t\t\t\t\t\t<\/ul>\n\t\t\t\t<\/div>\n\t\t\t\t<\/div>\n\t\t\t\t<div class=\"elementor-element elementor-element-0d0efda elementor-widget elementor-widget-google_maps\" data-id=\"0d0efda\" data-element_type=\"widget\" data-widget_type=\"google_maps.default\">\n\t\t\t\t<div class=\"elementor-widget-container\">\n\t\t\t\t\t<div class=\"elementor-custom-embed\">\n\t\t\t<iframe frameborder=\"0\" scrolling=\"no\" marginheight=\"0\" marginwidth=\"0\"\n\t\t\t\t\tsrc=\"https:\/\/maps.google.com\/maps?q=Calle%20Peric%C3%B3n%20116%2C%20Plaza%20Andr%C3%B3meda%2C%20Colonia%20Miraval.&#038;t=m&#038;z=18&#038;output=embed&#038;iwloc=near\"\n\t\t\t\t\ttitle=\"Calle Peric\u00f3n 116, Plaza Andr\u00f3meda, Colonia Miraval.\"\n\t\t\t\t\taria-label=\"Calle Peric\u00f3n 116, Plaza Andr\u00f3meda, Colonia Miraval.\"\n\t\t\t><\/iframe>\n\t\t<\/div>\n\t\t\t\t<\/div>\n\t\t\t\t<\/div>\n\t\t\t\t\t\t<\/div>\n\t\t\t\t\t<\/div>\n\t\t<\/div>\n\t\t\t\t\t\t\t\t<\/div>\n\t\t\t\t\t<\/div>\n\t\t<\/section>\n\t\t\t\t\t\t\t\t\t<\/div>\n\t\t\t<\/div>\n\t\t\t\t\t<\/div>\n\t\t","protected":false},"excerpt":{"rendered":"<p>El juzgado de paz de Cuernavaca conoce los siguientes asuntos: I.- De los juicios cuyo monto no exceda del importe de ciento cincuenta veces el valor diario de la Unidad de Medida y Actualizaci\u00f3n. Se except\u00faan los juicios que versen sobre propiedad y dem\u00e1s derechos reales sobre inmuebles, los posesorios y los que versen sobre [&hellip;]<\/p>\n","protected":false},"author":6,"featured_media":0,"parent":0,"menu_order":0,"comment_status":"closed","ping_status":"closed","template":"","meta":[],"_links":{"self":[{"href":"https:\/\/cuernavaca.gob.mx\/dmer\/index.php?rest_route=\/wp\/v2\/pages\/2094"}],"collection":[{"href":"https:\/\/cuernavaca.gob.mx\/dmer\/index.php?rest_route=\/wp\/v2\/pages"}],"about":[{"href":"https:\/\/cuernavaca.gob.mx\/dmer\/index.php?rest_route=\/wp\/v2\/types\/page"}],"author":[{"embeddable":true,"href":"https:\/\/cuernavaca.gob.mx\/dmer\/index.php?rest_route=\/wp\/v2\/users\/6"}],"replies":[{"embeddable":true,"href":"https:\/\/cuernavaca.gob.mx\/dmer\/index.php?rest_route=%2Fwp%2Fv2%2Fcomments&post=2094"}],"version-history":[{"count":14,"href":"https:\/\/cuernavaca.gob.mx\/dmer\/index.php?rest_route=\/wp\/v2\/pages\/2094\/revisions"}],"predecessor-version":[{"id":6367,"href":"https:\/\/cuernavaca.gob.mx\/dmer\/index.php?rest_route=\/wp\/v2\/pages\/2094\/revisions\/6367"}],"wp:attachment":[{"href":"https:\/\/cuernavaca.gob.mx\/dmer\/index.php?rest_route=%2Fwp%2Fv2%2Fmedia&parent=2094"}],"curies":[{"name":"wp","href":"https:\/\/api.w.org\/{rel}","templated":true}]}}