{"id":21,"date":"2018-11-27T09:15:18","date_gmt":"2018-11-27T15:15:18","guid":{"rendered":"http:\/\/www.cuernavaca.gob.mx\/dmer\/?page_id=21"},"modified":"2018-11-27T14:48:48","modified_gmt":"2018-11-27T20:48:48","slug":"mision-vision-y-valores","status":"publish","type":"page","link":"https:\/\/cuernavaca.gob.mx\/dmer\/?page_id=21","title":{"rendered":"Misi\u00f3n, Visi\u00f3n y Valores."},"content":{"rendered":"<hr \/>\n<h3 style=\"text-align: justify;\"><strong>MISI\u00d3N<\/strong><\/h3>\n<p style=\"text-align: justify;\">Crear y mantener un marco regulatorio transparente y eficiente, mediante la simplificaci\u00f3n de los procedimientos jur\u00eddicos y la eliminaci\u00f3n de los obst\u00e1culos para la operaci\u00f3n eficiente de las actividades del sector productivo y la sociedad civil, con el fin de mejorar los niveles de competitividad en el Municipio de Cuernavaca.<\/p>\n<hr \/>\n<h3 style=\"text-align: justify;\"><strong>VISI\u00d3N<\/strong><\/h3>\n<p style=\"text-align: justify;\">Ser un organismo de vanguardia, transparente y eficiente que promueva la calidad del marco regulatorio municipal, garantizando que las regulaciones generen beneficios mayores a sus costos para la sociedad.<\/p>\n<hr \/>\n<h3 style=\"text-align: justify;\"><strong>VALORES<\/strong><\/h3>\n<p style=\"text-align: justify;\">Confianza, Equidad, Eficiencia, Identidad, justicia, Objetividad, Respeto, Transparencia, Compromiso Social, Eficacia, Honestidad, Imparcialidad, Legalidad, Rendici\u00f3n de Cuentas y Sustentabilidad.<\/p>\n","protected":false},"excerpt":{"rendered":"<p>MISI\u00d3N Crear y mantener un marco regulatorio transparente y eficiente, mediante la simplificaci\u00f3n de los procedimientos jur\u00eddicos y la eliminaci\u00f3n de los obst\u00e1culos para la operaci\u00f3n eficiente de las actividades del sector productivo y la sociedad civil, con el fin de mejorar los niveles de competitividad en el Municipio de Cuernavaca. VISI\u00d3N Ser un organismo [&hellip;]<\/p>\n","protected":false},"author":6,"featured_media":0,"parent":0,"menu_order":0,"comment_status":"closed","ping_status":"closed","template":"","meta":[],"_links":{"self":[{"href":"https:\/\/cuernavaca.gob.mx\/dmer\/index.php?rest_route=\/wp\/v2\/pages\/21"}],"collection":[{"href":"https:\/\/cuernavaca.gob.mx\/dmer\/index.php?rest_route=\/wp\/v2\/pages"}],"about":[{"href":"https:\/\/cuernavaca.gob.mx\/dmer\/index.php?rest_route=\/wp\/v2\/types\/page"}],"author":[{"embeddable":true,"href":"https:\/\/cuernavaca.gob.mx\/dmer\/index.php?rest_route=\/wp\/v2\/users\/6"}],"replies":[{"embeddable":true,"href":"https:\/\/cuernavaca.gob.mx\/dmer\/index.php?rest_route=%2Fwp%2Fv2%2Fcomments&post=21"}],"version-history":[{"count":4,"href":"https:\/\/cuernavaca.gob.mx\/dmer\/index.php?rest_route=\/wp\/v2\/pages\/21\/revisions"}],"predecessor-version":[{"id":89,"href":"https:\/\/cuernavaca.gob.mx\/dmer\/index.php?rest_route=\/wp\/v2\/pages\/21\/revisions\/89"}],"wp:attachment":[{"href":"https:\/\/cuernavaca.gob.mx\/dmer\/index.php?rest_route=%2Fwp%2Fv2%2Fmedia&parent=21"}],"curies":[{"name":"wp","href":"https:\/\/api.w.org\/{rel}","templated":true}]}}