{"id":2126,"date":"2021-02-02T15:38:01","date_gmt":"2021-02-02T21:38:01","guid":{"rendered":"http:\/\/cuernavaca.gob.mx\/dmer\/?page_id=2126"},"modified":"2025-08-26T13:35:43","modified_gmt":"2025-08-26T19:35:43","slug":"36-licencias-de-funcionamiento","status":"publish","type":"page","link":"https:\/\/cuernavaca.gob.mx\/dmer\/?page_id=2126","title":{"rendered":"36 &#8211; LICENCIAS DE FUNCIONAMIENTO"},"content":{"rendered":"\t\t<div data-elementor-type=\"wp-page\" data-elementor-id=\"2126\" class=\"elementor elementor-2126\">\n\t\t\t\t\t\t<div class=\"elementor-inner\">\n\t\t\t\t<div class=\"elementor-section-wrap\">\n\t\t\t\t\t\t\t\t\t<section class=\"elementor-section elementor-top-section elementor-element elementor-element-0c2b284 elementor-section-boxed elementor-section-height-default elementor-section-height-default\" data-id=\"0c2b284\" data-element_type=\"section\">\n\t\t\t\t\t\t<div class=\"elementor-container elementor-column-gap-default\">\n\t\t\t\t\t\t\t<div class=\"elementor-row\">\n\t\t\t\t\t<div class=\"elementor-column elementor-col-100 elementor-top-column elementor-element elementor-element-be96341\" data-id=\"be96341\" data-element_type=\"column\">\n\t\t\t<div class=\"elementor-column-wrap elementor-element-populated\">\n\t\t\t\t\t\t\t<div class=\"elementor-widget-wrap\">\n\t\t\t\t\t\t<div class=\"elementor-element elementor-element-a6f1a82 elementor-widget elementor-widget-heading\" data-id=\"a6f1a82\" data-element_type=\"widget\" data-widget_type=\"heading.default\">\n\t\t\t\t<div class=\"elementor-widget-container\">\n\t\t\t<h2 class=\"elementor-heading-title elementor-size-default\">Secretar\u00eda de Desarrollo Econ\u00f3mico y Turismo<\/h2>\t\t<\/div>\n\t\t\t\t<\/div>\n\t\t\t\t<section class=\"elementor-section elementor-inner-section elementor-element elementor-element-2b3790a elementor-section-boxed elementor-section-height-default elementor-section-height-default\" data-id=\"2b3790a\" data-element_type=\"section\">\n\t\t\t\t\t\t<div class=\"elementor-container elementor-column-gap-default\">\n\t\t\t\t\t\t\t<div class=\"elementor-row\">\n\t\t\t\t\t<div class=\"elementor-column elementor-col-50 elementor-inner-column elementor-element elementor-element-40cb88a\" data-id=\"40cb88a\" data-element_type=\"column\">\n\t\t\t<div class=\"elementor-column-wrap elementor-element-populated\">\n\t\t\t\t\t\t\t<div class=\"elementor-widget-wrap\">\n\t\t\t\t\t\t<div class=\"elementor-element elementor-element-856d919 elementor-button-info elementor-align-center elementor-widget elementor-widget-button\" data-id=\"856d919\" data-element_type=\"widget\" data-widget_type=\"button.default\">\n\t\t\t\t<div class=\"elementor-widget-container\">\n\t\t\t\t\t<div class=\"elementor-button-wrapper\">\n\t\t\t<a href=\"https:\/\/cuernavaca.gob.mx\/dmer\/wp-content\/uploads\/2025\/08\/FORMATO-SARE-2025.pdf\" class=\"elementor-button-link elementor-button elementor-size-xl\" role=\"button\">\n\t\t\t\t\t\t<span class=\"elementor-button-content-wrapper\">\n\t\t\t\t\t\t<span class=\"elementor-button-text\">Formato \u00fanico de apertura de actividades econ\u00f3micas SARE<\/span>\n\t\t<\/span>\n\t\t\t\t\t<\/a>\n\t\t<\/div>\n\t\t\t\t<\/div>\n\t\t\t\t<\/div>\n\t\t\t\t\t\t<\/div>\n\t\t\t\t\t<\/div>\n\t\t<\/div>\n\t\t\t\t<div class=\"elementor-column elementor-col-50 elementor-inner-column elementor-element elementor-element-cf5feb4\" data-id=\"cf5feb4\" data-element_type=\"column\">\n\t\t\t<div class=\"elementor-column-wrap elementor-element-populated\">\n\t\t\t\t\t\t\t<div class=\"elementor-widget-wrap\">\n\t\t\t\t\t\t<div class=\"elementor-element elementor-element-997cddd elementor-button-info elementor-align-center elementor-widget elementor-widget-button\" data-id=\"997cddd\" data-element_type=\"widget\" data-widget_type=\"button.default\">\n\t\t\t\t<div class=\"elementor-widget-container\">\n\t\t\t\t\t<div class=\"elementor-button-wrapper\">\n\t\t\t<a href=\"https:\/\/cuernavaca.gob.mx\/dmer\/wp-content\/uploads\/2025\/08\/FORMATO-ORDINARIO-CVA-2025.pdf\" class=\"elementor-button-link elementor-button elementor-size-xl\" role=\"button\">\n\t\t\t\t\t\t<span class=\"elementor-button-content-wrapper\">\n\t\t\t\t\t\t<span class=\"elementor-button-text\">Formato de solicitud de apertura de actividades econ\u00f3micas ordinaria o CVA<\/span>\n\t\t<\/span>\n\t\t\t\t\t<\/a>\n\t\t<\/div>\n\t\t\t\t<\/div>\n\t\t\t\t<\/div>\n\t\t\t\t\t\t<\/div>\n\t\t\t\t\t<\/div>\n\t\t<\/div>\n\t\t\t\t\t\t\t\t<\/div>\n\t\t\t\t\t<\/div>\n\t\t<\/section>\n\t\t\t\t<div class=\"elementor-element elementor-element-61e664f elementor-hidden-desktop elementor-hidden-tablet elementor-hidden-mobile elementor-widget elementor-widget-ova_contact_slide\" data-id=\"61e664f\" data-element_type=\"widget\" data-settings=\"{&quot;pause_on_hover&quot;:&quot;yes&quot;,&quot;infinite&quot;:&quot;yes&quot;,&quot;dot_control&quot;:&quot;yes&quot;}\" data-widget_type=\"ova_contact_slide.default\">\n\t\t\t\t<div class=\"elementor-widget-container\">\n\t\t\t\t\t<div class=\"ova_contact_slide \">\n\t\t\t\n\t\t\t<div class=\"slide-contact owl-carousel owl-theme \" data-options=\"{&quot;items&quot;:2,&quot;slideBy&quot;:1,&quot;margin&quot;:41,&quot;autoplayHoverPause&quot;:true,&quot;loop&quot;:true,&quot;autoplay&quot;:false,&quot;autoplayTimeout&quot;:2000,&quot;smartSpeed&quot;:500,&quot;dots&quot;:true}\">\n\t\t\t\t\n\t\t\t\t\n\t\t\t\t\t\t\t\t\t\t\t<div class=\"item\">\n\t\t\t\t\t\t\t<h3>\n\t\t\t\t\t\t\t\t<a href=\"https:\/\/catalogonacional.gob.mx\/FichaTramite?traHomoclave=SDEyT-2022-8179-004-A\">\n\t\t\t\t\t\t\t\t\tLicencia de funcionamiento modalidad SARE\t\t\t\t\t\t\t\t<\/a>\n\t\t\t\t\t\t\t<\/h3>\n\t\t\t\t\t\t\t<div class=\"address\">\n\t\t\t\t\t\t\t\t<p>\n\t\t\t\t\t\t\t\t\tDirecci\u00f3n de Licencias de Funcionamiento\t\t\t\t\t\t\t\t<\/p>\n\t\t\t\t\t\t\t<\/div>\n\t\t\t\t\t\t\t\n\t\t\t\t\t\t\t<div class=\"mail\">\n\t\t\t\t\t\t\t\t\n\t\t\t\t\t\t\t\t<a href=\"mailto:\" class=\"email\">\n\t\t\t\t\t\t\t\t\t<i class=\"far fa-envelope\"><\/i>\n\t\t\t\t\t\t\t\t\t\t\t\t\t\t\t\t\t<\/a>\n\t\t\t\t\t\t\t<\/div>\n\n\t\t\t\t\t\t\t<div class=\"phone\">\n\n\t\t\t\t\t\t\t\t<a href=\"tel:\">\n\t\t\t\t\t\t\t\t\t<i class=\"fas fa-phone-alt\"><\/i>\n\t\t\t\t\t\t\t\t\t(777) 329-4425\t\t\t\t\t\t\t\t<\/a>\n\t\t\t\t\t\t\t<\/div>\n\n\t\t\t\t\t\t\t<div class=\"read_more\">\n\t\t\t\t\t\t\t\t<a class=\"second_font\" href=\"https:\/\/catalogonacional.gob.mx\/FichaTramite?traHomoclave=SDEyT-2022-8179-004-A\">\n\t\t\t\t\t\t\t\t\tConsulta toda la informaci\u00f3n aqu\u00ed\t\t\t\t\t\t\t\t<\/a>\n\t\t\t\t\t\t\t<\/div>\n\n\t\t\t\t\t\t<\/div>\n\t\t\t\t\t\t\t\t\t\t\t<div class=\"item\">\n\t\t\t\t\t\t\t<h3>\n\t\t\t\t\t\t\t\t<a href=\"https:\/\/catalogonacional.gob.mx\/FichaTramite?traHomoclave=SDEyT-2022-8179-003-A\">\n\t\t\t\t\t\t\t\t\tLicencia de funcionamiento modalidad ordinaria para unidades econ\u00f3micas (no SARE)\t\t\t\t\t\t\t\t<\/a>\n\t\t\t\t\t\t\t<\/h3>\n\t\t\t\t\t\t\t<div class=\"address\">\n\t\t\t\t\t\t\t\t<p>\n\t\t\t\t\t\t\t\t\tDirecci\u00f3n de Licencias de Funcionamiento\t\t\t\t\t\t\t\t<\/p>\n\t\t\t\t\t\t\t<\/div>\n\t\t\t\t\t\t\t\n\t\t\t\t\t\t\t<div class=\"mail\">\n\t\t\t\t\t\t\t\t\n\t\t\t\t\t\t\t\t<a href=\"mailto:\" class=\"email\">\n\t\t\t\t\t\t\t\t\t<i class=\"far fa-envelope\"><\/i>\n\t\t\t\t\t\t\t\t\t\t\t\t\t\t\t\t\t<\/a>\n\t\t\t\t\t\t\t<\/div>\n\n\t\t\t\t\t\t\t<div class=\"phone\">\n\n\t\t\t\t\t\t\t\t<a href=\"tel:\">\n\t\t\t\t\t\t\t\t\t<i class=\"fas fa-phone-alt\"><\/i>\n\t\t\t\t\t\t\t\t\t(777) 329-4425\t\t\t\t\t\t\t\t<\/a>\n\t\t\t\t\t\t\t<\/div>\n\n\t\t\t\t\t\t\t<div class=\"read_more\">\n\t\t\t\t\t\t\t\t<a class=\"second_font\" href=\"https:\/\/catalogonacional.gob.mx\/FichaTramite?traHomoclave=SDEyT-2022-8179-003-A\">\n\t\t\t\t\t\t\t\t\tConsulta toda la informaci\u00f3n aqu\u00ed\t\t\t\t\t\t\t\t<\/a>\n\t\t\t\t\t\t\t<\/div>\n\n\t\t\t\t\t\t<\/div>\n\t\t\t\t\t\t\t\t\t\t\t<div class=\"item\">\n\t\t\t\t\t\t\t<h3>\n\t\t\t\t\t\t\t\t<a href=\"https:\/\/catalogonacional.gob.mx\/FichaTramite\/SDEyT-2022-8179-010-A\">\n\t\t\t\t\t\t\t\t\tLicencia de funcionamiento para venta, distribuci\u00f3n o consumo de alcohol\t\t\t\t\t\t\t\t<\/a>\n\t\t\t\t\t\t\t<\/h3>\n\t\t\t\t\t\t\t<div class=\"address\">\n\t\t\t\t\t\t\t\t<p>\n\t\t\t\t\t\t\t\t\tDirecci\u00f3n de Licencias de Funcionamiento\t\t\t\t\t\t\t\t<\/p>\n\t\t\t\t\t\t\t<\/div>\n\t\t\t\t\t\t\t\n\t\t\t\t\t\t\t<div class=\"mail\">\n\t\t\t\t\t\t\t\t\n\t\t\t\t\t\t\t\t<a href=\"mailto:\" class=\"email\">\n\t\t\t\t\t\t\t\t\t<i class=\"far fa-envelope\"><\/i>\n\t\t\t\t\t\t\t\t\t\t\t\t\t\t\t\t\t<\/a>\n\t\t\t\t\t\t\t<\/div>\n\n\t\t\t\t\t\t\t<div class=\"phone\">\n\n\t\t\t\t\t\t\t\t<a href=\"tel:\">\n\t\t\t\t\t\t\t\t\t<i class=\"fas fa-phone-alt\"><\/i>\n\t\t\t\t\t\t\t\t\t(777) 329-4425\t\t\t\t\t\t\t\t<\/a>\n\t\t\t\t\t\t\t<\/div>\n\n\t\t\t\t\t\t\t<div class=\"read_more\">\n\t\t\t\t\t\t\t\t<a class=\"second_font\" href=\"https:\/\/catalogonacional.gob.mx\/FichaTramite\/SDEyT-2022-8179-010-A\">\n\t\t\t\t\t\t\t\t\tConsulta toda la informaci\u00f3n aqu\u00ed\t\t\t\t\t\t\t\t<\/a>\n\t\t\t\t\t\t\t<\/div>\n\n\t\t\t\t\t\t<\/div>\n\t\t\t\t\t\t\t\t\t\t\t<div class=\"item\">\n\t\t\t\t\t\t\t<h3>\n\t\t\t\t\t\t\t\t<a href=\"https:\/\/catalogonacional.gob.mx\/FichaTramite\/SDEyT-2022-8179-028-A\">\n\t\t\t\t\t\t\t\t\tAviso o refrendo de licencias de funcionamiento ordinaria y SARE\t\t\t\t\t\t\t\t<\/a>\n\t\t\t\t\t\t\t<\/h3>\n\t\t\t\t\t\t\t<div class=\"address\">\n\t\t\t\t\t\t\t\t<p>\n\t\t\t\t\t\t\t\t\tDirecci\u00f3n de Licencias de Funcionamiento\t\t\t\t\t\t\t\t<\/p>\n\t\t\t\t\t\t\t<\/div>\n\t\t\t\t\t\t\t\n\t\t\t\t\t\t\t<div class=\"mail\">\n\t\t\t\t\t\t\t\t\n\t\t\t\t\t\t\t\t<a href=\"mailto:\" class=\"email\">\n\t\t\t\t\t\t\t\t\t<i class=\"far fa-envelope\"><\/i>\n\t\t\t\t\t\t\t\t\t\t\t\t\t\t\t\t\t<\/a>\n\t\t\t\t\t\t\t<\/div>\n\n\t\t\t\t\t\t\t<div class=\"phone\">\n\n\t\t\t\t\t\t\t\t<a href=\"tel:\">\n\t\t\t\t\t\t\t\t\t<i class=\"fas fa-phone-alt\"><\/i>\n\t\t\t\t\t\t\t\t\t(777) 329-4425\t\t\t\t\t\t\t\t<\/a>\n\t\t\t\t\t\t\t<\/div>\n\n\t\t\t\t\t\t\t<div class=\"read_more\">\n\t\t\t\t\t\t\t\t<a class=\"second_font\" href=\"https:\/\/catalogonacional.gob.mx\/FichaTramite\/SDEyT-2022-8179-028-A\">\n\t\t\t\t\t\t\t\t\tConsulta toda la informaci\u00f3n aqu\u00ed\t\t\t\t\t\t\t\t<\/a>\n\t\t\t\t\t\t\t<\/div>\n\n\t\t\t\t\t\t<\/div>\n\t\t\t\t\t\t\t\t\t\t\t<div class=\"item\">\n\t\t\t\t\t\t\t<h3>\n\t\t\t\t\t\t\t\t<a href=\"https:\/\/catalogonacional.gob.mx\/FichaTramite\/SDEyT-2022-8179-039-A\">\n\t\t\t\t\t\t\t\t\tRefrendo de licencia de funcionamiento con venta, distribuci\u00f3n o consumo de alcohol\t\t\t\t\t\t\t\t<\/a>\n\t\t\t\t\t\t\t<\/h3>\n\t\t\t\t\t\t\t<div class=\"address\">\n\t\t\t\t\t\t\t\t<p>\n\t\t\t\t\t\t\t\t\tDirecci\u00f3n de Licencias de Funcionamiento\t\t\t\t\t\t\t\t<\/p>\n\t\t\t\t\t\t\t<\/div>\n\t\t\t\t\t\t\t\n\t\t\t\t\t\t\t<div class=\"mail\">\n\t\t\t\t\t\t\t\t\n\t\t\t\t\t\t\t\t<a href=\"mailto:\" class=\"email\">\n\t\t\t\t\t\t\t\t\t<i class=\"far fa-envelope\"><\/i>\n\t\t\t\t\t\t\t\t\t\t\t\t\t\t\t\t\t<\/a>\n\t\t\t\t\t\t\t<\/div>\n\n\t\t\t\t\t\t\t<div class=\"phone\">\n\n\t\t\t\t\t\t\t\t<a href=\"tel:\">\n\t\t\t\t\t\t\t\t\t<i class=\"fas fa-phone-alt\"><\/i>\n\t\t\t\t\t\t\t\t\t(777) 329-4425\t\t\t\t\t\t\t\t<\/a>\n\t\t\t\t\t\t\t<\/div>\n\n\t\t\t\t\t\t\t<div class=\"read_more\">\n\t\t\t\t\t\t\t\t<a class=\"second_font\" href=\"https:\/\/catalogonacional.gob.mx\/FichaTramite\/SDEyT-2022-8179-039-A\">\n\t\t\t\t\t\t\t\t\tConsulta toda la informaci\u00f3n aqu\u00ed\t\t\t\t\t\t\t\t<\/a>\n\t\t\t\t\t\t\t<\/div>\n\n\t\t\t\t\t\t<\/div>\n\t\t\t\t\t\n\t\t\t\t\t\t\t<\/div>\n\t\t<\/div>\n\t\t\t\t<\/div>\n\t\t\t\t<\/div>\n\t\t\t\t\t\t<\/div>\n\t\t\t\t\t<\/div>\n\t\t<\/div>\n\t\t\t\t\t\t\t\t<\/div>\n\t\t\t\t\t<\/div>\n\t\t<\/section>\n\t\t\t\t<section class=\"elementor-section elementor-top-section elementor-element elementor-element-b0f7388 elementor-section-boxed elementor-section-height-default elementor-section-height-default\" data-id=\"b0f7388\" data-element_type=\"section\">\n\t\t\t\t\t\t<div class=\"elementor-container elementor-column-gap-default\">\n\t\t\t\t\t\t\t<div class=\"elementor-row\">\n\t\t\t\t\t<div class=\"elementor-column elementor-col-100 elementor-top-column elementor-element elementor-element-3f89389\" data-id=\"3f89389\" data-element_type=\"column\">\n\t\t\t<div class=\"elementor-column-wrap elementor-element-populated\">\n\t\t\t\t\t\t\t<div class=\"elementor-widget-wrap\">\n\t\t\t\t\t\t<div class=\"elementor-element elementor-element-31761aa elementor-widget elementor-widget-heading\" data-id=\"31761aa\" data-element_type=\"widget\" data-widget_type=\"heading.default\">\n\t\t\t\t<div class=\"elementor-widget-container\">\n\t\t\t<h2 class=\"elementor-heading-title elementor-size-default\"><b><br><\/b>Direcci\u00f3n de Licencias de Funcionamiento<\/h2>\t\t<\/div>\n\t\t\t\t<\/div>\n\t\t\t\t<div class=\"elementor-element elementor-element-f04f0a2 elementor-widget elementor-widget-google_maps\" data-id=\"f04f0a2\" data-element_type=\"widget\" data-widget_type=\"google_maps.default\">\n\t\t\t\t<div class=\"elementor-widget-container\">\n\t\t\t\t\t<div class=\"elementor-custom-embed\">\n\t\t\t<iframe frameborder=\"0\" scrolling=\"no\" marginheight=\"0\" marginwidth=\"0\"\n\t\t\t\t\tsrc=\"https:\/\/maps.google.com\/maps?q=Ayuntamiento%20de%20Cuernavaca&#038;t=m&#038;z=20&#038;output=embed&#038;iwloc=near\"\n\t\t\t\t\ttitle=\"Ayuntamiento de Cuernavaca\"\n\t\t\t\t\taria-label=\"Ayuntamiento de Cuernavaca\"\n\t\t\t><\/iframe>\n\t\t<\/div>\n\t\t\t\t<\/div>\n\t\t\t\t<\/div>\n\t\t\t\t\t\t<\/div>\n\t\t\t\t\t<\/div>\n\t\t<\/div>\n\t\t\t\t\t\t\t\t<\/div>\n\t\t\t\t\t<\/div>\n\t\t<\/section>\n\t\t\t\t\t\t\t\t\t<\/div>\n\t\t\t<\/div>\n\t\t\t\t\t<\/div>\n\t\t","protected":false},"excerpt":{"rendered":"<p>Secretar\u00eda de Desarrollo Econ\u00f3mico y Turismo Formato \u00fanico de apertura de actividades econ\u00f3micas SARE Formato de solicitud de apertura de actividades econ\u00f3micas ordinaria o CVA Licencia de funcionamiento modalidad SARE Direcci\u00f3n de Licencias de Funcionamiento (777) 329-4425 Consulta toda la informaci\u00f3n aqu\u00ed Licencia de funcionamiento modalidad ordinaria para unidades econ\u00f3micas (no SARE) Direcci\u00f3n de Licencias [&hellip;]<\/p>\n","protected":false},"author":6,"featured_media":0,"parent":0,"menu_order":0,"comment_status":"closed","ping_status":"closed","template":"","meta":[],"_links":{"self":[{"href":"https:\/\/cuernavaca.gob.mx\/dmer\/index.php?rest_route=\/wp\/v2\/pages\/2126"}],"collection":[{"href":"https:\/\/cuernavaca.gob.mx\/dmer\/index.php?rest_route=\/wp\/v2\/pages"}],"about":[{"href":"https:\/\/cuernavaca.gob.mx\/dmer\/index.php?rest_route=\/wp\/v2\/types\/page"}],"author":[{"embeddable":true,"href":"https:\/\/cuernavaca.gob.mx\/dmer\/index.php?rest_route=\/wp\/v2\/users\/6"}],"replies":[{"embeddable":true,"href":"https:\/\/cuernavaca.gob.mx\/dmer\/index.php?rest_route=%2Fwp%2Fv2%2Fcomments&post=2126"}],"version-history":[{"count":37,"href":"https:\/\/cuernavaca.gob.mx\/dmer\/index.php?rest_route=\/wp\/v2\/pages\/2126\/revisions"}],"predecessor-version":[{"id":6262,"href":"https:\/\/cuernavaca.gob.mx\/dmer\/index.php?rest_route=\/wp\/v2\/pages\/2126\/revisions\/6262"}],"wp:attachment":[{"href":"https:\/\/cuernavaca.gob.mx\/dmer\/index.php?rest_route=%2Fwp%2Fv2%2Fmedia&parent=2126"}],"curies":[{"name":"wp","href":"https:\/\/api.w.org\/{rel}","templated":true}]}}