{"id":2146,"date":"2021-02-03T11:03:45","date_gmt":"2021-02-03T17:03:45","guid":{"rendered":"http:\/\/cuernavaca.gob.mx\/dmer\/?page_id=2146"},"modified":"2024-04-25T13:24:49","modified_gmt":"2024-04-25T19:24:49","slug":"38-mascotas","status":"publish","type":"page","link":"https:\/\/cuernavaca.gob.mx\/dmer\/?page_id=2146","title":{"rendered":"38 &#8211; MASCOTAS"},"content":{"rendered":"\t\t<div data-elementor-type=\"wp-page\" data-elementor-id=\"2146\" class=\"elementor elementor-2146\">\n\t\t\t\t\t\t<div class=\"elementor-inner\">\n\t\t\t\t<div class=\"elementor-section-wrap\">\n\t\t\t\t\t\t\t\t\t<section class=\"elementor-section elementor-top-section elementor-element elementor-element-ad76427 elementor-section-boxed elementor-section-height-default elementor-section-height-default\" data-id=\"ad76427\" data-element_type=\"section\">\n\t\t\t\t\t\t<div class=\"elementor-container elementor-column-gap-default\">\n\t\t\t\t\t\t\t<div class=\"elementor-row\">\n\t\t\t\t\t<div class=\"elementor-column elementor-col-100 elementor-top-column elementor-element elementor-element-f717ec4\" data-id=\"f717ec4\" data-element_type=\"column\">\n\t\t\t<div class=\"elementor-column-wrap elementor-element-populated\">\n\t\t\t\t\t\t\t<div class=\"elementor-widget-wrap\">\n\t\t\t\t\t\t<div class=\"elementor-element elementor-element-47a9d24 elementor-widget elementor-widget-heading\" data-id=\"47a9d24\" data-element_type=\"widget\" data-widget_type=\"heading.default\">\n\t\t\t\t<div class=\"elementor-widget-container\">\n\t\t\t<h2 class=\"elementor-heading-title elementor-size-default\">Fiscal\u00eda Ambiental<\/h2>\t\t<\/div>\n\t\t\t\t<\/div>\n\t\t\t\t<div class=\"elementor-element elementor-element-2073ba3 elementor-widget elementor-widget-ova_contact_slide\" data-id=\"2073ba3\" data-element_type=\"widget\" data-settings=\"{&quot;pause_on_hover&quot;:&quot;yes&quot;,&quot;infinite&quot;:&quot;yes&quot;,&quot;autoplay&quot;:&quot;yes&quot;,&quot;autoplay_speed&quot;:3000,&quot;dot_control&quot;:&quot;yes&quot;}\" data-widget_type=\"ova_contact_slide.default\">\n\t\t\t\t<div class=\"elementor-widget-container\">\n\t\t\t\t\t<div class=\"ova_contact_slide \">\n\t\t\t\n\t\t\t<div class=\"slide-contact owl-carousel owl-theme \" data-options=\"{&quot;items&quot;:3,&quot;slideBy&quot;:1,&quot;margin&quot;:41,&quot;autoplayHoverPause&quot;:true,&quot;loop&quot;:true,&quot;autoplay&quot;:true,&quot;autoplayTimeout&quot;:3000,&quot;smartSpeed&quot;:500,&quot;dots&quot;:true}\">\n\t\t\t\t\n\t\t\t\t\n\t\t\t\t\t\t\t\t\t\t\t<div class=\"item\">\n\t\t\t\t\t\t\t<h3>\n\t\t\t\t\t\t\t\t<a href=\"https:\/\/catalogonacional.gob.mx\/FichaTramite\/SDSySP-2022-8221-036-A.html\">\n\t\t\t\t\t\t\t\t\tAplicaci\u00f3n de vacunas antirr\u00e1bicas\t\t\t\t\t\t\t\t<\/a>\n\t\t\t\t\t\t\t<\/h3>\n\t\t\t\t\t\t\t<div class=\"address\">\n\t\t\t\t\t\t\t\t<p>\n\t\t\t\t\t\t\t\t\tFiscal\u00eda Ambiental\t\t\t\t\t\t\t\t<\/p>\n\t\t\t\t\t\t\t<\/div>\n\t\t\t\t\t\t\t\n\t\t\t\t\t\t\t<div class=\"mail\">\n\t\t\t\t\t\t\t\t\n\t\t\t\t\t\t\t\t<a href=\"mailto:fiscaliaambientalcuerna@gmail.com\" class=\"email\">\n\t\t\t\t\t\t\t\t\t<i class=\"far fa-envelope\"><\/i>\n\t\t\t\t\t\t\t\t\tfiscaliaambientalcuerna@gmail.com\t\t\t\t\t\t\t\t<\/a>\n\t\t\t\t\t\t\t<\/div>\n\n\t\t\t\t\t\t\t<div class=\"phone\">\n\n\t\t\t\t\t\t\t\t<a href=\"tel:\">\n\t\t\t\t\t\t\t\t\t<i class=\"fas fa-phone-alt\"><\/i>\n\t\t\t\t\t\t\t\t\t(777) 310-0000\t\t\t\t\t\t\t\t<\/a>\n\t\t\t\t\t\t\t<\/div>\n\n\t\t\t\t\t\t\t<div class=\"read_more\">\n\t\t\t\t\t\t\t\t<a class=\"second_font\" href=\"https:\/\/catalogonacional.gob.mx\/FichaTramite\/SDSySP-2022-8221-036-A.html\">\n\t\t\t\t\t\t\t\t\tConsulta toda la informaci\u00f3n aqu\u00ed\t\t\t\t\t\t\t\t<\/a>\n\t\t\t\t\t\t\t<\/div>\n\n\t\t\t\t\t\t<\/div>\n\t\t\t\t\t\t\t\t\t\t\t<div class=\"item\">\n\t\t\t\t\t\t\t<h3>\n\t\t\t\t\t\t\t\t<a href=\"https:\/\/catalogonacional.gob.mx\/FichaTramite\/SDSySP-2022-8221-050-A.html\">\n\t\t\t\t\t\t\t\t\tAsesor\u00eda m\u00e9dico veterinaria\t\t\t\t\t\t\t\t<\/a>\n\t\t\t\t\t\t\t<\/h3>\n\t\t\t\t\t\t\t<div class=\"address\">\n\t\t\t\t\t\t\t\t<p>\n\t\t\t\t\t\t\t\t\tFiscal\u00eda Ambiental\t\t\t\t\t\t\t\t<\/p>\n\t\t\t\t\t\t\t<\/div>\n\t\t\t\t\t\t\t\n\t\t\t\t\t\t\t<div class=\"mail\">\n\t\t\t\t\t\t\t\t\n\t\t\t\t\t\t\t\t<a href=\"mailto:fiscaliaambientalcuerna@gmail.com\" class=\"email\">\n\t\t\t\t\t\t\t\t\t<i class=\"far fa-envelope\"><\/i>\n\t\t\t\t\t\t\t\t\tfiscaliaambientalcuerna@gmail.com\t\t\t\t\t\t\t\t<\/a>\n\t\t\t\t\t\t\t<\/div>\n\n\t\t\t\t\t\t\t<div class=\"phone\">\n\n\t\t\t\t\t\t\t\t<a href=\"tel:\">\n\t\t\t\t\t\t\t\t\t<i class=\"fas fa-phone-alt\"><\/i>\n\t\t\t\t\t\t\t\t\t(777) 310-0000\t\t\t\t\t\t\t\t<\/a>\n\t\t\t\t\t\t\t<\/div>\n\n\t\t\t\t\t\t\t<div class=\"read_more\">\n\t\t\t\t\t\t\t\t<a class=\"second_font\" href=\"https:\/\/catalogonacional.gob.mx\/FichaTramite\/SDSySP-2022-8221-050-A.html\">\n\t\t\t\t\t\t\t\t\tConsulta toda la informaci\u00f3n aqu\u00ed\t\t\t\t\t\t\t\t<\/a>\n\t\t\t\t\t\t\t<\/div>\n\n\t\t\t\t\t\t<\/div>\n\t\t\t\t\t\t\t\t\t\t\t<div class=\"item\">\n\t\t\t\t\t\t\t<h3>\n\t\t\t\t\t\t\t\t<a href=\"https:\/\/catalogonacional.gob.mx\/FichaTramite\/SDSySP-2022-8221-040-A.html\">\n\t\t\t\t\t\t\t\t\tEsterilizaciones a perros y gatos\t\t\t\t\t\t\t\t<\/a>\n\t\t\t\t\t\t\t<\/h3>\n\t\t\t\t\t\t\t<div class=\"address\">\n\t\t\t\t\t\t\t\t<p>\n\t\t\t\t\t\t\t\t\tFiscal\u00eda Ambiental\t\t\t\t\t\t\t\t<\/p>\n\t\t\t\t\t\t\t<\/div>\n\t\t\t\t\t\t\t\n\t\t\t\t\t\t\t<div class=\"mail\">\n\t\t\t\t\t\t\t\t\n\t\t\t\t\t\t\t\t<a href=\"mailto:health@example.com\" class=\"email\">\n\t\t\t\t\t\t\t\t\t<i class=\"far fa-envelope\"><\/i>\n\t\t\t\t\t\t\t\t\tfiscaliaambientalcuerna@gmail.com\t\t\t\t\t\t\t\t<\/a>\n\t\t\t\t\t\t\t<\/div>\n\n\t\t\t\t\t\t\t<div class=\"phone\">\n\n\t\t\t\t\t\t\t\t<a href=\"tel:fiscaliaambientalcuerna@gmail.com\">\n\t\t\t\t\t\t\t\t\t<i class=\"fas fa-phone-alt\"><\/i>\n\t\t\t\t\t\t\t\t\t(777) 310-0000\t\t\t\t\t\t\t\t<\/a>\n\t\t\t\t\t\t\t<\/div>\n\n\t\t\t\t\t\t\t<div class=\"read_more\">\n\t\t\t\t\t\t\t\t<a class=\"second_font\" href=\"https:\/\/catalogonacional.gob.mx\/FichaTramite\/SDSySP-2022-8221-040-A.html\">\n\t\t\t\t\t\t\t\t\tConsulta toda la informaci\u00f3n aqu\u00ed\t\t\t\t\t\t\t\t<\/a>\n\t\t\t\t\t\t\t<\/div>\n\n\t\t\t\t\t\t<\/div>\n\t\t\t\t\t\t\t\t\t\t\t<div class=\"item\">\n\t\t\t\t\t\t\t<h3>\n\t\t\t\t\t\t\t\t<a href=\"https:\/\/catalogonacional.gob.mx\/FichaTramite\/SDSySP-2022-8221-038-A.html\">\n\t\t\t\t\t\t\t\t\tSacrificio humanitario de perros y gatos\t\t\t\t\t\t\t\t<\/a>\n\t\t\t\t\t\t\t<\/h3>\n\t\t\t\t\t\t\t<div class=\"address\">\n\t\t\t\t\t\t\t\t<p>\n\t\t\t\t\t\t\t\t\tFiscal\u00eda Ambiental\t\t\t\t\t\t\t\t<\/p>\n\t\t\t\t\t\t\t<\/div>\n\t\t\t\t\t\t\t\n\t\t\t\t\t\t\t<div class=\"mail\">\n\t\t\t\t\t\t\t\t\n\t\t\t\t\t\t\t\t<a href=\"mailto:fiscaliaambientalcuerna@gmail.com\" class=\"email\">\n\t\t\t\t\t\t\t\t\t<i class=\"far fa-envelope\"><\/i>\n\t\t\t\t\t\t\t\t\tfiscaliaambientalcuerna@gmail.com\t\t\t\t\t\t\t\t<\/a>\n\t\t\t\t\t\t\t<\/div>\n\n\t\t\t\t\t\t\t<div class=\"phone\">\n\n\t\t\t\t\t\t\t\t<a href=\"tel:\">\n\t\t\t\t\t\t\t\t\t<i class=\"fas fa-phone-alt\"><\/i>\n\t\t\t\t\t\t\t\t\t(777) 310-0000\t\t\t\t\t\t\t\t<\/a>\n\t\t\t\t\t\t\t<\/div>\n\n\t\t\t\t\t\t\t<div class=\"read_more\">\n\t\t\t\t\t\t\t\t<a class=\"second_font\" href=\"https:\/\/catalogonacional.gob.mx\/FichaTramite\/SDSySP-2022-8221-038-A.html\">\n\t\t\t\t\t\t\t\t\tConsulta toda la informaci\u00f3n\t\t\t\t\t\t\t\t<\/a>\n\t\t\t\t\t\t\t<\/div>\n\n\t\t\t\t\t\t<\/div>\n\t\t\t\t\t\n\t\t\t\t\t\t\t<\/div>\n\t\t<\/div>\n\t\t\t\t<\/div>\n\t\t\t\t<\/div>\n\t\t\t\t\t\t<\/div>\n\t\t\t\t\t<\/div>\n\t\t<\/div>\n\t\t\t\t\t\t\t\t<\/div>\n\t\t\t\t\t<\/div>\n\t\t<\/section>\n\t\t\t\t<section class=\"elementor-section elementor-top-section elementor-element elementor-element-f4e1fe1 elementor-section-boxed elementor-section-height-default elementor-section-height-default\" data-id=\"f4e1fe1\" data-element_type=\"section\">\n\t\t\t\t\t\t<div class=\"elementor-container elementor-column-gap-default\">\n\t\t\t\t\t\t\t<div class=\"elementor-row\">\n\t\t\t\t\t<div class=\"elementor-column elementor-col-100 elementor-top-column elementor-element elementor-element-59e5b57\" data-id=\"59e5b57\" data-element_type=\"column\">\n\t\t\t<div class=\"elementor-column-wrap elementor-element-populated\">\n\t\t\t\t\t\t\t<div class=\"elementor-widget-wrap\">\n\t\t\t\t\t\t<div class=\"elementor-element elementor-element-be4f436 elementor-widget elementor-widget-heading\" data-id=\"be4f436\" data-element_type=\"widget\" data-widget_type=\"heading.default\">\n\t\t\t\t<div class=\"elementor-widget-container\">\n\t\t\t<h2 class=\"elementor-heading-title elementor-size-default\">Fiscal\u00eda Ambiental<\/h2>\t\t<\/div>\n\t\t\t\t<\/div>\n\t\t\t\t<div class=\"elementor-element elementor-element-c39e1cf elementor-widget elementor-widget-google_maps\" data-id=\"c39e1cf\" data-element_type=\"widget\" data-widget_type=\"google_maps.default\">\n\t\t\t\t<div class=\"elementor-widget-container\">\n\t\t\t\t\t<div class=\"elementor-custom-embed\">\n\t\t\t<iframe frameborder=\"0\" scrolling=\"no\" marginheight=\"0\" marginwidth=\"0\"\n\t\t\t\t\tsrc=\"https:\/\/maps.google.com\/maps?q=aula%20ambiental%20cuernavaca&#038;t=m&#038;z=20&#038;output=embed&#038;iwloc=near\"\n\t\t\t\t\ttitle=\"aula ambiental cuernavaca\"\n\t\t\t\t\taria-label=\"aula ambiental cuernavaca\"\n\t\t\t><\/iframe>\n\t\t<\/div>\n\t\t\t\t<\/div>\n\t\t\t\t<\/div>\n\t\t\t\t\t\t<\/div>\n\t\t\t\t\t<\/div>\n\t\t<\/div>\n\t\t\t\t\t\t\t\t<\/div>\n\t\t\t\t\t<\/div>\n\t\t<\/section>\n\t\t\t\t<section class=\"elementor-section elementor-top-section elementor-element elementor-element-cdd1be1 elementor-section-boxed elementor-section-height-default elementor-section-height-default\" data-id=\"cdd1be1\" data-element_type=\"section\">\n\t\t\t\t\t\t<div class=\"elementor-container elementor-column-gap-default\">\n\t\t\t\t\t\t\t<div class=\"elementor-row\">\n\t\t\t\t\t<div class=\"elementor-column elementor-col-100 elementor-top-column elementor-element elementor-element-b8ec8d8\" data-id=\"b8ec8d8\" data-element_type=\"column\">\n\t\t\t<div class=\"elementor-column-wrap elementor-element-populated\">\n\t\t\t\t\t\t\t<div class=\"elementor-widget-wrap\">\n\t\t\t\t\t\t<div class=\"elementor-element elementor-element-0f50778 elementor-hidden-desktop elementor-hidden-tablet elementor-hidden-phone elementor-widget elementor-widget-text-editor\" data-id=\"0f50778\" data-element_type=\"widget\" data-widget_type=\"text-editor.default\">\n\t\t\t\t<div class=\"elementor-widget-container\">\n\t\t\t\t\t\t\t\t<div class=\"elementor-text-editor elementor-clearfix\">\n\t\t\t\t<h2 style=\"text-align: center;\"><span style=\"color: #1fa8c4;\">\u00cdndice de tr\u00e1mites<\/span><\/h2><ol><li><span style=\"color: #1fa8c4;\">Aplicaci\u00f3n de vacunas antirr\u00e1bicas a perros y gatos\u00a0 en el municipio de Cuernavaca;<\/span><\/li><li><span style=\"color: #1fa8c4;\">Captura de perros en v\u00eda publica dentro del municipio de Cuernavaca;<\/span><\/li><li><span style=\"color: #1fa8c4;\">Esterilizaciones de perros y gatos, machos o hembras que se encuentren dentro del municipio de Cuernavaca;<\/span><\/li><li><span style=\"color: #1fa8c4;\">Sacrificio humanitario de perros y gatos dentro del municipio de Cuernavaca;<\/span><\/li><li><span style=\"color: #1fa8c4;\">Levantamiento de cad\u00e1veres de animales en v\u00eda publica dentro del municipio de Cuernavaca;<\/span><\/li><li><span style=\"color: #1fa8c4;\">Entrega de perros o gatos agresores a ciudadanos y que deben estar en periodo de observaci\u00f3n para descartar rabia dentro del municipio de Cuernavaca;<\/span><\/li><li><span style=\"color: #1fa8c4;\">Asesor\u00eda m\u00e9dico veterinario (consultas), y<\/span><\/li><li><span style=\"color: #1fa8c4;\">Pr\u00e9stamo de jaula-trampa para gatos, tlacuaches, ardillas para reubicaci\u00f3n o sacrificio.<\/span><\/li><\/ol>\t\t\t\t\t<\/div>\n\t\t\t\t\t\t<\/div>\n\t\t\t\t<\/div>\n\t\t\t\t\t\t<\/div>\n\t\t\t\t\t<\/div>\n\t\t<\/div>\n\t\t\t\t\t\t\t\t<\/div>\n\t\t\t\t\t<\/div>\n\t\t<\/section>\n\t\t\t\t\t\t\t\t\t<\/div>\n\t\t\t<\/div>\n\t\t\t\t\t<\/div>\n\t\t","protected":false},"excerpt":{"rendered":"<p>Fiscal\u00eda Ambiental Aplicaci\u00f3n de vacunas antirr\u00e1bicas Fiscal\u00eda Ambiental fiscaliaambientalcuerna@gmail.com (777) 310-0000 Consulta toda la informaci\u00f3n aqu\u00ed Asesor\u00eda m\u00e9dico veterinaria Fiscal\u00eda Ambiental fiscaliaambientalcuerna@gmail.com (777) 310-0000 Consulta toda la informaci\u00f3n aqu\u00ed Esterilizaciones a perros y gatos Fiscal\u00eda Ambiental fiscaliaambientalcuerna@gmail.com (777) 310-0000 Consulta toda la informaci\u00f3n aqu\u00ed Sacrificio humanitario de perros y gatos Fiscal\u00eda Ambiental fiscaliaambientalcuerna@gmail.com (777) 310-0000 [&hellip;]<\/p>\n","protected":false},"author":6,"featured_media":0,"parent":0,"menu_order":0,"comment_status":"closed","ping_status":"closed","template":"","meta":[],"_links":{"self":[{"href":"https:\/\/cuernavaca.gob.mx\/dmer\/index.php?rest_route=\/wp\/v2\/pages\/2146"}],"collection":[{"href":"https:\/\/cuernavaca.gob.mx\/dmer\/index.php?rest_route=\/wp\/v2\/pages"}],"about":[{"href":"https:\/\/cuernavaca.gob.mx\/dmer\/index.php?rest_route=\/wp\/v2\/types\/page"}],"author":[{"embeddable":true,"href":"https:\/\/cuernavaca.gob.mx\/dmer\/index.php?rest_route=\/wp\/v2\/users\/6"}],"replies":[{"embeddable":true,"href":"https:\/\/cuernavaca.gob.mx\/dmer\/index.php?rest_route=%2Fwp%2Fv2%2Fcomments&post=2146"}],"version-history":[{"count":32,"href":"https:\/\/cuernavaca.gob.mx\/dmer\/index.php?rest_route=\/wp\/v2\/pages\/2146\/revisions"}],"predecessor-version":[{"id":5733,"href":"https:\/\/cuernavaca.gob.mx\/dmer\/index.php?rest_route=\/wp\/v2\/pages\/2146\/revisions\/5733"}],"wp:attachment":[{"href":"https:\/\/cuernavaca.gob.mx\/dmer\/index.php?rest_route=%2Fwp%2Fv2%2Fmedia&parent=2146"}],"curies":[{"name":"wp","href":"https:\/\/api.w.org\/{rel}","templated":true}]}}