{"id":24,"date":"2018-11-27T09:19:06","date_gmt":"2018-11-27T15:19:06","guid":{"rendered":"http:\/\/www.cuernavaca.gob.mx\/dmer\/?page_id=24"},"modified":"2018-12-06T09:30:20","modified_gmt":"2018-12-06T15:30:20","slug":"objetivo","status":"publish","type":"page","link":"https:\/\/cuernavaca.gob.mx\/dmer\/?page_id=24","title":{"rendered":"Objetivo"},"content":{"rendered":"<p style=\"text-align: left;\">\u25a0 Promover el bienestar social y econ\u00f3mico, como una herramienta esencial para lograr el desarrollo econ\u00f3mico sustentable del Municipio y en consecuencia del Estado, con seis l\u00edneas estrat\u00e9gicas primordiales:<\/p>\n<p style=\"text-align: left;\">\u25a0 Dotar al Municipio de un instrumento legal de vanguardia;<\/p>\n<p style=\"text-align: left;\">\u25a0 Simplificar de manera contundente todos los tr\u00e1mites gubernamentales y la inercia burocr\u00e1tica;<\/p>\n<p style=\"text-align: left;\">\u25a0 Promover la competitividad, generando un espacio institucional para el di\u00e1logo p\u00fablico-privado;<\/p>\n<p style=\"text-align: left;\">\u25a0 Establecer una herramienta legal para la eficiencia gubernamental;<\/p>\n<p style=\"text-align: left;\">\u25a0 Institucionalizar la mejora regulatoria; y<\/p>\n<p style=\"text-align: left;\">\u25a0 Transparentar la funci\u00f3n p\u00fablica.<\/p>\n<p style=\"text-align: left;\">\u25a0 Nuestra pretensi\u00f3n es garantizar la certeza jur\u00eddica a la ciudadan\u00eda que acuda al Ayuntamiento para realizar gestiones o tr\u00e1mites gubernamentales y que esto, sea un atractivo fundamental para detonar la inversi\u00f3n privada en el Municipio, toda vez que su objetivo substancial es normar acciones tendientes a:<\/p>\n<p style=\"text-align: left;\">\u25a0 Evitar la discrecionalidad de los funcionarios p\u00fablicos en la aplicaci\u00f3n de las diferentes normas jur\u00eddicas, combatiendo as\u00ed la corrupci\u00f3n;<\/p>\n<p style=\"text-align: left;\">\u25a0 Facilitar a los ciudadanos el ejercicio de sus derechos y el cumplimiento de sus obligaciones; y<\/p>\n<p style=\"text-align: left;\">\u25a0 Unificar y simplificar los tr\u00e1mites y servicios que prestan las Dependencias y Entidades de la Administraci\u00f3n P\u00fablica Municipal.<\/p>\n","protected":false},"excerpt":{"rendered":"<p>\u25a0 Promover el bienestar social y econ\u00f3mico, como una herramienta esencial para lograr el desarrollo econ\u00f3mico sustentable del Municipio y en consecuencia del Estado, con seis l\u00edneas estrat\u00e9gicas primordiales: \u25a0 Dotar al Municipio de un instrumento legal de vanguardia; \u25a0 Simplificar de manera contundente todos los tr\u00e1mites gubernamentales y la inercia burocr\u00e1tica; \u25a0 Promover la [&hellip;]<\/p>\n","protected":false},"author":6,"featured_media":0,"parent":0,"menu_order":0,"comment_status":"closed","ping_status":"closed","template":"","meta":[],"_links":{"self":[{"href":"https:\/\/cuernavaca.gob.mx\/dmer\/index.php?rest_route=\/wp\/v2\/pages\/24"}],"collection":[{"href":"https:\/\/cuernavaca.gob.mx\/dmer\/index.php?rest_route=\/wp\/v2\/pages"}],"about":[{"href":"https:\/\/cuernavaca.gob.mx\/dmer\/index.php?rest_route=\/wp\/v2\/types\/page"}],"author":[{"embeddable":true,"href":"https:\/\/cuernavaca.gob.mx\/dmer\/index.php?rest_route=\/wp\/v2\/users\/6"}],"replies":[{"embeddable":true,"href":"https:\/\/cuernavaca.gob.mx\/dmer\/index.php?rest_route=%2Fwp%2Fv2%2Fcomments&post=24"}],"version-history":[{"count":3,"href":"https:\/\/cuernavaca.gob.mx\/dmer\/index.php?rest_route=\/wp\/v2\/pages\/24\/revisions"}],"predecessor-version":[{"id":390,"href":"https:\/\/cuernavaca.gob.mx\/dmer\/index.php?rest_route=\/wp\/v2\/pages\/24\/revisions\/390"}],"wp:attachment":[{"href":"https:\/\/cuernavaca.gob.mx\/dmer\/index.php?rest_route=%2Fwp%2Fv2%2Fmedia&parent=24"}],"curies":[{"name":"wp","href":"https:\/\/api.w.org\/{rel}","templated":true}]}}