{"id":26,"date":"2018-11-27T09:20:22","date_gmt":"2018-11-27T15:20:22","guid":{"rendered":"http:\/\/www.cuernavaca.gob.mx\/dmer\/?page_id=26"},"modified":"2022-04-21T13:02:53","modified_gmt":"2022-04-21T19:02:53","slug":"principios","status":"publish","type":"page","link":"https:\/\/cuernavaca.gob.mx\/dmer\/?page_id=26","title":{"rendered":"Principios"},"content":{"rendered":"<p>\u25a0 Seguridad jur\u00eddica que propicie la certidumbre de los derechos y obligaciones;<\/p>\n<p>\u25a0 Focalizaci\u00f3n a objetivos claros, concretos y bien definidos;<\/p>\n<p>\u25a0 Coherencia y armonizaci\u00f3n de las disposiciones que integran el marco regulatorio;<\/p>\n<p>\u25a0 Simplificaci\u00f3n, mejora y no duplicidad en la emisi\u00f3n de Regulaciones, Tr\u00e1mites y Servicios;<\/p>\n<p>\u25a0 Accesibilidad Tecnol\u00f3gica;<\/p>\n<p>\u25a0 Proporcionalidad, prevenci\u00f3n razonable y gesti\u00f3n de riesgos;<\/p>\n<p>\u25a0 Transparencia, responsabilidad y rendici\u00f3n de cuentas;<\/p>\n<p>\u25a0 Fomento a la competitividad y el empleo;<\/p>\n<p>\u25a0 Promoci\u00f3n de la libre concurrencia y competencia econ\u00f3mica;<\/p>\n<p>\u25a0 Reconocimiento de asimetr\u00edas en el cumplimiento regulatorio.<\/p>\n","protected":false},"excerpt":{"rendered":"<p>\u25a0 Seguridad jur\u00eddica que propicie la certidumbre de los derechos y obligaciones; \u25a0 Focalizaci\u00f3n a objetivos claros, concretos y bien definidos; \u25a0 Coherencia y armonizaci\u00f3n de las disposiciones que integran el marco regulatorio; \u25a0 Simplificaci\u00f3n, mejora y no duplicidad en la emisi\u00f3n de Regulaciones, Tr\u00e1mites y Servicios; \u25a0 Accesibilidad Tecnol\u00f3gica; \u25a0 Proporcionalidad, prevenci\u00f3n razonable y [&hellip;]<\/p>\n","protected":false},"author":6,"featured_media":0,"parent":0,"menu_order":0,"comment_status":"closed","ping_status":"closed","template":"","meta":[],"_links":{"self":[{"href":"https:\/\/cuernavaca.gob.mx\/dmer\/index.php?rest_route=\/wp\/v2\/pages\/26"}],"collection":[{"href":"https:\/\/cuernavaca.gob.mx\/dmer\/index.php?rest_route=\/wp\/v2\/pages"}],"about":[{"href":"https:\/\/cuernavaca.gob.mx\/dmer\/index.php?rest_route=\/wp\/v2\/types\/page"}],"author":[{"embeddable":true,"href":"https:\/\/cuernavaca.gob.mx\/dmer\/index.php?rest_route=\/wp\/v2\/users\/6"}],"replies":[{"embeddable":true,"href":"https:\/\/cuernavaca.gob.mx\/dmer\/index.php?rest_route=%2Fwp%2Fv2%2Fcomments&post=26"}],"version-history":[{"count":3,"href":"https:\/\/cuernavaca.gob.mx\/dmer\/index.php?rest_route=\/wp\/v2\/pages\/26\/revisions"}],"predecessor-version":[{"id":3423,"href":"https:\/\/cuernavaca.gob.mx\/dmer\/index.php?rest_route=\/wp\/v2\/pages\/26\/revisions\/3423"}],"wp:attachment":[{"href":"https:\/\/cuernavaca.gob.mx\/dmer\/index.php?rest_route=%2Fwp%2Fv2%2Fmedia&parent=26"}],"curies":[{"name":"wp","href":"https:\/\/api.w.org\/{rel}","templated":true}]}}