{"id":28,"date":"2018-11-27T09:21:05","date_gmt":"2018-11-27T15:21:05","guid":{"rendered":"http:\/\/www.cuernavaca.gob.mx\/dmer\/?page_id=28"},"modified":"2019-09-20T10:40:25","modified_gmt":"2019-09-20T16:40:25","slug":"marco-juridico","status":"publish","type":"page","link":"https:\/\/cuernavaca.gob.mx\/dmer\/?page_id=28","title":{"rendered":"Marco Jur\u00eddico"},"content":{"rendered":"<ul>\n<li><a href=\"http:\/\/www.diputados.gob.mx\/LeyesBiblio\/pdf\/1_090819.pdf\" target=\"_blank\" rel=\"noopener noreferrer\">Constituci\u00f3n Pol\u00edtica de los Estados Unidos Mexicanos.<\/a><\/li>\n<li><a href=\"http:\/\/www.diputados.gob.mx\/LeyesBiblio\/pdf\/LGMR_180518.pdf\" target=\"_blank\" rel=\"noopener noreferrer\">Ley General de Mejora Regulatoria<\/a><\/li>\n<li><a href=\"http:\/\/marcojuridico.morelos.gob.mx\/archivos\/constitucion\/pdf\/CONSTMOR.pdf\" target=\"_blank\" rel=\"noopener noreferrer\">Constituci\u00f3n Pol\u00edtica del Estado Libre y Soberano del Estado de Morelos<\/a><\/li>\n<li><a href=\"http:\/\/marcojuridico.morelos.gob.mx\/archivos\/leyes\/pdf\/LMEJORAREGEDOMO.pdf\" target=\"_blank\" rel=\"noopener noreferrer\">Ley de Mejora Regulatoria para el Estado de Morelos<\/a><\/li>\n<li><a href=\"http:\/\/marcojuridico.morelos.gob.mx\/archivos\/reglamentos_municipales\/pdf\/RMRCVAMO.pdf\" target=\"_blank\" rel=\"noopener noreferrer\">Reglamento para el Fomento de la Productividad y la Mejora Regulatoria del Municipio de Cuernavaca, Morelos.<\/a><\/li>\n<\/ul>\n","protected":false},"excerpt":{"rendered":"<p>Constituci\u00f3n Pol\u00edtica de los Estados Unidos Mexicanos. Ley General de Mejora Regulatoria Constituci\u00f3n Pol\u00edtica del Estado Libre y Soberano del Estado de Morelos Ley de Mejora Regulatoria para el Estado de Morelos Reglamento para el Fomento de la Productividad y la Mejora Regulatoria del Municipio de Cuernavaca, Morelos.<\/p>\n","protected":false},"author":6,"featured_media":0,"parent":0,"menu_order":0,"comment_status":"closed","ping_status":"closed","template":"","meta":[],"_links":{"self":[{"href":"https:\/\/cuernavaca.gob.mx\/dmer\/index.php?rest_route=\/wp\/v2\/pages\/28"}],"collection":[{"href":"https:\/\/cuernavaca.gob.mx\/dmer\/index.php?rest_route=\/wp\/v2\/pages"}],"about":[{"href":"https:\/\/cuernavaca.gob.mx\/dmer\/index.php?rest_route=\/wp\/v2\/types\/page"}],"author":[{"embeddable":true,"href":"https:\/\/cuernavaca.gob.mx\/dmer\/index.php?rest_route=\/wp\/v2\/users\/6"}],"replies":[{"embeddable":true,"href":"https:\/\/cuernavaca.gob.mx\/dmer\/index.php?rest_route=%2Fwp%2Fv2%2Fcomments&post=28"}],"version-history":[{"count":3,"href":"https:\/\/cuernavaca.gob.mx\/dmer\/index.php?rest_route=\/wp\/v2\/pages\/28\/revisions"}],"predecessor-version":[{"id":509,"href":"https:\/\/cuernavaca.gob.mx\/dmer\/index.php?rest_route=\/wp\/v2\/pages\/28\/revisions\/509"}],"wp:attachment":[{"href":"https:\/\/cuernavaca.gob.mx\/dmer\/index.php?rest_route=%2Fwp%2Fv2%2Fmedia&parent=28"}],"curies":[{"name":"wp","href":"https:\/\/api.w.org\/{rel}","templated":true}]}}