{"id":3195,"date":"2021-06-22T13:11:03","date_gmt":"2021-06-22T19:11:03","guid":{"rendered":"http:\/\/cuernavaca.gob.mx\/dmer\/?page_id=3195"},"modified":"2024-04-22T12:46:03","modified_gmt":"2024-04-22T18:46:03","slug":"agenda-regulatoria-asd","status":"publish","type":"page","link":"https:\/\/cuernavaca.gob.mx\/dmer\/?page_id=3195","title":{"rendered":"Agenda Regulatoria"},"content":{"rendered":"\t\t<div data-elementor-type=\"wp-page\" data-elementor-id=\"3195\" class=\"elementor elementor-3195\">\n\t\t\t\t\t\t<div class=\"elementor-inner\">\n\t\t\t\t<div class=\"elementor-section-wrap\">\n\t\t\t\t\t\t\t\t\t<section class=\"elementor-section elementor-top-section elementor-element elementor-element-543aaec elementor-section-boxed elementor-section-height-default elementor-section-height-default\" data-id=\"543aaec\" data-element_type=\"section\">\n\t\t\t\t\t\t<div class=\"elementor-container elementor-column-gap-default\">\n\t\t\t\t\t\t\t<div class=\"elementor-row\">\n\t\t\t\t\t<div class=\"elementor-column elementor-col-100 elementor-top-column elementor-element elementor-element-edea84f\" data-id=\"edea84f\" data-element_type=\"column\">\n\t\t\t<div class=\"elementor-column-wrap elementor-element-populated\">\n\t\t\t\t\t\t\t<div class=\"elementor-widget-wrap\">\n\t\t\t\t\t\t<div class=\"elementor-element elementor-element-f59f7c9 elementor-widget elementor-widget-text-editor\" data-id=\"f59f7c9\" data-element_type=\"widget\" data-widget_type=\"text-editor.default\">\n\t\t\t\t<div class=\"elementor-widget-container\">\n\t\t\t\t\t\t\t\t<div class=\"elementor-text-editor elementor-clearfix\">\n\t\t\t\t<h2>Bienvenida (o) a la Agenda Regulatoria del Municipio de Cuernavaca<\/h2>\n<div>La Agenda Regulatoria es la propuesta de Regulaciones que los sujetos obligados del Municipio de Cuernavaca pretenden expedir durante los per\u00edodos de junio a noviembre y diciembre a mayo de cada a\u00f1o.<\/div><div><br><\/div>\t\t\t\t\t<\/div>\n\t\t\t\t\t\t<\/div>\n\t\t\t\t<\/div>\n\t\t\t\t\t\t<\/div>\n\t\t\t\t\t<\/div>\n\t\t<\/div>\n\t\t\t\t\t\t\t\t<\/div>\n\t\t\t\t\t<\/div>\n\t\t<\/section>\n\t\t\t\t<section class=\"elementor-section elementor-top-section elementor-element elementor-element-609674c elementor-section-boxed elementor-section-height-default elementor-section-height-default\" data-id=\"609674c\" data-element_type=\"section\">\n\t\t\t\t\t\t<div class=\"elementor-container elementor-column-gap-default\">\n\t\t\t\t\t\t\t<div class=\"elementor-row\">\n\t\t\t\t\t<div class=\"elementor-column elementor-col-50 elementor-top-column elementor-element elementor-element-49d11a6\" data-id=\"49d11a6\" data-element_type=\"column\">\n\t\t\t<div class=\"elementor-column-wrap elementor-element-populated\">\n\t\t\t\t\t\t\t<div class=\"elementor-widget-wrap\">\n\t\t\t\t\t\t<div class=\"elementor-element elementor-element-9d7d21d elementor-position-top elementor-vertical-align-top elementor-widget elementor-widget-image-box\" data-id=\"9d7d21d\" data-element_type=\"widget\" data-widget_type=\"image-box.default\">\n\t\t\t\t<div class=\"elementor-widget-container\">\n\t\t\t<div class=\"elementor-image-box-wrapper\"><figure class=\"elementor-image-box-img\"><a href=\"https:\/\/cuernavaca.gob.mx\/dmer\/wp-content\/uploads\/2023\/03\/Agenda-Regulatoria-2022.xlsx\"><img width=\"512\" height=\"512\" src=\"https:\/\/cuernavaca.gob.mx\/dmer\/wp-content\/uploads\/2024\/01\/icone-document-bleu.png\" class=\"attachment-full size-full\" alt=\"\" loading=\"lazy\" \/><\/a><\/figure><div class=\"elementor-image-box-content\"><h3 class=\"elementor-image-box-title\"><a href=\"https:\/\/cuernavaca.gob.mx\/dmer\/wp-content\/uploads\/2023\/03\/Agenda-Regulatoria-2022.xlsx\">Agenda Regulatoria junio a noviembre 2022<\/a><\/h3><p class=\"elementor-image-box-description\">Conoce las propuestas de regulaciones del per\u00edodo antes descrito<\/p><\/div><\/div>\t\t<\/div>\n\t\t\t\t<\/div>\n\t\t\t\t\t\t<\/div>\n\t\t\t\t\t<\/div>\n\t\t<\/div>\n\t\t\t\t<div class=\"elementor-column elementor-col-50 elementor-top-column elementor-element elementor-element-05625a4\" data-id=\"05625a4\" data-element_type=\"column\">\n\t\t\t<div class=\"elementor-column-wrap elementor-element-populated\">\n\t\t\t\t\t\t\t<div class=\"elementor-widget-wrap\">\n\t\t\t\t\t\t<div class=\"elementor-element elementor-element-5e91904 elementor-position-top elementor-vertical-align-top elementor-widget elementor-widget-image-box\" data-id=\"5e91904\" data-element_type=\"widget\" data-widget_type=\"image-box.default\">\n\t\t\t\t<div class=\"elementor-widget-container\">\n\t\t\t<div class=\"elementor-image-box-wrapper\"><figure class=\"elementor-image-box-img\"><a href=\"https:\/\/cuernavaca.gob.mx\/dmer\/wp-content\/uploads\/2023\/03\/Copia-de-Agenda-Regulatoria-2022-2023.xlsx\"><img width=\"512\" height=\"512\" src=\"https:\/\/cuernavaca.gob.mx\/dmer\/wp-content\/uploads\/2024\/01\/icone-document-bleu.png\" class=\"attachment-full size-full\" alt=\"\" loading=\"lazy\" \/><\/a><\/figure><div class=\"elementor-image-box-content\"><h3 class=\"elementor-image-box-title\"><a href=\"https:\/\/cuernavaca.gob.mx\/dmer\/wp-content\/uploads\/2023\/03\/Copia-de-Agenda-Regulatoria-2022-2023.xlsx\">Agenda Regulatoria diciembre 22-mayo23<\/a><\/h3><p class=\"elementor-image-box-description\">Conoce las propuestas de regulaciones del per\u00edodo antes descrito<\/p><\/div><\/div>\t\t<\/div>\n\t\t\t\t<\/div>\n\t\t\t\t\t\t<\/div>\n\t\t\t\t\t<\/div>\n\t\t<\/div>\n\t\t\t\t\t\t\t\t<\/div>\n\t\t\t\t\t<\/div>\n\t\t<\/section>\n\t\t\t\t<section class=\"elementor-section elementor-top-section elementor-element elementor-element-91d6ba6 elementor-section-boxed elementor-section-height-default elementor-section-height-default\" data-id=\"91d6ba6\" data-element_type=\"section\">\n\t\t\t\t\t\t<div class=\"elementor-container elementor-column-gap-default\">\n\t\t\t\t\t\t\t<div class=\"elementor-row\">\n\t\t\t\t\t<div class=\"elementor-column elementor-col-100 elementor-top-column elementor-element elementor-element-d664286\" data-id=\"d664286\" data-element_type=\"column\">\n\t\t\t<div class=\"elementor-column-wrap\">\n\t\t\t\t\t\t\t<div class=\"elementor-widget-wrap\">\n\t\t\t\t\t\t\t\t<\/div>\n\t\t\t\t\t<\/div>\n\t\t<\/div>\n\t\t\t\t\t\t\t\t<\/div>\n\t\t\t\t\t<\/div>\n\t\t<\/section>\n\t\t\t\t<section class=\"elementor-section elementor-top-section elementor-element elementor-element-cc91a8a elementor-section-boxed elementor-section-height-default elementor-section-height-default\" data-id=\"cc91a8a\" data-element_type=\"section\">\n\t\t\t\t\t\t<div class=\"elementor-container elementor-column-gap-default\">\n\t\t\t\t\t\t\t<div class=\"elementor-row\">\n\t\t\t\t\t<div class=\"elementor-column elementor-col-50 elementor-top-column elementor-element elementor-element-4bd24bf\" data-id=\"4bd24bf\" data-element_type=\"column\">\n\t\t\t<div class=\"elementor-column-wrap elementor-element-populated\">\n\t\t\t\t\t\t\t<div class=\"elementor-widget-wrap\">\n\t\t\t\t\t\t<div class=\"elementor-element elementor-element-bdfa104 elementor-position-top elementor-vertical-align-top elementor-widget elementor-widget-image-box\" data-id=\"bdfa104\" data-element_type=\"widget\" data-widget_type=\"image-box.default\">\n\t\t\t\t<div class=\"elementor-widget-container\">\n\t\t\t<div class=\"elementor-image-box-wrapper\"><figure class=\"elementor-image-box-img\"><a href=\"https:\/\/cuernavaca.gob.mx\/dmer\/wp-content\/uploads\/2023\/03\/Agenda-Regulatoria-2022.xlsx\"><img width=\"512\" height=\"512\" src=\"https:\/\/cuernavaca.gob.mx\/dmer\/wp-content\/uploads\/2024\/01\/icone-document-bleu.png\" class=\"attachment-full size-full\" alt=\"\" loading=\"lazy\" \/><\/a><\/figure><div class=\"elementor-image-box-content\"><h3 class=\"elementor-image-box-title\"><a href=\"https:\/\/cuernavaca.gob.mx\/dmer\/wp-content\/uploads\/2023\/03\/Agenda-Regulatoria-2022.xlsx\">Agenda Regulatoria junio a noviembre 2023<\/a><\/h3><p class=\"elementor-image-box-description\">Conoce las propuestas de regulaciones del per\u00edodo antes descrito<\/p><\/div><\/div>\t\t<\/div>\n\t\t\t\t<\/div>\n\t\t\t\t\t\t<\/div>\n\t\t\t\t\t<\/div>\n\t\t<\/div>\n\t\t\t\t<div class=\"elementor-column elementor-col-50 elementor-top-column elementor-element elementor-element-5629a10\" data-id=\"5629a10\" data-element_type=\"column\">\n\t\t\t<div class=\"elementor-column-wrap elementor-element-populated\">\n\t\t\t\t\t\t\t<div class=\"elementor-widget-wrap\">\n\t\t\t\t\t\t<div class=\"elementor-element elementor-element-7c8a6bd elementor-position-top elementor-vertical-align-top elementor-widget elementor-widget-image-box\" data-id=\"7c8a6bd\" data-element_type=\"widget\" data-widget_type=\"image-box.default\">\n\t\t\t\t<div class=\"elementor-widget-container\">\n\t\t\t<div class=\"elementor-image-box-wrapper\"><figure class=\"elementor-image-box-img\"><a href=\"https:\/\/cuernavaca.gob.mx\/dmer\/wp-content\/uploads\/2024\/04\/Agenda-Regulatoria-dic.23-mayo24.xlsx\"><img width=\"512\" height=\"512\" src=\"https:\/\/cuernavaca.gob.mx\/dmer\/wp-content\/uploads\/2024\/01\/icone-document-bleu.png\" class=\"attachment-full size-full\" alt=\"\" loading=\"lazy\" \/><\/a><\/figure><div class=\"elementor-image-box-content\"><h3 class=\"elementor-image-box-title\"><a href=\"https:\/\/cuernavaca.gob.mx\/dmer\/wp-content\/uploads\/2024\/04\/Agenda-Regulatoria-dic.23-mayo24.xlsx\">Agenda Regulatoria diciembre 23-mayo24<\/a><\/h3><p class=\"elementor-image-box-description\">Conoce las propuestas de regulaciones del per\u00edodo antes descrito<\/p><\/div><\/div>\t\t<\/div>\n\t\t\t\t<\/div>\n\t\t\t\t\t\t<\/div>\n\t\t\t\t\t<\/div>\n\t\t<\/div>\n\t\t\t\t\t\t\t\t<\/div>\n\t\t\t\t\t<\/div>\n\t\t<\/section>\n\t\t\t\t\t\t\t\t\t<\/div>\n\t\t\t<\/div>\n\t\t\t\t\t<\/div>\n\t\t","protected":false},"excerpt":{"rendered":"<p>Bienvenida (o) a la Agenda Regulatoria del Municipio de Cuernavaca La Agenda Regulatoria es la propuesta de Regulaciones que los sujetos obligados del Municipio de Cuernavaca pretenden expedir durante los per\u00edodos de junio a noviembre y diciembre a mayo de cada a\u00f1o. Agenda Regulatoria junio a noviembre 2022 Conoce las propuestas de regulaciones del per\u00edodo [&hellip;]<\/p>\n","protected":false},"author":6,"featured_media":0,"parent":0,"menu_order":0,"comment_status":"open","ping_status":"closed","template":"","meta":[],"_links":{"self":[{"href":"https:\/\/cuernavaca.gob.mx\/dmer\/index.php?rest_route=\/wp\/v2\/pages\/3195"}],"collection":[{"href":"https:\/\/cuernavaca.gob.mx\/dmer\/index.php?rest_route=\/wp\/v2\/pages"}],"about":[{"href":"https:\/\/cuernavaca.gob.mx\/dmer\/index.php?rest_route=\/wp\/v2\/types\/page"}],"author":[{"embeddable":true,"href":"https:\/\/cuernavaca.gob.mx\/dmer\/index.php?rest_route=\/wp\/v2\/users\/6"}],"replies":[{"embeddable":true,"href":"https:\/\/cuernavaca.gob.mx\/dmer\/index.php?rest_route=%2Fwp%2Fv2%2Fcomments&post=3195"}],"version-history":[{"count":18,"href":"https:\/\/cuernavaca.gob.mx\/dmer\/index.php?rest_route=\/wp\/v2\/pages\/3195\/revisions"}],"predecessor-version":[{"id":5084,"href":"https:\/\/cuernavaca.gob.mx\/dmer\/index.php?rest_route=\/wp\/v2\/pages\/3195\/revisions\/5084"}],"wp:attachment":[{"href":"https:\/\/cuernavaca.gob.mx\/dmer\/index.php?rest_route=%2Fwp%2Fv2%2Fmedia&parent=3195"}],"curies":[{"name":"wp","href":"https:\/\/api.w.org\/{rel}","templated":true}]}}