{"id":3290,"date":"2021-08-06T13:19:58","date_gmt":"2021-08-06T19:19:58","guid":{"rendered":"http:\/\/cuernavaca.gob.mx\/dmer\/?page_id=3290"},"modified":"2022-06-14T10:37:23","modified_gmt":"2022-06-14T16:37:23","slug":"protesta-ciudadana","status":"publish","type":"page","link":"https:\/\/cuernavaca.gob.mx\/dmer\/?page_id=3290","title":{"rendered":"Protesta ciudadana"},"content":{"rendered":"\t\t<div data-elementor-type=\"wp-page\" data-elementor-id=\"3290\" class=\"elementor elementor-3290\">\n\t\t\t\t\t\t<div class=\"elementor-inner\">\n\t\t\t\t<div class=\"elementor-section-wrap\">\n\t\t\t\t\t\t\t\t\t<section class=\"elementor-section elementor-top-section elementor-element elementor-element-7e061bd elementor-section-boxed elementor-section-height-default elementor-section-height-default\" data-id=\"7e061bd\" data-element_type=\"section\">\n\t\t\t\t\t\t<div class=\"elementor-container elementor-column-gap-default\">\n\t\t\t\t\t\t\t<div class=\"elementor-row\">\n\t\t\t\t\t<div class=\"elementor-column elementor-col-100 elementor-top-column elementor-element elementor-element-9580277\" data-id=\"9580277\" data-element_type=\"column\">\n\t\t\t<div class=\"elementor-column-wrap elementor-element-populated\">\n\t\t\t\t\t\t\t<div class=\"elementor-widget-wrap\">\n\t\t\t\t\t\t<div class=\"elementor-element elementor-element-989692e elementor-widget elementor-widget-text-editor\" data-id=\"989692e\" data-element_type=\"widget\" data-widget_type=\"text-editor.default\">\n\t\t\t\t<div class=\"elementor-widget-container\">\n\t\t\t\t\t\t\t\t<div class=\"elementor-text-editor elementor-clearfix\">\n\t\t\t\t<h2>\u00bfTe pidieron requisitos o datos distintos; resolvieron en un plazo mayor; te hacen un cobro diferente, o no atendieron tu tr\u00e1mite en t\u00e9rminos de las gu\u00edas de tr\u00e1mites del <a href=\"https:\/\/cuernavaca.gob.mx\/dmer\/?page_id=1518\" target=\"_blank\" rel=\"noopener\">Registro Municipal de Tr\u00e1mites y Servicios<\/a>?<\/h2>\t\t\t\t\t<\/div>\n\t\t\t\t\t\t<\/div>\n\t\t\t\t<\/div>\n\t\t\t\t\t\t<\/div>\n\t\t\t\t\t<\/div>\n\t\t<\/div>\n\t\t\t\t\t\t\t\t<\/div>\n\t\t\t\t\t<\/div>\n\t\t<\/section>\n\t\t\t\t<section class=\"elementor-section elementor-top-section elementor-element elementor-element-fa6be39 elementor-section-boxed elementor-section-height-default elementor-section-height-default\" data-id=\"fa6be39\" data-element_type=\"section\">\n\t\t\t\t\t\t<div class=\"elementor-container elementor-column-gap-default\">\n\t\t\t\t\t\t\t<div class=\"elementor-row\">\n\t\t\t\t\t<div class=\"elementor-column elementor-col-50 elementor-top-column elementor-element elementor-element-3805955\" data-id=\"3805955\" data-element_type=\"column\">\n\t\t\t<div class=\"elementor-column-wrap elementor-element-populated\">\n\t\t\t\t\t\t\t<div class=\"elementor-widget-wrap\">\n\t\t\t\t\t\t<div class=\"elementor-element elementor-element-1a8d75d elementor-invisible elementor-widget elementor-widget-text-editor\" data-id=\"1a8d75d\" data-element_type=\"widget\" data-settings=\"{&quot;_animation&quot;:&quot;fadeInDown&quot;}\" data-widget_type=\"text-editor.default\">\n\t\t\t\t<div class=\"elementor-widget-container\">\n\t\t\t\t\t\t\t\t<div class=\"elementor-text-editor elementor-clearfix\">\n\t\t\t\t<p>Ahora puedes realizar una protesta ciudadana. Es un mecanismo mediante el cual se da seguimiento a peticiones o inconformidades ciudadanas por presuntas negativas o falta de respuesta de tr\u00e1mites o servicios previstos en el RMTyS, sin aparente raz\u00f3n justificada por parte de la autoridad emisora.<\/p>\t\t\t\t\t<\/div>\n\t\t\t\t\t\t<\/div>\n\t\t\t\t<\/div>\n\t\t\t\t\t\t<\/div>\n\t\t\t\t\t<\/div>\n\t\t<\/div>\n\t\t\t\t<div class=\"elementor-column elementor-col-50 elementor-top-column elementor-element elementor-element-fb85a87\" data-id=\"fb85a87\" data-element_type=\"column\">\n\t\t\t<div class=\"elementor-column-wrap elementor-element-populated\">\n\t\t\t\t\t\t\t<div class=\"elementor-widget-wrap\">\n\t\t\t\t\t\t<div class=\"elementor-element elementor-element-6b6baf5 elementor-widget elementor-widget-image\" data-id=\"6b6baf5\" data-element_type=\"widget\" data-widget_type=\"image.default\">\n\t\t\t\t<div class=\"elementor-widget-container\">\n\t\t\t\t\t\t\t\t<div class=\"elementor-image\">\n\t\t\t\t\t\t\t\t\t\t\t\t<img width=\"768\" height=\"768\" src=\"https:\/\/cuernavaca.gob.mx\/dmer\/wp-content\/uploads\/2021\/08\/WhatsApp-Image-2021-08-06-at-10.42.56-768x768.jpeg\" class=\"attachment-medium_large size-medium_large\" alt=\"\" loading=\"lazy\" srcset=\"https:\/\/cuernavaca.gob.mx\/dmer\/wp-content\/uploads\/2021\/08\/WhatsApp-Image-2021-08-06-at-10.42.56-768x768.jpeg 768w, https:\/\/cuernavaca.gob.mx\/dmer\/wp-content\/uploads\/2021\/08\/WhatsApp-Image-2021-08-06-at-10.42.56-300x300.jpeg 300w, https:\/\/cuernavaca.gob.mx\/dmer\/wp-content\/uploads\/2021\/08\/WhatsApp-Image-2021-08-06-at-10.42.56-150x150.jpeg 150w, https:\/\/cuernavaca.gob.mx\/dmer\/wp-content\/uploads\/2021\/08\/WhatsApp-Image-2021-08-06-at-10.42.56.jpeg 1024w\" sizes=\"(max-width: 768px) 100vw, 768px\" \/>\t\t\t\t\t\t\t\t\t\t\t\t\t\t<\/div>\n\t\t\t\t\t\t<\/div>\n\t\t\t\t<\/div>\n\t\t\t\t\t\t<\/div>\n\t\t\t\t\t<\/div>\n\t\t<\/div>\n\t\t\t\t\t\t\t\t<\/div>\n\t\t\t\t\t<\/div>\n\t\t<\/section>\n\t\t\t\t<section class=\"elementor-section elementor-top-section elementor-element elementor-element-67dc35d elementor-section-boxed elementor-section-height-default elementor-section-height-default\" data-id=\"67dc35d\" data-element_type=\"section\">\n\t\t\t\t\t\t<div class=\"elementor-container elementor-column-gap-default\">\n\t\t\t\t\t\t\t<div class=\"elementor-row\">\n\t\t\t\t\t<div class=\"elementor-column elementor-col-50 elementor-top-column elementor-element elementor-element-9a6023c\" data-id=\"9a6023c\" data-element_type=\"column\">\n\t\t\t<div class=\"elementor-column-wrap\">\n\t\t\t\t\t\t\t<div class=\"elementor-widget-wrap\">\n\t\t\t\t\t\t\t\t<\/div>\n\t\t\t\t\t<\/div>\n\t\t<\/div>\n\t\t\t\t<div class=\"elementor-column elementor-col-50 elementor-top-column elementor-element elementor-element-b043909\" data-id=\"b043909\" data-element_type=\"column\">\n\t\t\t<div class=\"elementor-column-wrap\">\n\t\t\t\t\t\t\t<div class=\"elementor-widget-wrap\">\n\t\t\t\t\t\t\t\t<\/div>\n\t\t\t\t\t<\/div>\n\t\t<\/div>\n\t\t\t\t\t\t\t\t<\/div>\n\t\t\t\t\t<\/div>\n\t\t<\/section>\n\t\t\t\t<section class=\"elementor-section elementor-top-section elementor-element elementor-element-2ff0b95 elementor-section-boxed elementor-section-height-default elementor-section-height-default\" data-id=\"2ff0b95\" data-element_type=\"section\">\n\t\t\t\t\t\t<div class=\"elementor-container elementor-column-gap-default\">\n\t\t\t\t\t\t\t<div class=\"elementor-row\">\n\t\t\t\t\t<div class=\"elementor-column elementor-col-50 elementor-top-column elementor-element elementor-element-fbc0761\" data-id=\"fbc0761\" data-element_type=\"column\">\n\t\t\t<div class=\"elementor-column-wrap elementor-element-populated\">\n\t\t\t\t\t\t\t<div class=\"elementor-widget-wrap\">\n\t\t\t\t\t\t<div class=\"elementor-element elementor-element-322551f elementor-widget elementor-widget-text-editor\" data-id=\"322551f\" data-element_type=\"widget\" data-widget_type=\"text-editor.default\">\n\t\t\t\t<div class=\"elementor-widget-container\">\n\t\t\t\t\t\t\t\t<div class=\"elementor-text-editor elementor-clearfix\">\n\t\t\t\t<h3>La Direcci\u00f3n de Mejora Regulatoria har\u00e1 del conocimiento a la autoridad emisora en un plazo de cinco d\u00edas h\u00e1biles para que se efect\u00faen las acciones necesarias y, en su caso, dar\u00e1 vista a la Contralor\u00eda Municipal.<\/h3>\t\t\t\t\t<\/div>\n\t\t\t\t\t\t<\/div>\n\t\t\t\t<\/div>\n\t\t\t\t\t\t<\/div>\n\t\t\t\t\t<\/div>\n\t\t<\/div>\n\t\t\t\t<div class=\"elementor-column elementor-col-50 elementor-top-column elementor-element elementor-element-341253c\" data-id=\"341253c\" data-element_type=\"column\">\n\t\t\t<div class=\"elementor-column-wrap elementor-element-populated\">\n\t\t\t\t\t\t\t<div class=\"elementor-widget-wrap\">\n\t\t\t\t\t\t<div class=\"elementor-element elementor-element-a871455 elementor-widget elementor-widget-google_maps\" data-id=\"a871455\" data-element_type=\"widget\" data-widget_type=\"google_maps.default\">\n\t\t\t\t<div class=\"elementor-widget-container\">\n\t\t\t\t\t<div class=\"elementor-custom-embed\">\n\t\t\t<iframe frameborder=\"0\" scrolling=\"no\" marginheight=\"0\" marginwidth=\"0\"\n\t\t\t\t\tsrc=\"https:\/\/maps.google.com\/maps?q=ayuntamiento%20de%20cuernavaca&#038;t=m&#038;z=18&#038;output=embed&#038;iwloc=near\"\n\t\t\t\t\ttitle=\"ayuntamiento de cuernavaca\"\n\t\t\t\t\taria-label=\"ayuntamiento de cuernavaca\"\n\t\t\t><\/iframe>\n\t\t<\/div>\n\t\t\t\t<\/div>\n\t\t\t\t<\/div>\n\t\t\t\t\t\t<\/div>\n\t\t\t\t\t<\/div>\n\t\t<\/div>\n\t\t\t\t\t\t\t\t<\/div>\n\t\t\t\t\t<\/div>\n\t\t<\/section>\n\t\t\t\t\t\t\t\t\t<\/div>\n\t\t\t<\/div>\n\t\t\t\t\t<\/div>\n\t\t","protected":false},"excerpt":{"rendered":"<p>\u00bfTe pidieron requisitos o datos distintos; resolvieron en un plazo mayor; te hacen un cobro diferente, o no atendieron tu tr\u00e1mite en t\u00e9rminos de las gu\u00edas de tr\u00e1mites del Registro Municipal de Tr\u00e1mites y Servicios? Ahora puedes realizar una protesta ciudadana. Es un mecanismo mediante el cual se da seguimiento a peticiones o inconformidades ciudadanas [&hellip;]<\/p>\n","protected":false},"author":6,"featured_media":0,"parent":0,"menu_order":0,"comment_status":"closed","ping_status":"closed","template":"","meta":[],"_links":{"self":[{"href":"https:\/\/cuernavaca.gob.mx\/dmer\/index.php?rest_route=\/wp\/v2\/pages\/3290"}],"collection":[{"href":"https:\/\/cuernavaca.gob.mx\/dmer\/index.php?rest_route=\/wp\/v2\/pages"}],"about":[{"href":"https:\/\/cuernavaca.gob.mx\/dmer\/index.php?rest_route=\/wp\/v2\/types\/page"}],"author":[{"embeddable":true,"href":"https:\/\/cuernavaca.gob.mx\/dmer\/index.php?rest_route=\/wp\/v2\/users\/6"}],"replies":[{"embeddable":true,"href":"https:\/\/cuernavaca.gob.mx\/dmer\/index.php?rest_route=%2Fwp%2Fv2%2Fcomments&post=3290"}],"version-history":[{"count":6,"href":"https:\/\/cuernavaca.gob.mx\/dmer\/index.php?rest_route=\/wp\/v2\/pages\/3290\/revisions"}],"predecessor-version":[{"id":3797,"href":"https:\/\/cuernavaca.gob.mx\/dmer\/index.php?rest_route=\/wp\/v2\/pages\/3290\/revisions\/3797"}],"wp:attachment":[{"href":"https:\/\/cuernavaca.gob.mx\/dmer\/index.php?rest_route=%2Fwp%2Fv2%2Fmedia&parent=3290"}],"curies":[{"name":"wp","href":"https:\/\/api.w.org\/{rel}","templated":true}]}}