{"id":37,"date":"2018-11-27T09:45:24","date_gmt":"2018-11-27T15:45:24","guid":{"rendered":"http:\/\/www.cuernavaca.gob.mx\/dmer\/?page_id=37"},"modified":"2022-05-23T15:42:28","modified_gmt":"2022-05-23T21:42:28","slug":"contacto","status":"publish","type":"page","link":"https:\/\/cuernavaca.gob.mx\/dmer\/?page_id=37","title":{"rendered":"Contacto"},"content":{"rendered":"<hr \/>\n<h3><em><strong>Lic. Fernando Eduardo Sotelo De Gante<\/strong><\/em><\/h3>\n<p><b>Director \u00a0de Mejora Regulatoria.<\/b><\/p>\n<p>Tel\u00e9fono: (777) 3 29 55 00<\/p>\n<p>Extensi\u00f3n: 4483<\/p>\n<p><b>Direcci\u00f3n.<\/b><\/p>\n<p>Calle Motolin\u00eda No. 2, Antes 13, Esq. Netzahualc\u00f3yotl.<\/p>\n<p>Col. Centro, Cuernavaca, Morelos.<\/p>\n<p>C.P. 62000<\/p>\n<h3><\/h3>\n<hr \/>\n","protected":false},"excerpt":{"rendered":"<p>Lic. Fernando Eduardo Sotelo De Gante Director \u00a0de Mejora Regulatoria. Tel\u00e9fono: (777) 3 29 55 00 Extensi\u00f3n: 4483 Direcci\u00f3n. Calle Motolin\u00eda No. 2, Antes 13, Esq. Netzahualc\u00f3yotl. Col. Centro, Cuernavaca, Morelos. C.P. 62000<\/p>\n","protected":false},"author":6,"featured_media":0,"parent":0,"menu_order":0,"comment_status":"closed","ping_status":"closed","template":"","meta":[],"_links":{"self":[{"href":"https:\/\/cuernavaca.gob.mx\/dmer\/index.php?rest_route=\/wp\/v2\/pages\/37"}],"collection":[{"href":"https:\/\/cuernavaca.gob.mx\/dmer\/index.php?rest_route=\/wp\/v2\/pages"}],"about":[{"href":"https:\/\/cuernavaca.gob.mx\/dmer\/index.php?rest_route=\/wp\/v2\/types\/page"}],"author":[{"embeddable":true,"href":"https:\/\/cuernavaca.gob.mx\/dmer\/index.php?rest_route=\/wp\/v2\/users\/6"}],"replies":[{"embeddable":true,"href":"https:\/\/cuernavaca.gob.mx\/dmer\/index.php?rest_route=%2Fwp%2Fv2%2Fcomments&post=37"}],"version-history":[{"count":14,"href":"https:\/\/cuernavaca.gob.mx\/dmer\/index.php?rest_route=\/wp\/v2\/pages\/37\/revisions"}],"predecessor-version":[{"id":3729,"href":"https:\/\/cuernavaca.gob.mx\/dmer\/index.php?rest_route=\/wp\/v2\/pages\/37\/revisions\/3729"}],"wp:attachment":[{"href":"https:\/\/cuernavaca.gob.mx\/dmer\/index.php?rest_route=%2Fwp%2Fv2%2Fmedia&parent=37"}],"curies":[{"name":"wp","href":"https:\/\/api.w.org\/{rel}","templated":true}]}}