{"id":469,"date":"2019-09-20T08:37:40","date_gmt":"2019-09-20T14:37:40","guid":{"rendered":"http:\/\/cuernavaca.gob.mx\/dmer\/?page_id=469"},"modified":"2024-04-24T11:44:32","modified_gmt":"2024-04-24T17:44:32","slug":"registro-de-visitas-domiciliarias","status":"publish","type":"page","link":"https:\/\/cuernavaca.gob.mx\/dmer\/?page_id=469","title":{"rendered":"Registro de visitas domiciliarias"},"content":{"rendered":"\t\t<div data-elementor-type=\"wp-page\" data-elementor-id=\"469\" class=\"elementor elementor-469\">\n\t\t\t\t\t\t<div class=\"elementor-inner\">\n\t\t\t\t<div class=\"elementor-section-wrap\">\n\t\t\t\t\t\t\t\t\t<section class=\"elementor-section elementor-top-section elementor-element elementor-element-259d5f2d elementor-section-boxed elementor-section-height-default elementor-section-height-default\" data-id=\"259d5f2d\" data-element_type=\"section\">\n\t\t\t\t\t\t<div class=\"elementor-container elementor-column-gap-default\">\n\t\t\t\t\t\t\t<div class=\"elementor-row\">\n\t\t\t\t\t<div class=\"elementor-column elementor-col-100 elementor-top-column elementor-element elementor-element-5ca962fc\" data-id=\"5ca962fc\" data-element_type=\"column\">\n\t\t\t<div class=\"elementor-column-wrap elementor-element-populated\">\n\t\t\t\t\t\t\t<div class=\"elementor-widget-wrap\">\n\t\t\t\t\t\t<div class=\"elementor-element elementor-element-210146dc elementor-widget elementor-widget-text-editor\" data-id=\"210146dc\" data-element_type=\"widget\" data-widget_type=\"text-editor.default\">\n\t\t\t\t<div class=\"elementor-widget-container\">\n\t\t\t\t\t\t\t\t<div class=\"elementor-text-editor elementor-clearfix\">\n\t\t\t\t<!-- wp:html -->\n<p style=\"text-align:justify\"><p style=\"text-align:justify\">El Registro de Visitas Domiciliarias del Ayuntamiento de Cuernavaca es una herramienta tecnol\u00f3gica que compila: <strong>El padr\u00f3n de inspectores y las inspecciones, verificaciones y visitas domiciliarias; <\/strong>con el objeto de otorgar seguridad jur\u00eddica a las personas y dar transparencia respecto al actuar de los servidores p\u00fablicos del Ayuntamiento de Cuernavaca habilitadas para realizar inspecciones, verificaciones y visitas domiciliarias en el ejercicio de sus respectivas competencias<\/p><\/p>\n<!-- \/wp:html -->\t\t\t\t\t<\/div>\n\t\t\t\t\t\t<\/div>\n\t\t\t\t<\/div>\n\t\t\t\t\t\t<\/div>\n\t\t\t\t\t<\/div>\n\t\t<\/div>\n\t\t\t\t\t\t\t\t<\/div>\n\t\t\t\t\t<\/div>\n\t\t<\/section>\n\t\t\t\t<section class=\"elementor-section elementor-top-section elementor-element elementor-element-34e3e11 elementor-section-boxed elementor-section-height-default elementor-section-height-default\" data-id=\"34e3e11\" data-element_type=\"section\">\n\t\t\t\t\t\t<div class=\"elementor-container elementor-column-gap-default\">\n\t\t\t\t\t\t\t<div class=\"elementor-row\">\n\t\t\t\t\t<div class=\"elementor-column elementor-col-100 elementor-top-column elementor-element elementor-element-3b76187\" data-id=\"3b76187\" data-element_type=\"column\">\n\t\t\t<div class=\"elementor-column-wrap elementor-element-populated\">\n\t\t\t\t\t\t\t<div class=\"elementor-widget-wrap\">\n\t\t\t\t\t\t<div class=\"elementor-element elementor-element-39854da elementor-position-top elementor-vertical-align-top elementor-widget elementor-widget-image-box\" data-id=\"39854da\" data-element_type=\"widget\" data-widget_type=\"image-box.default\">\n\t\t\t\t<div class=\"elementor-widget-container\">\n\t\t\t<div class=\"elementor-image-box-wrapper\"><figure class=\"elementor-image-box-img\"><a href=\"https:\/\/catalogonacional.gob.mx\"><img width=\"450\" height=\"127\" src=\"https:\/\/cuernavaca.gob.mx\/dmer\/wp-content\/uploads\/2023\/07\/catalogo-nacional-1.png\" class=\"elementor-animation-push attachment-full size-full\" alt=\"\" loading=\"lazy\" \/><\/a><\/figure><div class=\"elementor-image-box-content\"><h3 class=\"elementor-image-box-title\"><a href=\"https:\/\/catalogonacional.gob.mx\">Consulta el Registro de Visitas Domiciliarias en el CNaRTyS<\/a><\/h3><\/div><\/div>\t\t<\/div>\n\t\t\t\t<\/div>\n\t\t\t\t\t\t<\/div>\n\t\t\t\t\t<\/div>\n\t\t<\/div>\n\t\t\t\t\t\t\t\t<\/div>\n\t\t\t\t\t<\/div>\n\t\t<\/section>\n\t\t\t\t\t\t\t\t\t<\/div>\n\t\t\t<\/div>\n\t\t\t\t\t<\/div>\n\t\t","protected":false},"excerpt":{"rendered":"<p>El Registro de Visitas Domiciliarias del Ayuntamiento de Cuernavaca es una herramienta tecnol\u00f3gica que compila: El padr\u00f3n de inspectores y las inspecciones, verificaciones y visitas domiciliarias; con el objeto de otorgar seguridad jur\u00eddica a las personas y dar transparencia respecto al actuar de los servidores p\u00fablicos del Ayuntamiento de Cuernavaca habilitadas para realizar inspecciones, verificaciones [&hellip;]<\/p>\n","protected":false},"author":6,"featured_media":0,"parent":0,"menu_order":0,"comment_status":"closed","ping_status":"closed","template":"","meta":[],"_links":{"self":[{"href":"https:\/\/cuernavaca.gob.mx\/dmer\/index.php?rest_route=\/wp\/v2\/pages\/469"}],"collection":[{"href":"https:\/\/cuernavaca.gob.mx\/dmer\/index.php?rest_route=\/wp\/v2\/pages"}],"about":[{"href":"https:\/\/cuernavaca.gob.mx\/dmer\/index.php?rest_route=\/wp\/v2\/types\/page"}],"author":[{"embeddable":true,"href":"https:\/\/cuernavaca.gob.mx\/dmer\/index.php?rest_route=\/wp\/v2\/users\/6"}],"replies":[{"embeddable":true,"href":"https:\/\/cuernavaca.gob.mx\/dmer\/index.php?rest_route=%2Fwp%2Fv2%2Fcomments&post=469"}],"version-history":[{"count":11,"href":"https:\/\/cuernavaca.gob.mx\/dmer\/index.php?rest_route=\/wp\/v2\/pages\/469\/revisions"}],"predecessor-version":[{"id":5176,"href":"https:\/\/cuernavaca.gob.mx\/dmer\/index.php?rest_route=\/wp\/v2\/pages\/469\/revisions\/5176"}],"wp:attachment":[{"href":"https:\/\/cuernavaca.gob.mx\/dmer\/index.php?rest_route=%2Fwp%2Fv2%2Fmedia&parent=469"}],"curies":[{"name":"wp","href":"https:\/\/api.w.org\/{rel}","templated":true}]}}