{"id":476,"date":"2019-09-20T08:39:19","date_gmt":"2019-09-20T14:39:19","guid":{"rendered":"http:\/\/cuernavaca.gob.mx\/dmer\/?page_id=476"},"modified":"2023-04-18T10:54:11","modified_gmt":"2023-04-18T16:54:11","slug":"analisis-de-impacto-regulatorio","status":"publish","type":"page","link":"https:\/\/cuernavaca.gob.mx\/dmer\/?page_id=476","title":{"rendered":"An\u00e1lisis de Impacto Regulatorio"},"content":{"rendered":"\t\t<div data-elementor-type=\"wp-page\" data-elementor-id=\"476\" class=\"elementor elementor-476\">\n\t\t\t\t\t\t<div class=\"elementor-inner\">\n\t\t\t\t<div class=\"elementor-section-wrap\">\n\t\t\t\t\t\t\t\t\t<section class=\"elementor-section elementor-top-section elementor-element elementor-element-32664a3c elementor-section-boxed elementor-section-height-default elementor-section-height-default\" data-id=\"32664a3c\" data-element_type=\"section\">\n\t\t\t\t\t\t<div class=\"elementor-container elementor-column-gap-default\">\n\t\t\t\t\t\t\t<div class=\"elementor-row\">\n\t\t\t\t\t<div class=\"elementor-column elementor-col-100 elementor-top-column elementor-element elementor-element-4da0a381\" data-id=\"4da0a381\" data-element_type=\"column\">\n\t\t\t<div class=\"elementor-column-wrap elementor-element-populated\">\n\t\t\t\t\t\t\t<div class=\"elementor-widget-wrap\">\n\t\t\t\t\t\t<div class=\"elementor-element elementor-element-3c54153d elementor-widget elementor-widget-text-editor\" data-id=\"3c54153d\" data-element_type=\"widget\" data-widget_type=\"text-editor.default\">\n\t\t\t\t<div class=\"elementor-widget-container\">\n\t\t\t\t\t\t\t\t<div class=\"elementor-text-editor elementor-clearfix\">\n\t\t\t\t<p><!-- wp:paragraph --><\/p>\n<p>El <strong>An\u00e1lisis de Impacto Regulatorio<\/strong> es una herramienta que tiene por objeto garantizar que los beneficios de las Regulaciones sean superiores a sus costos y que \u00e9stas representen la mejor alternativa para atender una problem\u00e1tica espec\u00edfica, cuya finalidad es <strong>garantizar que las Regulaciones salvaguarden el inter\u00e9s general, considerando los impactos o riesgos de la actividad a regular<\/strong>. El <strong>An\u00e1lisis de Impacto Regulatorio<\/strong> contribuye a que las Regulaciones se dise\u00f1en sobre bases econ\u00f3micas, emp\u00edricas y del comportamiento, sustentadas en la mejor informaci\u00f3n disponible, as\u00ed como promover la selecci\u00f3n de alternativas regulatorias cuyos beneficios justifiquen los costos que imponen y que generen el m\u00e1ximo beneficio para la sociedad.<\/p>\n<p><!-- \/wp:paragraph --><\/p>\n<p><!-- wp:paragraph --><\/p>\n<p>Todo <strong>proyecto de Ley, Bando, Reglamento Norma, Lineamiento, Acuerdo o cualquier otra propuesta regulatoria <\/strong>que se pretenda publicar en el Peri\u00f3dico Oficial o someter a consideraci\u00f3n del <strong>Presidente Municipal <\/strong>para el efecto, deber\u00e1 contar con el dictamen del <strong>An\u00e1lisis de Impacto Regulatorio<\/strong> que expida la <strong>Comisi\u00f3n Municipal.<\/strong> Para tal efecto, cuando los Sujetos Obligados elaboren Propuestas Regulatorias, las presentar\u00e1n a la Comisi\u00f3n Municipal, junto con un <strong>An\u00e1lisis de Impacto Regulatorio<\/strong> que contenga los elementos que esta determine, atendiendo a lo dispuesto en el art\u00edculo 53 del Reglamento de Mejora Regulatoria del Municipio de Cuernavaca, cuando menos treinta d\u00edas antes de la fecha en que pretendan publicarse o someterse a la consideraci\u00f3n del Presidente Municipal.<\/p>\n<p>El An\u00e1lisis de Impacto Regulatorio se presenta junto con la propuesta regulatoria cuando \u00e9sta genere costos de cumplimiento a los particulares, en caso de que se estime que no representa costos de cumplimiento a los particulares, deber\u00e1 solicitarse la exenci\u00f3n de elaborar el An\u00e1lisis de Impacto Regulatorio.<\/p>\n<p><!-- \/wp:paragraph --><\/p>\n<p><!-- wp:heading --><\/p>\n<h2>Presenta el <a rel=\"noreferrer noopener\" href=\"https:\/\/cuernavaca.gob.mx\/dmer\/wp-content\/uploads\/2023\/04\/Manual-AIR-ex-ante-Ordinario.docx\" data-type=\"URL\" data-id=\"https:\/\/cuernavaca.gob.mx\/dmer\/wp-content\/uploads\/2023\/04\/Manual-AIR-ex-ante-Ordinario.docx\" target=\"_blank\">Manual AIR ex <\/a><font color=\"#2271b1\"><span style=\"caret-color: rgb(34, 113, 177);\"><u>ante<\/u><\/span><\/font>&nbsp;o solicita la exenci\u00f3n de elaborarlo al correo electr\u00f3nico fesotelo@uernavaca.gob.mx junto con la propuesta regulatoria, o bien, acude a la Direcci\u00f3n de Mejora Regulatoria de Cuernavaca.<\/h2>\n<p><!-- \/wp:heading --><\/p>\t\t\t\t\t<\/div>\n\t\t\t\t\t\t<\/div>\n\t\t\t\t<\/div>\n\t\t\t\t\t\t<\/div>\n\t\t\t\t\t<\/div>\n\t\t<\/div>\n\t\t\t\t\t\t\t\t<\/div>\n\t\t\t\t\t<\/div>\n\t\t<\/section>\n\t\t\t\t<section class=\"elementor-section elementor-top-section elementor-element elementor-element-0789a43 elementor-section-boxed elementor-section-height-default elementor-section-height-default\" data-id=\"0789a43\" data-element_type=\"section\">\n\t\t\t\t\t\t<div class=\"elementor-container elementor-column-gap-default\">\n\t\t\t\t\t\t\t<div class=\"elementor-row\">\n\t\t\t\t\t<div class=\"elementor-column elementor-col-100 elementor-top-column elementor-element elementor-element-a8e49e8\" data-id=\"a8e49e8\" data-element_type=\"column\">\n\t\t\t<div class=\"elementor-column-wrap\">\n\t\t\t\t\t\t\t<div class=\"elementor-widget-wrap\">\n\t\t\t\t\t\t\t\t<\/div>\n\t\t\t\t\t<\/div>\n\t\t<\/div>\n\t\t\t\t\t\t\t\t<\/div>\n\t\t\t\t\t<\/div>\n\t\t<\/section>\n\t\t\t\t\t\t\t\t\t<\/div>\n\t\t\t<\/div>\n\t\t\t\t\t<\/div>\n\t\t","protected":false},"excerpt":{"rendered":"<p>El An\u00e1lisis de Impacto Regulatorio es una herramienta que tiene por objeto garantizar que los beneficios de las Regulaciones sean superiores a sus costos y que \u00e9stas representen la mejor alternativa para atender una problem\u00e1tica espec\u00edfica, cuya finalidad es garantizar que las Regulaciones salvaguarden el inter\u00e9s general, considerando los impactos o riesgos de la actividad [&hellip;]<\/p>\n","protected":false},"author":6,"featured_media":0,"parent":0,"menu_order":0,"comment_status":"closed","ping_status":"closed","template":"","meta":[],"_links":{"self":[{"href":"https:\/\/cuernavaca.gob.mx\/dmer\/index.php?rest_route=\/wp\/v2\/pages\/476"}],"collection":[{"href":"https:\/\/cuernavaca.gob.mx\/dmer\/index.php?rest_route=\/wp\/v2\/pages"}],"about":[{"href":"https:\/\/cuernavaca.gob.mx\/dmer\/index.php?rest_route=\/wp\/v2\/types\/page"}],"author":[{"embeddable":true,"href":"https:\/\/cuernavaca.gob.mx\/dmer\/index.php?rest_route=\/wp\/v2\/users\/6"}],"replies":[{"embeddable":true,"href":"https:\/\/cuernavaca.gob.mx\/dmer\/index.php?rest_route=%2Fwp%2Fv2%2Fcomments&post=476"}],"version-history":[{"count":13,"href":"https:\/\/cuernavaca.gob.mx\/dmer\/index.php?rest_route=\/wp\/v2\/pages\/476\/revisions"}],"predecessor-version":[{"id":4117,"href":"https:\/\/cuernavaca.gob.mx\/dmer\/index.php?rest_route=\/wp\/v2\/pages\/476\/revisions\/4117"}],"wp:attachment":[{"href":"https:\/\/cuernavaca.gob.mx\/dmer\/index.php?rest_route=%2Fwp%2Fv2%2Fmedia&parent=476"}],"curies":[{"name":"wp","href":"https:\/\/api.w.org\/{rel}","templated":true}]}}