{"id":6197,"date":"2025-07-31T10:08:29","date_gmt":"2025-07-31T16:08:29","guid":{"rendered":"https:\/\/cuernavaca.gob.mx\/dmer\/?page_id=6197"},"modified":"2025-07-31T10:50:09","modified_gmt":"2025-07-31T16:50:09","slug":"55-juzgado-civico","status":"publish","type":"page","link":"https:\/\/cuernavaca.gob.mx\/dmer\/?page_id=6197","title":{"rendered":"55 &#8211; JUZGADO C\u00cdVICO"},"content":{"rendered":"\t\t<div data-elementor-type=\"wp-page\" data-elementor-id=\"6197\" class=\"elementor elementor-6197\">\n\t\t\t\t\t\t<div class=\"elementor-inner\">\n\t\t\t\t<div class=\"elementor-section-wrap\">\n\t\t\t\t\t\t\t\t\t<section class=\"elementor-section elementor-top-section elementor-element elementor-element-3c92ce2 elementor-section-boxed elementor-section-height-default elementor-section-height-default\" data-id=\"3c92ce2\" data-element_type=\"section\">\n\t\t\t\t\t\t<div class=\"elementor-container elementor-column-gap-default\">\n\t\t\t\t\t\t\t<div class=\"elementor-row\">\n\t\t\t\t\t<div class=\"elementor-column elementor-col-100 elementor-top-column elementor-element elementor-element-4d47fc2\" data-id=\"4d47fc2\" data-element_type=\"column\">\n\t\t\t<div class=\"elementor-column-wrap elementor-element-populated\">\n\t\t\t\t\t\t\t<div class=\"elementor-widget-wrap\">\n\t\t\t\t\t\t<div class=\"elementor-element elementor-element-562cbb9 elementor-widget elementor-widget-text-editor\" data-id=\"562cbb9\" data-element_type=\"widget\" data-widget_type=\"text-editor.default\">\n\t\t\t\t<div class=\"elementor-widget-container\">\n\t\t\t\t\t\t\t\t<div class=\"elementor-text-editor elementor-clearfix\">\n\t\t\t\t<h1>INFORMACI\u00d3N GENERAL DEL JUZGADO C\u00cdVICO MUNICIPAL DE CUERNAVACA, MORELOS<\/h1>\t\t\t\t\t<\/div>\n\t\t\t\t\t\t<\/div>\n\t\t\t\t<\/div>\n\t\t\t\t<div class=\"elementor-element elementor-element-cf4a19f elementor-widget elementor-widget-text-editor\" data-id=\"cf4a19f\" data-element_type=\"widget\" data-widget_type=\"text-editor.default\">\n\t\t\t\t<div class=\"elementor-widget-container\">\n\t\t\t\t\t\t\t\t<div class=\"elementor-text-editor elementor-clearfix\">\n\t\t\t\t<p><span style=\"color: #003366;\"><strong>Personal:<\/strong><\/span><\/p><p>Lic. Nuvia Casta\u00f1eda Salas \u2013 Coordinadora del Juzgado C\u00edvico<\/p><p>Lic. Jos\u00e9 Luis Silva D\u00edaz \u2013 Juez C\u00edvico de Primer Turno<\/p><p>Lic. Emanuel G\u00f3mez Cano \u2013 Juez C\u00edvico de Segundo Turno<\/p><p>Lic. Dammhyrell Gonz\u00e1lez L\u00f3pez \u2013 Juez C\u00edvico de Tercer Turno<\/p><p>Este Juzgado tiene la atribuci\u00f3n, conforme al art\u00edculo 12, fracci\u00f3n IX del Reglamento Interior del Juzgado C\u00edvico, Cultura C\u00edvica y Cultura de la Legalidad del Municipio de Cuernavaca, Morelos, de:<\/p><p>\u201cExpedir constancias de hechos a solicitud de particulares, quienes har\u00e1n las manifestaciones bajo protesta de decir verdad.\u201d<\/p><p>En ese sentido, se expiden actas de hechos por extrav\u00edo de documentos personales, tales como placas vehiculares, licencias de conducir, credenciales de elector (INE), entre otros documentos oficiales.<\/p><p>Asimismo, se extienden constancias de concubinato, a petici\u00f3n de los interesados, bajo protesta de decir verdad, para efectos legales o administrativos, conforme a la normativa aplicable.<\/p><p>De igual manera, el Juzgado C\u00edvico ofrece servicios de conciliaci\u00f3n en materia de quejas vecinales, con el prop\u00f3sito de lograr acuerdos voluntarios entre las partes involucradas, fomentando la resoluci\u00f3n pac\u00edfica de conflictos y la sana convivencia social.<\/p><p><span style=\"color: #003366;\"><strong>Horario de atenci\u00f3n:<\/strong><\/span><br \/>Atenci\u00f3n las 24 horas del d\u00eda, los 365 d\u00edas del a\u00f1o.<\/p><p><span style=\"color: #003366;\"><strong>Tel\u00e9fono de contacto:<\/strong><\/span><br \/>7773159427<\/p><p><span style=\"color: #003366;\"><strong>Direcci\u00f3n:<\/strong><\/span><br \/>Jazm\u00edn No. 1, colonia Cuauhn\u00e1huac, C.P. 62460, Cuernavaca, Morelos.<\/p><p><span style=\"color: #003366;\"><strong>El Juzgado C\u00edvico Municipal de Cuernavaca se mantiene al servicio de la ciudadan\u00eda, con profesionalismo, imparcialidad y respeto a la legalidad.<\/strong><\/span><\/p>\t\t\t\t\t<\/div>\n\t\t\t\t\t\t<\/div>\n\t\t\t\t<\/div>\n\t\t\t\t\t\t<\/div>\n\t\t\t\t\t<\/div>\n\t\t<\/div>\n\t\t\t\t\t\t\t\t<\/div>\n\t\t\t\t\t<\/div>\n\t\t<\/section>\n\t\t\t\t<section class=\"elementor-section elementor-top-section elementor-element elementor-element-39b1e5d elementor-section-boxed elementor-section-height-default elementor-section-height-default\" data-id=\"39b1e5d\" data-element_type=\"section\">\n\t\t\t\t\t\t<div class=\"elementor-container elementor-column-gap-default\">\n\t\t\t\t\t\t\t<div class=\"elementor-row\">\n\t\t\t\t\t<div class=\"elementor-column elementor-col-100 elementor-top-column elementor-element elementor-element-7e8474e\" data-id=\"7e8474e\" data-element_type=\"column\">\n\t\t\t<div class=\"elementor-column-wrap elementor-element-populated\">\n\t\t\t\t\t\t\t<div class=\"elementor-widget-wrap\">\n\t\t\t\t\t\t<div class=\"elementor-element elementor-element-16b639e elementor-widget elementor-widget-heading\" data-id=\"16b639e\" data-element_type=\"widget\" data-widget_type=\"heading.default\">\n\t\t\t\t<div class=\"elementor-widget-container\">\n\t\t\t<h2 class=\"elementor-heading-title elementor-size-default\">Juzgado C\u00edvico<\/h2>\t\t<\/div>\n\t\t\t\t<\/div>\n\t\t\t\t<div class=\"elementor-element elementor-element-0d0efda elementor-widget elementor-widget-google_maps\" data-id=\"0d0efda\" data-element_type=\"widget\" data-widget_type=\"google_maps.default\">\n\t\t\t\t<div class=\"elementor-widget-container\">\n\t\t\t\t\t<div class=\"elementor-custom-embed\">\n\t\t\t<iframe frameborder=\"0\" scrolling=\"no\" marginheight=\"0\" marginwidth=\"0\"\n\t\t\t\t\tsrc=\"https:\/\/maps.google.com\/maps?q=WQ7V%2BVC%20Cuernavaca%2C%20Morelos&#038;t=m&#038;z=18&#038;output=embed&#038;iwloc=near\"\n\t\t\t\t\ttitle=\"WQ7V+VC Cuernavaca, Morelos\"\n\t\t\t\t\taria-label=\"WQ7V+VC Cuernavaca, Morelos\"\n\t\t\t><\/iframe>\n\t\t<\/div>\n\t\t\t\t<\/div>\n\t\t\t\t<\/div>\n\t\t\t\t\t\t<\/div>\n\t\t\t\t\t<\/div>\n\t\t<\/div>\n\t\t\t\t\t\t\t\t<\/div>\n\t\t\t\t\t<\/div>\n\t\t<\/section>\n\t\t\t\t\t\t\t\t\t<\/div>\n\t\t\t<\/div>\n\t\t\t\t\t<\/div>\n\t\t","protected":false},"excerpt":{"rendered":"<p>INFORMACI\u00d3N GENERAL DEL JUZGADO C\u00cdVICO MUNICIPAL DE CUERNAVACA, MORELOS Personal: Lic. Nuvia Casta\u00f1eda Salas \u2013 Coordinadora del Juzgado C\u00edvico Lic. Jos\u00e9 Luis Silva D\u00edaz \u2013 Juez C\u00edvico de Primer Turno Lic. Emanuel G\u00f3mez Cano \u2013 Juez C\u00edvico de Segundo Turno Lic. Dammhyrell Gonz\u00e1lez L\u00f3pez \u2013 Juez C\u00edvico de Tercer Turno Este Juzgado tiene la atribuci\u00f3n, [&hellip;]<\/p>\n","protected":false},"author":7,"featured_media":0,"parent":0,"menu_order":0,"comment_status":"closed","ping_status":"closed","template":"","meta":[],"_links":{"self":[{"href":"https:\/\/cuernavaca.gob.mx\/dmer\/index.php?rest_route=\/wp\/v2\/pages\/6197"}],"collection":[{"href":"https:\/\/cuernavaca.gob.mx\/dmer\/index.php?rest_route=\/wp\/v2\/pages"}],"about":[{"href":"https:\/\/cuernavaca.gob.mx\/dmer\/index.php?rest_route=\/wp\/v2\/types\/page"}],"author":[{"embeddable":true,"href":"https:\/\/cuernavaca.gob.mx\/dmer\/index.php?rest_route=\/wp\/v2\/users\/7"}],"replies":[{"embeddable":true,"href":"https:\/\/cuernavaca.gob.mx\/dmer\/index.php?rest_route=%2Fwp%2Fv2%2Fcomments&post=6197"}],"version-history":[{"count":4,"href":"https:\/\/cuernavaca.gob.mx\/dmer\/index.php?rest_route=\/wp\/v2\/pages\/6197\/revisions"}],"predecessor-version":[{"id":6201,"href":"https:\/\/cuernavaca.gob.mx\/dmer\/index.php?rest_route=\/wp\/v2\/pages\/6197\/revisions\/6201"}],"wp:attachment":[{"href":"https:\/\/cuernavaca.gob.mx\/dmer\/index.php?rest_route=%2Fwp%2Fv2%2Fmedia&parent=6197"}],"curies":[{"name":"wp","href":"https:\/\/api.w.org\/{rel}","templated":true}]}}