{"id":6202,"date":"2025-08-04T15:36:46","date_gmt":"2025-08-04T21:36:46","guid":{"rendered":"https:\/\/cuernavaca.gob.mx\/dmer\/?page_id=6202"},"modified":"2025-08-07T13:23:59","modified_gmt":"2025-08-07T19:23:59","slug":"56-tesoreria","status":"publish","type":"page","link":"https:\/\/cuernavaca.gob.mx\/dmer\/?page_id=6202","title":{"rendered":"56 &#8211; TESORER\u00cdA"},"content":{"rendered":"\t\t<div data-elementor-type=\"wp-page\" data-elementor-id=\"6202\" class=\"elementor elementor-6202\">\n\t\t\t\t\t\t<div class=\"elementor-inner\">\n\t\t\t\t<div class=\"elementor-section-wrap\">\n\t\t\t\t\t\t\t\t\t<section class=\"elementor-section elementor-top-section elementor-element elementor-element-3c92ce2 elementor-section-boxed elementor-section-height-default elementor-section-height-default\" data-id=\"3c92ce2\" data-element_type=\"section\">\n\t\t\t\t\t\t<div class=\"elementor-container elementor-column-gap-default\">\n\t\t\t\t\t\t\t<div class=\"elementor-row\">\n\t\t\t\t\t<div class=\"elementor-column elementor-col-100 elementor-top-column elementor-element elementor-element-4d47fc2\" data-id=\"4d47fc2\" data-element_type=\"column\">\n\t\t\t<div class=\"elementor-column-wrap elementor-element-populated\">\n\t\t\t\t\t\t\t<div class=\"elementor-widget-wrap\">\n\t\t\t\t\t\t<div class=\"elementor-element elementor-element-f27c3b2 elementor-tabs-view-horizontal elementor-widget elementor-widget-tabs\" data-id=\"f27c3b2\" data-element_type=\"widget\" data-widget_type=\"tabs.default\">\n\t\t\t\t<div class=\"elementor-widget-container\">\n\t\t\t\t\t<div class=\"elementor-tabs\">\n\t\t\t<div class=\"elementor-tabs-wrapper\" role=\"tablist\" >\n\t\t\t\t\t\t\t\t\t<div id=\"elementor-tab-title-2541\" class=\"elementor-tab-title elementor-tab-desktop-title\" aria-selected=\"true\" data-tab=\"1\" role=\"tab\" tabindex=\"0\" aria-controls=\"elementor-tab-content-2541\" aria-expanded=\"false\"><a href=\"\">GU\u00cdA DE TR\u00c1MITES<\/a><\/div>\n\t\t\t\t\t\t\t\t\t<div id=\"elementor-tab-title-2542\" class=\"elementor-tab-title elementor-tab-desktop-title\" aria-selected=\"false\" data-tab=\"2\" role=\"tab\" tabindex=\"-1\" aria-controls=\"elementor-tab-content-2542\" aria-expanded=\"false\"><a href=\"\">DIRECTORIO<\/a><\/div>\n\t\t\t\t\t\t\t<\/div>\n\t\t\t<div class=\"elementor-tabs-content-wrapper\" role=\"tablist\" aria-orientation=\"vertical\">\n\t\t\t\t\t\t\t\t\t<div class=\"elementor-tab-title elementor-tab-mobile-title\" aria-selected=\"true\" data-tab=\"1\" role=\"tab\" tabindex=\"0\" aria-controls=\"elementor-tab-content-2541\" aria-expanded=\"false\">GU\u00cdA DE TR\u00c1MITES<\/div>\n\t\t\t\t\t<div id=\"elementor-tab-content-2541\" class=\"elementor-tab-content elementor-clearfix\" data-tab=\"1\" role=\"tabpanel\" aria-labelledby=\"elementor-tab-title-2541\" tabindex=\"0\" hidden=\"false\"><ul><li><a href=\"https:\/\/cuernavaca.gob.mx\/wp-content\/uploads\/2020\/07\/GUIA-DE-TRAMITE-DE-ALTA-CON-PLANO-APROBADO-POR-LA-AUTORIDAD-MUNICIPAL-DE-DIVISION-NOTIFICACION-Y-CONDOMINIO-POR-CADA-LOTE-O-FRACCION.pdf\">GUIA DE TRAMITE DE ALTA CON PLANO APROBADO POR LA AUTORIDAD MUNICIPAL DE DIVISION NOTIFICACION Y CONDOMINIO POR CADA LOTE O FRACCION<\/a><\/li><li><a href=\"https:\/\/cuernavaca.gob.mx\/wp-content\/uploads\/2020\/07\/GUIA-DE-TRAMITE-DE-ALTA-DE-CONSTRUCCION-CON-DOCUMENTOS.pdf\">GUIA DE TRAMITE DE ALTA DE CONSTRUCCION CON DOCUMENTOS<\/a><\/li><li><a href=\"https:\/\/cuernavaca.gob.mx\/wp-content\/uploads\/2020\/07\/GUIA-DE-TRAMITE-DE-ANTECEDENTES-CATASTRALES-DE-UN-PREDIO.pdf\">GUIA DE TRAMITE DE ANTECEDENTES CATASTRALES DE UN PREDIO<\/a><\/li><li><a href=\"https:\/\/cuernavaca.gob.mx\/wp-content\/uploads\/2020\/07\/GUIA-DE-TRAMITE-DE-BUSQUEDA-E-IMPRESION-DE-RECIBOS.pdf\">GUIA DE TRAMITE DE BUSQUEDA E IMPRESION DE RECIBOS<\/a><\/li><li><a href=\"https:\/\/cuernavaca.gob.mx\/wp-content\/uploads\/2020\/07\/GUIA-DE-TRAMITE-DE-CAMBIO-DEL-NOMBRE-DEL-POSESIONARIO-CUOTA-POR-METRO-CUADRADO.pdf\">GUIA DE TRAMITE DE CAMBIO DEL NOMBRE DEL POSESIONARIO CUOTA POR METRO CUADRADO<\/a><\/li><li><a href=\"https:\/\/cuernavaca.gob.mx\/wp-content\/uploads\/2020\/07\/GUIA-DE-TRAMITE-DE-CERTIFICACION-DE-PLANO-DE-MANZANA.pdf\">GUIA DE TRAMITE DE CERTIFICACION DE PLANO DE MANZANA<\/a><\/li><li><a href=\"https:\/\/cuernavaca.gob.mx\/wp-content\/uploads\/2020\/07\/GUIA-DE-TRAMITE-DE-CERTIFICADO-DE-NO-ADEUDO-DE-INFRACCION-2025-2027.pdf\">GUIA DE TRAMITE DE CERTIFICADO DE NO ADEUDO DE INFRACCION 2025-2027<\/a><\/li><li><a href=\"https:\/\/cuernavaca.gob.mx\/wp-content\/uploads\/2020\/07\/GUIA-DE-TRAMITE-DE-CONSTANCIA-DE-ANTIGUEDAD-DE-LA-CONSTRUCCION.pdf\">GUIA DE TRAMITE DE CONSTANCIA DE ANTIGUEDAD DE LA CONSTRUCCION<\/a><\/li><li><a href=\"https:\/\/cuernavaca.gob.mx\/wp-content\/uploads\/2020\/07\/GUIA-DE-TRAMITE-DE-CONSTANCIA-DE-NO-INFRACCION-2025-2027.pdf\">GUIA DE TRAMITE DE CONSTANCIA DE NO INFRACCION 2025-2027<\/a><\/li><li><a href=\"https:\/\/cuernavaca.gob.mx\/wp-content\/uploads\/2020\/07\/GUIA-DE-TRAMITE-DE-CONVENIO-DE-PAGO-EN-PARCIALIDADES-2025-2027.pdf\">GUIA DE TRAMITE DE CONVENIO DE PAGO EN PARCIALIDADES 2025-2027\u00a0<\/a><\/li><li><a href=\"https:\/\/cuernavaca.gob.mx\/wp-content\/uploads\/2020\/07\/GUIA-DE-TRAMITE-DE-COPIA-CERTIFICADA-DE-DOCUMENTOS-DIVERSOS-Y-PLANOS-EXISTENTES-POR-EXPEDIENTE-HASTA-50-HOJAS.pdf\">GUIA DE TRAMITE DE COPIA CERTIFICADA DE DOCUMENTOS DIVERSOS Y PLANOS EXISTENTES POR EXPEDIENTE HASTA 50 HOJAS<\/a><\/li><li><a href=\"https:\/\/cuernavaca.gob.mx\/wp-content\/uploads\/2020\/07\/GUIA-DE-TRAMITE-DE-COPIA-CERTIFICADA-DE-PLANO-CATASTRAL.pdf\">GUIA DE TRAMITE DE COPIA CERTIFICADA DE PLANO CATASTRAL<\/a><\/li><li><a href=\"https:\/\/cuernavaca.gob.mx\/wp-content\/uploads\/2020\/07\/GUIA-DE-TRAMITE-DE-COPIA-DE-UNA-ORTO-FOTO-EN-MEDIO-MAGNETICO.pdf\">GUIA DE TRAMITE DE COPIA DE UNA ORTO FOTO EN MEDIO MAGNETICO<\/a><\/li><li><a href=\"https:\/\/cuernavaca.gob.mx\/wp-content\/uploads\/2020\/07\/GUIA-DE-TRAMITE-DE-COPIA-DEL-PLANO-MUNICIPAL-EN-MEDIO-MAGNETICO.pdf\">GUIA DE TRAMITE DE COPIA DEL PLANO MUNICIPAL EN MEDIO MAGNETICO<\/a><\/li><li><a href=\"https:\/\/cuernavaca.gob.mx\/wp-content\/uploads\/2020\/07\/GUIA-DE-TRAMITE-DE-COPIA-IMPRESA-DE-UNA-ORTO-FOTO-90-60-CMS.pdf\">GUIA DE TRAMITE DE COPIA IMPRESA DE UNA ORTO FOTO 90-60 CMS<\/a><\/li><li><a href=\"https:\/\/cuernavaca.gob.mx\/wp-content\/uploads\/2020\/07\/GUIA-DE-TRAMITE-DE-COPIA-SIMPLE-DE-DOCUMENTOS-DIVERSOS-Y-PLANOS-EXISTENTES-POR-EXPEDIENTE-HASTA-30-HOJAS.pdf\">GUIA DE TRAMITE DE COPIA SIMPLE DE DOCUMENTOS DIVERSOS Y PLANOS EXISTENTES POR EXPEDIENTE HASTA 30 HOJAS<\/a><\/li><li><a href=\"https:\/\/cuernavaca.gob.mx\/wp-content\/uploads\/2020\/07\/GUIA-DE-TRAMITE-DE-DEVOLUCION-DE-PAGO-DE-LO-INDEBIDO-2025-2027.pdf\">GUIA DE TRAMITE DE DEVOLUCION DE PAGO DE LO INDEBIDO 2025-2027<\/a><\/li><li><a href=\"https:\/\/cuernavaca.gob.mx\/wp-content\/uploads\/2020\/07\/GUIA-DE-TRAMITE-DE-EXENCION-DE-PAGO-2025-2027.pdf\">GUIA DE TRAMITE DE EXENCION DE PAGO 2025-2027<\/a><\/li><li><a href=\"https:\/\/cuernavaca.gob.mx\/wp-content\/uploads\/2020\/07\/GUIA-DE-TRAMITE-DE-EXPEDICION-DE-CERTIFICADOS-DE-NO-ADEUDO-DE-IMPUESTO-PREDIAL-Y-SERVICIOS-MUNICIPALES.pdf\">GUIA DE TRAMITE DE EXPEDICION DE CERTIFICADOS DE NO ADEUDO DE IMPUESTO PREDIAL Y SERVICIOS MUNICIPALES<\/a><\/li><li><a href=\"https:\/\/cuernavaca.gob.mx\/wp-content\/uploads\/2020\/07\/GUIA-DE-TRAMITE-DE-IMPRESION-DE-PLANO-DEL-MUNICIPIO.pdf\">GUIA DE TRAMITE DE IMPRESION DE PLANO DEL MUNICIPIO<\/a><\/li><li><a href=\"https:\/\/cuernavaca.gob.mx\/wp-content\/uploads\/2020\/07\/GUIA-DE-TRAMITE-DE-IMPRESION-POR-REGION.pdf\">GUIA DE TRAMITE DE IMPRESION POR REGION<\/a><\/li><li><a href=\"https:\/\/cuernavaca.gob.mx\/wp-content\/uploads\/2020\/07\/GUIA-DE-TRAMITE-DE-INSPECCION-OCULAR-DE-UN-PREDIO.pdf\">GUIA DE TRAMITE DE INSPECCION OCULAR DE UN PREDIO<\/a><\/li><li><a href=\"https:\/\/cuernavaca.gob.mx\/wp-content\/uploads\/2020\/07\/GUIA-DE-TRAMITE-DE-LEVANTAMIENTO-TOPOGRAFICO-VERIFICACIONES-Y-DESLINDES-EN-METROS-CUADRADOS.pdf\">GUIA DE TRAMITE DE LEVANTAMIENTO TOPOGRAFICO VERIFICACIONES Y DESLINDES EN METROS CUADRADOS<\/a><\/li><li><a href=\"https:\/\/cuernavaca.gob.mx\/wp-content\/uploads\/2020\/07\/GUIA-DE-TRAMITE-DE-PAGO-DE-IMPUESTO-SOBRE-ADQUISICION-DE-BIENES-INMUEBLES-TRASLADO-DE-DOMINIO.pdf\">GUIA DE TRAMITE DE PAGO DE IMPUESTO SOBRE ADQUISICION DE BIENES INMUEBLES TRASLADO DE DOMINIO<\/a><\/li><li><a href=\"https:\/\/cuernavaca.gob.mx\/wp-content\/uploads\/2020\/07\/GUIA-DE-TRAMITE-DE-PLANO-HASTA-60-90-CMS.pdf\">GUIA DE TRAMITE DE PLANO HASTA 60-90 CMS<\/a><\/li><li><a href=\"https:\/\/cuernavaca.gob.mx\/wp-content\/uploads\/2020\/07\/GUIA-DE-TRAMITE-DE-PRESCRIPCION-DE-CREDITOS-FISCALES-2025-2027.pdf\">GUIA DE TRAMITE DE PRESCRIPCION DE CREDITOS FISCALES 2025-2027<\/a><\/li><li><a href=\"https:\/\/cuernavaca.gob.mx\/wp-content\/uploads\/2020\/07\/GUIA-DE-TRAMITE-DE-SELLADO-DE-ESCRITURAS.pdf\">GUIA DE TRAMITE DE SELLADO DE ESCRITURAS<\/a><\/li><li><a href=\"https:\/\/cuernavaca.gob.mx\/wp-content\/uploads\/2020\/07\/GUIA-DE-TRAMITE-DE-VENTA-DEL-FOLIO-PARA-PAGO-DE-IMPUESTO-SOBRE-ADQUISICION-DE-BIENES-INMUEBLES-ISABI.pdf\">GUIA DE TRAMITE DE VENTA DEL FOLIO PARA PAGO DE IMPUESTO SOBRE ADQUISICION DE BIENES INMUEBLES ISABI<\/a><\/li><li><a href=\"https:\/\/cuernavaca.gob.mx\/dmer\/wp-content\/uploads\/2022\/03\/RMTySCUETM032022-Devolucion-de-pago-de-lo-indebido.pdf\">GUIA DE TRAMITE DE DEVOLUCI\u00d3N DE PAGO INDEBIDO<\/a><\/li><\/ul><\/div>\n\t\t\t\t\t\t\t\t\t<div class=\"elementor-tab-title elementor-tab-mobile-title\" aria-selected=\"false\" data-tab=\"2\" role=\"tab\" tabindex=\"-1\" aria-controls=\"elementor-tab-content-2542\" aria-expanded=\"false\">DIRECTORIO<\/div>\n\t\t\t\t\t<div id=\"elementor-tab-content-2542\" class=\"elementor-tab-content elementor-clearfix\" data-tab=\"2\" role=\"tabpanel\" aria-labelledby=\"elementor-tab-title-2542\" tabindex=\"0\" hidden=\"hidden\"><table width=\"539\">\n<tbody>\n<tr>\n<td width=\"273\"><span style=\"color: #333399;\"><strong>Nombre<\/strong><\/span><\/td>\n<td width=\"266\"><strong><span style=\"color: #333399;\">Cargo<\/span><\/strong><\/td>\n<\/tr>\n<tr>\n<td>Arozarena Salazar Carlos Javier<\/td>\n<td>TESORERO MUNICIPAL<\/td>\n<\/tr>\n<tr>\n<td>Martinez Castillo Tzahiri Jaqueline<\/td>\n<td width=\"266\">JEFA DE DEPARTAMENTO ADMINISTRATIVO<\/td>\n<\/tr>\n<tr>\n<td>Gonzalez Flores Jesus<\/td>\n<td width=\"266\">DIRECTOR DE GESTION Y CONTROL DE INFORMACION<\/td>\n<\/tr>\n<tr>\n<td>Vazquez Bahena Emmanuel Alejandro<\/td>\n<td width=\"266\">DIRECTOR GENERAL DE INGRESOS Y RECAUDACION<\/td>\n<\/tr>\n<tr>\n<td>Olais Sanchez Floridalia<\/td>\n<td width=\"266\">DIRECTORA DE REZAGOS Y EJECUCI\u00d3N FISCAL<\/td>\n<\/tr>\n<tr>\n<td>Cortez Roman Alfonso<\/td>\n<td width=\"266\">JEFE DE DEPARTAMENTO DE AUDITORIA FISCAL<\/td>\n<\/tr>\n<tr>\n<td>Palacios Carvajal Mirem Georgina<\/td>\n<td width=\"266\">JEFA DE DEPARTAMENTO DE PROCEDIMIENTOS ECONOMICOS COACTIVOS Y NOTIFICACION DE CREIDTOS FISCALES<\/td>\n<\/tr>\n<tr>\n<td>Villegas Vazquez Jose<\/td>\n<td>DIRECTOR DE RECAUDACION PUBLICA<\/td>\n<\/tr>\n<tr>\n<td>Garcia Castro Laura Yazmin<\/td>\n<td width=\"266\">JEFA DE DEPARTAMENTO DE INGRESOS EN GENERAL<\/td>\n<\/tr>\n<tr>\n<td>Streber Montagne Fernando Ricardo<\/td>\n<td width=\"266\">DIRECTOR GENERAL DE IMPUESTO PREDIAL Y CATASTRO<\/td>\n<\/tr>\n<tr>\n<td>Demesa Armenta Laura Marila<\/td>\n<td width=\"266\">JEFA DE DEPARTAMENTO DE VALUACION, CERTIFICACION Y NOTIFICADORES<\/td>\n<\/tr>\n<tr>\n<td>Palermo Gonzalez Carla Lucia<\/td>\n<td width=\"266\">JEFA DE DEPARTAMENTO DE PADRON DE CONTRIBUYENTES<\/td>\n<\/tr>\n<tr>\n<td>Rangel Bernal Jesus Alberto<\/td>\n<td width=\"266\">JEFE DE DEPARTAMENTO DE ACTUALIZACION GEOGRAFICA Y ESTADISTICA<\/td>\n<\/tr>\n<tr>\n<td>Vega Damian Luis Antonio<\/td>\n<td width=\"266\">JEFE DE DEPARTAMENTO DE ACTUALIZACION, INFORMATICA Y CAPTURA<\/td>\n<\/tr>\n<tr>\n<td>Mendez Medina Salvador<\/td>\n<td width=\"266\">DIRECTOR GENERAL DE CONTABILIDAD, EGRESOS Y CONTROL PRESUPUESTAL<\/td>\n<\/tr>\n<tr>\n<td>Flores Villegas Guadalupe<\/td>\n<td width=\"266\">DIRECTORA DE CONTABILIDAD Y CUENTA PUBLICA<\/td>\n<\/tr>\n<tr>\n<td>Salgado Wences Dalia<\/td>\n<td width=\"266\">JEFA DE DEPARTAMENTO DE CONTABILIDAD<\/td>\n<\/tr>\n<tr>\n<td>Mendez Morales Maria Guadalupe<\/td>\n<td width=\"266\">JEFA DE DEPARTAMENTO DE ARMONIZACI\u00d3N CONTABLE<\/td>\n<\/tr>\n<tr>\n<td>Ramirez Cervantes Eduardo<\/td>\n<td width=\"266\">DIRECTOR DE CONTABILIDAD DE PROGRAMAS FEDERALIZADOS<\/td>\n<\/tr>\n<tr>\n<td>Hernandez Ocampo Hernan Daniel<\/td>\n<td width=\"266\">JEFE DE DEPARTAMENTO DE VINCULACI\u00d3N DE PROGRAMAS FEDERALIZADOS<\/td>\n<\/tr>\n<tr>\n<td>Fonseca Lopez Jazmin<\/td>\n<td>DIRECTORA DE CONTROL PRESUPUESTAL<\/td>\n<\/tr>\n<tr>\n<td>Monje Lopez Ricardo<\/td>\n<td width=\"266\">JEFE DE DEPARTAMENTO DE AFECTACION Y FISCALIZACION PRESUPUESTAL<\/td>\n<\/tr>\n<tr>\n<td>Casta\u00f1eda Torres Vicente<\/td>\n<td>DIRECTOR DE EGRESOS<\/td>\n<\/tr>\n<tr>\n<td>Mora Gonzalez Ramses Omar<\/td>\n<td width=\"266\">JEFE DE DEPARTAMENTO DE PAGO A PROVEEDORES Y CONTRATISTAS<\/td>\n<\/tr>\n<tr>\n<td>Ocampo Calderon Ana Cecilia<\/td>\n<td width=\"266\">JEFE DE DEPARTAMENTO DE GESTI\u00d3N DE DOCUMENTOS<\/td>\n<\/tr>\n<tr>\n<td>Lopez Sanchez Vannia Guadalupe<\/td>\n<td width=\"266\">JEFE DE DEPARTAMENTO DE EGRESOS<\/td>\n<\/tr>\n<tr>\n<td>Jimenez Romero Jose Fernando<\/td>\n<td width=\"266\">DIRECTOR DE ENLACE CON REGIDORES<\/td>\n<\/tr>\n<tr>\n<td>Cruz Silva Suhail<\/td>\n<td width=\"266\">JEFE DE DEPARTAMENTO<\/td>\n<\/tr>\n<\/tbody>\n<\/table><\/div>\n\t\t\t\t\t\t\t<\/div>\n\t\t<\/div>\n\t\t\t\t<\/div>\n\t\t\t\t<\/div>\n\t\t\t\t<div class=\"elementor-element elementor-element-1f54cce elementor-widget elementor-widget-text-editor\" data-id=\"1f54cce\" data-element_type=\"widget\" data-widget_type=\"text-editor.default\">\n\t\t\t\t<div class=\"elementor-widget-container\">\n\t\t\t\t\t\t\t\t<div class=\"elementor-text-editor elementor-clearfix\">\n\t\t\t\t\t\t\t\t\t<\/div>\n\t\t\t\t\t\t<\/div>\n\t\t\t\t<\/div>\n\t\t\t\t<section class=\"elementor-section elementor-inner-section elementor-element elementor-element-37ab0ee elementor-section-boxed elementor-section-height-default elementor-section-height-default\" data-id=\"37ab0ee\" data-element_type=\"section\">\n\t\t\t\t\t\t<div class=\"elementor-container elementor-column-gap-default\">\n\t\t\t\t\t\t\t<div class=\"elementor-row\">\n\t\t\t\t\t<div class=\"elementor-column elementor-col-50 elementor-inner-column elementor-element elementor-element-1a24c22\" data-id=\"1a24c22\" data-element_type=\"column\">\n\t\t\t<div class=\"elementor-column-wrap elementor-element-populated\">\n\t\t\t\t\t\t\t<div class=\"elementor-widget-wrap\">\n\t\t\t\t\t\t<div class=\"elementor-element elementor-element-c190e97 elementor-widget elementor-widget-text-editor\" data-id=\"c190e97\" data-element_type=\"widget\" data-widget_type=\"text-editor.default\">\n\t\t\t\t<div class=\"elementor-widget-container\">\n\t\t\t\t\t\t\t\t<div class=\"elementor-text-editor elementor-clearfix\">\n\t\t\t\t<h2><strong>Contacto<\/strong><\/h2>\t\t\t\t\t<\/div>\n\t\t\t\t\t\t<\/div>\n\t\t\t\t<\/div>\n\t\t\t\t<div class=\"elementor-element elementor-element-031bc91 e-grid-align-left elementor-shape-rounded elementor-grid-0 elementor-widget elementor-widget-social-icons\" data-id=\"031bc91\" data-element_type=\"widget\" data-widget_type=\"social-icons.default\">\n\t\t\t\t<div class=\"elementor-widget-container\">\n\t\t\t\t\t<div class=\"elementor-social-icons-wrapper elementor-grid\">\n\t\t\t\t\t\t\t<span class=\"elementor-grid-item\">\n\t\t\t\t\t<a class=\"elementor-icon elementor-social-icon elementor-social-icon-facebook elementor-repeater-item-5baa822\" href=\"https:\/\/facebook.com\/cuernavacagob\" target=\"_blank\">\n\t\t\t\t\t\t<span class=\"elementor-screen-only\">Facebook<\/span>\n\t\t\t\t\t\t<i class=\"fab fa-facebook\"><\/i>\t\t\t\t\t<\/a>\n\t\t\t\t<\/span>\n\t\t\t\t\t\t\t<span class=\"elementor-grid-item\">\n\t\t\t\t\t<a class=\"elementor-icon elementor-social-icon elementor-social-icon-twitter elementor-repeater-item-8c3b4da\" href=\"https:\/\/facebook.com\/cuernavacagob\" target=\"_blank\">\n\t\t\t\t\t\t<span class=\"elementor-screen-only\">Twitter<\/span>\n\t\t\t\t\t\t<i class=\"fab fa-twitter\"><\/i>\t\t\t\t\t<\/a>\n\t\t\t\t<\/span>\n\t\t\t\t\t<\/div>\n\t\t\t\t<\/div>\n\t\t\t\t<\/div>\n\t\t\t\t\t\t<\/div>\n\t\t\t\t\t<\/div>\n\t\t<\/div>\n\t\t\t\t<div class=\"elementor-column elementor-col-50 elementor-inner-column elementor-element elementor-element-43d974d\" data-id=\"43d974d\" data-element_type=\"column\">\n\t\t\t<div class=\"elementor-column-wrap\">\n\t\t\t\t\t\t\t<div class=\"elementor-widget-wrap\">\n\t\t\t\t\t\t\t\t<\/div>\n\t\t\t\t\t<\/div>\n\t\t<\/div>\n\t\t\t\t\t\t\t\t<\/div>\n\t\t\t\t\t<\/div>\n\t\t<\/section>\n\t\t\t\t\t\t<\/div>\n\t\t\t\t\t<\/div>\n\t\t<\/div>\n\t\t\t\t\t\t\t\t<\/div>\n\t\t\t\t\t<\/div>\n\t\t<\/section>\n\t\t\t\t<section class=\"elementor-section elementor-top-section elementor-element elementor-element-39b1e5d elementor-section-boxed elementor-section-height-default elementor-section-height-default\" data-id=\"39b1e5d\" data-element_type=\"section\">\n\t\t\t\t\t\t<div class=\"elementor-container elementor-column-gap-default\">\n\t\t\t\t\t\t\t<div class=\"elementor-row\">\n\t\t\t\t\t<div class=\"elementor-column elementor-col-100 elementor-top-column elementor-element elementor-element-7e8474e\" data-id=\"7e8474e\" data-element_type=\"column\">\n\t\t\t<div class=\"elementor-column-wrap elementor-element-populated\">\n\t\t\t\t\t\t\t<div class=\"elementor-widget-wrap\">\n\t\t\t\t\t\t<div class=\"elementor-element elementor-element-16b639e elementor-widget elementor-widget-heading\" data-id=\"16b639e\" data-element_type=\"widget\" data-widget_type=\"heading.default\">\n\t\t\t\t<div class=\"elementor-widget-container\">\n\t\t\t<h2 class=\"elementor-heading-title elementor-size-default\">Tesorer\u00eda<\/h2>\t\t<\/div>\n\t\t\t\t<\/div>\n\t\t\t\t<div class=\"elementor-element elementor-element-0d0efda elementor-widget elementor-widget-google_maps\" data-id=\"0d0efda\" data-element_type=\"widget\" data-widget_type=\"google_maps.default\">\n\t\t\t\t<div class=\"elementor-widget-container\">\n\t\t\t\t\t<div class=\"elementor-custom-embed\">\n\t\t\t<iframe frameborder=\"0\" scrolling=\"no\" marginheight=\"0\" marginwidth=\"0\"\n\t\t\t\t\tsrc=\"https:\/\/maps.google.com\/maps?q=Cuauhtemotzin%204%2C%20Cuernavaca%20Centro%2C%20Centro%2C%2062000%20Cuernavaca%2C%20Mor.&#038;t=m&#038;z=18&#038;output=embed&#038;iwloc=near\"\n\t\t\t\t\ttitle=\"Cuauhtemotzin 4, Cuernavaca Centro, Centro, 62000 Cuernavaca, Mor.\"\n\t\t\t\t\taria-label=\"Cuauhtemotzin 4, Cuernavaca Centro, Centro, 62000 Cuernavaca, Mor.\"\n\t\t\t><\/iframe>\n\t\t<\/div>\n\t\t\t\t<\/div>\n\t\t\t\t<\/div>\n\t\t\t\t\t\t<\/div>\n\t\t\t\t\t<\/div>\n\t\t<\/div>\n\t\t\t\t\t\t\t\t<\/div>\n\t\t\t\t\t<\/div>\n\t\t<\/section>\n\t\t\t\t\t\t\t\t\t<\/div>\n\t\t\t<\/div>\n\t\t\t\t\t<\/div>\n\t\t","protected":false},"excerpt":{"rendered":"<p>GU\u00cdA DE TR\u00c1MITES DIRECTORIO GU\u00cdA DE TR\u00c1MITES GUIA DE TRAMITE DE ALTA CON PLANO APROBADO POR LA AUTORIDAD MUNICIPAL DE DIVISION NOTIFICACION Y CONDOMINIO POR CADA LOTE O FRACCION GUIA DE TRAMITE DE ALTA DE CONSTRUCCION CON DOCUMENTOS GUIA DE TRAMITE DE ANTECEDENTES CATASTRALES DE UN PREDIO GUIA DE TRAMITE DE BUSQUEDA E IMPRESION DE [&hellip;]<\/p>\n","protected":false},"author":7,"featured_media":0,"parent":0,"menu_order":0,"comment_status":"closed","ping_status":"closed","template":"","meta":[],"_links":{"self":[{"href":"https:\/\/cuernavaca.gob.mx\/dmer\/index.php?rest_route=\/wp\/v2\/pages\/6202"}],"collection":[{"href":"https:\/\/cuernavaca.gob.mx\/dmer\/index.php?rest_route=\/wp\/v2\/pages"}],"about":[{"href":"https:\/\/cuernavaca.gob.mx\/dmer\/index.php?rest_route=\/wp\/v2\/types\/page"}],"author":[{"embeddable":true,"href":"https:\/\/cuernavaca.gob.mx\/dmer\/index.php?rest_route=\/wp\/v2\/users\/7"}],"replies":[{"embeddable":true,"href":"https:\/\/cuernavaca.gob.mx\/dmer\/index.php?rest_route=%2Fwp%2Fv2%2Fcomments&post=6202"}],"version-history":[{"count":28,"href":"https:\/\/cuernavaca.gob.mx\/dmer\/index.php?rest_route=\/wp\/v2\/pages\/6202\/revisions"}],"predecessor-version":[{"id":6238,"href":"https:\/\/cuernavaca.gob.mx\/dmer\/index.php?rest_route=\/wp\/v2\/pages\/6202\/revisions\/6238"}],"wp:attachment":[{"href":"https:\/\/cuernavaca.gob.mx\/dmer\/index.php?rest_route=%2Fwp%2Fv2%2Fmedia&parent=6202"}],"curies":[{"name":"wp","href":"https:\/\/api.w.org\/{rel}","templated":true}]}}