{"id":13994,"date":"2022-06-14T18:43:37","date_gmt":"2022-06-14T23:43:37","guid":{"rendered":"https:\/\/cuernavaca.gob.mx\/?page_id=13994"},"modified":"2024-03-13T12:41:38","modified_gmt":"2024-03-13T18:41:38","slug":"mercados-municipales","status":"publish","type":"page","link":"https:\/\/cuernavaca.gob.mx\/?page_id=13994","title":{"rendered":"Mercados Municipales"},"content":{"rendered":"\t\t<div data-elementor-type=\"wp-page\" data-elementor-id=\"13994\" class=\"elementor elementor-13994\">\n\t\t\t\t\t\t\t\t\t<section class=\"elementor-section elementor-top-section elementor-element elementor-element-051c8cf elementor-section-full_width elementor-section-stretched elementor-section-height-default elementor-section-height-default\" data-id=\"051c8cf\" data-element_type=\"section\" data-settings=\"{&quot;background_background&quot;:&quot;classic&quot;,&quot;stretch_section&quot;:&quot;section-stretched&quot;}\">\n\t\t\t\t\t\t<div class=\"elementor-container elementor-column-gap-extended\">\n\t\t\t\t\t<div class=\"elementor-column elementor-col-100 elementor-top-column elementor-element elementor-element-5c284d0\" data-id=\"5c284d0\" data-element_type=\"column\">\n\t\t\t<div class=\"elementor-widget-wrap elementor-element-populated\">\n\t\t\t\t\t\t\t\t<div class=\"elementor-element elementor-element-3baf4cc elementor-widget elementor-widget-heading\" data-id=\"3baf4cc\" data-element_type=\"widget\" data-widget_type=\"heading.default\">\n\t\t\t\t<div class=\"elementor-widget-container\">\n\t\t\t<style>\/*! elementor - v3.6.4 - 13-04-2022 *\/\n.elementor-heading-title{padding:0;margin:0;line-height:1}.elementor-widget-heading .elementor-heading-title[class*=elementor-size-]>a{color:inherit;font-size:inherit;line-height:inherit}.elementor-widget-heading .elementor-heading-title.elementor-size-small{font-size:15px}.elementor-widget-heading .elementor-heading-title.elementor-size-medium{font-size:19px}.elementor-widget-heading .elementor-heading-title.elementor-size-large{font-size:29px}.elementor-widget-heading .elementor-heading-title.elementor-size-xl{font-size:39px}.elementor-widget-heading .elementor-heading-title.elementor-size-xxl{font-size:59px}<\/style><h2 class=\"elementor-heading-title elementor-size-default\">#ViveCuernavaca<\/h2>\t\t<\/div>\n\t\t\t\t<\/div>\n\t\t\t\t<div class=\"elementor-element elementor-element-92f5abe elementor-widget elementor-widget-heading\" data-id=\"92f5abe\" data-element_type=\"widget\" data-widget_type=\"heading.default\">\n\t\t\t\t<div class=\"elementor-widget-container\">\n\t\t\t<p class=\"elementor-heading-title elementor-size-default\">Descubre, conoce y siente la ciudad de la eterna primavera.<\/p>\t\t<\/div>\n\t\t\t\t<\/div>\n\t\t\t\t<div class=\"elementor-element elementor-element-2c5c570 elementor-widget elementor-widget-ova_search_all\" data-id=\"2c5c570\" data-element_type=\"widget\" data-widget_type=\"ova_search_all.default\">\n\t\t\t\t<div class=\"elementor-widget-container\">\n\t\t\t\t\t\t<div class=\"ova_wrap_search_all type1\">\n\n\t\t\t\t<form role=\"search\" method=\"get\" class=\"search-form\" action=\"https:\/\/cuernavaca.gob.mx\/\">\n\n\t\t\t\t\t<div class=\"wrap_field\">\n\t\t\t\t\t\t<i class=\"flaticon-loupe\"><\/i>\n\t\t\t\t\t\t<input type=\"text\" class=\"search-field\" placeholder=\"\u00bfQu\u00e9 estas buscando?\" value=\"\" aria-label=\"\u00bfQu\u00e9 estas buscando?\" name=\"s\" \/>\n\t\t\t\t\t<\/div>\n\n\t\t\t\t    <button class=\"search-submit second_font\" type=\"submit\" title=\"Search\">Search<\/button>\n\t\t   \t\t\t \t\n\t\t\t\t<\/form>\t\t\t\t\t\t\t\t\t\n\t\t\t<\/div>\n\n\t\t\t\t<\/div>\n\t\t\t\t<\/div>\n\t\t\t\t\t<\/div>\n\t\t<\/div>\n\t\t\t\t\t\t\t<\/div>\n\t\t<\/section>\n\t\t\t\t<section class=\"elementor-section elementor-top-section elementor-element elementor-element-1666e9c elementor-section-boxed elementor-section-height-default elementor-section-height-default\" data-id=\"1666e9c\" data-element_type=\"section\">\n\t\t\t\t\t\t<div class=\"elementor-container elementor-column-gap-default\">\n\t\t\t\t\t<div class=\"elementor-column elementor-col-100 elementor-top-column elementor-element elementor-element-827a45a\" data-id=\"827a45a\" data-element_type=\"column\">\n\t\t\t<div class=\"elementor-widget-wrap elementor-element-populated\">\n\t\t\t\t\t\t\t\t<section class=\"elementor-section elementor-inner-section elementor-element elementor-element-e0e0291 elementor-section-boxed elementor-section-height-default elementor-section-height-default\" data-id=\"e0e0291\" data-element_type=\"section\">\n\t\t\t\t\t\t<div class=\"elementor-container elementor-column-gap-default\">\n\t\t\t\t\t<div class=\"elementor-column elementor-col-33 elementor-inner-column elementor-element elementor-element-12f9d63\" data-id=\"12f9d63\" data-element_type=\"column\">\n\t\t\t<div class=\"elementor-widget-wrap elementor-element-populated\">\n\t\t\t\t\t\t\t\t<div class=\"elementor-element elementor-element-34351a9 elementor-widget elementor-widget-spacer\" data-id=\"34351a9\" data-element_type=\"widget\" data-widget_type=\"spacer.default\">\n\t\t\t\t<div class=\"elementor-widget-container\">\n\t\t\t<style>\/*! elementor - v3.6.4 - 13-04-2022 *\/\n.e-container.e-container--row .elementor-spacer-inner{width:var(--spacer-size)}.e-container.e-container--column .elementor-spacer-inner,.elementor-column .elementor-spacer-inner{height:var(--spacer-size)}<\/style>\t\t<div class=\"elementor-spacer\">\n\t\t\t<div class=\"elementor-spacer-inner\"><\/div>\n\t\t<\/div>\n\t\t\t\t<\/div>\n\t\t\t\t<\/div>\n\t\t\t\t<div class=\"elementor-element elementor-element-c2d5946 elementor-widget elementor-widget-ova_feature_box\" data-id=\"c2d5946\" data-element_type=\"widget\" data-widget_type=\"ova_feature_box.default\">\n\t\t\t\t<div class=\"elementor-widget-container\">\n\t\t\t\t\t<div class=\"ova_feature_box version_1\">\n\t\t\t<div class=\"ova-image\">\n\t\t\t\t<a href=\"https:\/\/cuernavaca.gob.mx\/?page_id=13996\" title=\"Adolfo L\u00f3pez Mateos\">\n\t\t\t\t\t\t\t\t\t\t\t\t\t\t\t\t\t\t<img src=\"https:\/\/incognitapro.com\/cuernavaca\/wp-content\/uploads\/2021\/12\/Museo-2.jpg\" alt=\"Museo\">\n\t\t\t\t\t\t\t\t\t\t\t\t\t\t\t\t\t\t\t\t<\/a>\n\t\t\t<\/div>\n\t\t\t<div class=\"ova-content\">\n\t\t\t\t<h3 class=\"title\">\n\t\t\t\t\t<a href=\"https:\/\/cuernavaca.gob.mx\/?page_id=13996\">\n\t\t\t\t\t\tAdolfo L\u00f3pez Mateos\t\t\t\t\t<\/a>\n\t\t\t\t<\/h3>\n\t\t\t\t\t\t\t\t<div class=\"readmore\">\n\t\t\t\t\t<a href=\"https:\/\/cuernavaca.gob.mx\/?page_id=13996\" class=\"second_font\">\n\t\t\t\t\t\tVer m\u00e1s\t\t\t\t\t\t<i data-feather=\"chevron-right\"><\/i>\n\t\t\t\t\t<\/a>\n\t\t\t\t<\/div>\n\t\t\t\t\t\t\t\t\t\t\t\t<\/div>\n\n\t\t<\/div>\n\t\t\t\t<\/div>\n\t\t\t\t<\/div>\n\t\t\t\t<div class=\"elementor-element elementor-element-27d17eb elementor-widget elementor-widget-ova_feature_box\" data-id=\"27d17eb\" data-element_type=\"widget\" data-widget_type=\"ova_feature_box.default\">\n\t\t\t\t<div class=\"elementor-widget-container\">\n\t\t\t\t\t<div class=\"ova_feature_box version_1\">\n\t\t\t<div class=\"ova-image\">\n\t\t\t\t<a href=\"https:\/\/cuernavaca.gob.mx\/?page_id=14052\" title=\"Mercado Emiliano Zapata\">\n\t\t\t\t\t\t\t\t\t\t\t\t\t\t\t\t\t\t<img src=\"https:\/\/incognitapro.com\/cuernavaca\/wp-content\/uploads\/2021\/12\/Museo-2.jpg\" alt=\"Museo\">\n\t\t\t\t\t\t\t\t\t\t\t\t\t\t\t\t\t\t\t\t<\/a>\n\t\t\t<\/div>\n\t\t\t<div class=\"ova-content\">\n\t\t\t\t<h3 class=\"title\">\n\t\t\t\t\t<a href=\"https:\/\/cuernavaca.gob.mx\/?page_id=14052\">\n\t\t\t\t\t\tMercado Emiliano Zapata\t\t\t\t\t<\/a>\n\t\t\t\t<\/h3>\n\t\t\t\t\t\t\t\t<div class=\"readmore\">\n\t\t\t\t\t<a href=\"https:\/\/cuernavaca.gob.mx\/?page_id=14052\" class=\"second_font\">\n\t\t\t\t\t\tVer m\u00e1s\t\t\t\t\t\t<i data-feather=\"chevron-right\"><\/i>\n\t\t\t\t\t<\/a>\n\t\t\t\t<\/div>\n\t\t\t\t\t\t\t\t\t\t\t\t<\/div>\n\n\t\t<\/div>\n\t\t\t\t<\/div>\n\t\t\t\t<\/div>\n\t\t\t\t<div class=\"elementor-element elementor-element-651e058 elementor-widget elementor-widget-ova_feature_box\" data-id=\"651e058\" data-element_type=\"widget\" data-widget_type=\"ova_feature_box.default\">\n\t\t\t\t<div class=\"elementor-widget-container\">\n\t\t\t\t\t<div class=\"ova_feature_box version_1\">\n\t\t\t<div class=\"ova-image\">\n\t\t\t\t<a href=\"https:\/\/cuernavaca.gob.mx\/?page_id=14090\" title=\"Municipal de Alta Vista\">\n\t\t\t\t\t\t\t\t\t\t\t\t\t\t\t\t\t\t<img src=\"https:\/\/incognitapro.com\/cuernavaca\/wp-content\/uploads\/2021\/12\/Museo-2.jpg\" alt=\"Museo\">\n\t\t\t\t\t\t\t\t\t\t\t\t\t\t\t\t\t\t\t\t<\/a>\n\t\t\t<\/div>\n\t\t\t<div class=\"ova-content\">\n\t\t\t\t<h3 class=\"title\">\n\t\t\t\t\t<a href=\"https:\/\/cuernavaca.gob.mx\/?page_id=14090\">\n\t\t\t\t\t\tMunicipal de Alta Vista\t\t\t\t\t<\/a>\n\t\t\t\t<\/h3>\n\t\t\t\t\t\t\t\t<div class=\"readmore\">\n\t\t\t\t\t<a href=\"https:\/\/cuernavaca.gob.mx\/?page_id=14090\" class=\"second_font\">\n\t\t\t\t\t\tVer m\u00e1s\t\t\t\t\t\t<i data-feather=\"chevron-right\"><\/i>\n\t\t\t\t\t<\/a>\n\t\t\t\t<\/div>\n\t\t\t\t\t\t\t\t\t\t\t\t<\/div>\n\n\t\t<\/div>\n\t\t\t\t<\/div>\n\t\t\t\t<\/div>\n\t\t\t\t\t<\/div>\n\t\t<\/div>\n\t\t\t\t<div class=\"elementor-column elementor-col-33 elementor-inner-column elementor-element elementor-element-22382be\" data-id=\"22382be\" data-element_type=\"column\">\n\t\t\t<div class=\"elementor-widget-wrap elementor-element-populated\">\n\t\t\t\t\t\t\t\t<div class=\"elementor-element elementor-element-a4d749a elementor-widget elementor-widget-spacer\" data-id=\"a4d749a\" data-element_type=\"widget\" data-widget_type=\"spacer.default\">\n\t\t\t\t<div class=\"elementor-widget-container\">\n\t\t\t\t\t<div class=\"elementor-spacer\">\n\t\t\t<div class=\"elementor-spacer-inner\"><\/div>\n\t\t<\/div>\n\t\t\t\t<\/div>\n\t\t\t\t<\/div>\n\t\t\t\t<div class=\"elementor-element elementor-element-f5028ec elementor-widget elementor-widget-ova_feature_box\" data-id=\"f5028ec\" data-element_type=\"widget\" data-widget_type=\"ova_feature_box.default\">\n\t\t\t\t<div class=\"elementor-widget-container\">\n\t\t\t\t\t<div class=\"ova_feature_box version_1\">\n\t\t\t<div class=\"ova-image\">\n\t\t\t\t<a href=\"\" title=\"Mercado Carolina \">\n\t\t\t\t\t\t\t\t\t\t\t\t\t\t\t\t\t\t<img src=\"https:\/\/incognitapro.com\/cuernavaca\/wp-content\/uploads\/2021\/12\/restaurante.jpg\" alt=\"restaurante\">\n\t\t\t\t\t\t\t\t\t\t\t\t\t\t\t\t\t\t\t\t<\/a>\n\t\t\t<\/div>\n\t\t\t<div class=\"ova-content\">\n\t\t\t\t<h3 class=\"title\">\n\t\t\t\t\t<a href=\"\">\n\t\t\t\t\t\tMercado Carolina \t\t\t\t\t<\/a>\n\t\t\t\t<\/h3>\n\t\t\t\t\t\t\t\t<div class=\"readmore\">\n\t\t\t\t\t<a href=\"\" class=\"second_font\">\n\t\t\t\t\t\tVer m\u00e1s\t\t\t\t\t\t<i data-feather=\"chevron-right\"><\/i>\n\t\t\t\t\t<\/a>\n\t\t\t\t<\/div>\n\t\t\t\t\t\t\t\t\t\t\t\t<\/div>\n\n\t\t<\/div>\n\t\t\t\t<\/div>\n\t\t\t\t<\/div>\n\t\t\t\t<div class=\"elementor-element elementor-element-1b970d9 elementor-widget elementor-widget-ova_feature_box\" data-id=\"1b970d9\" data-element_type=\"widget\" data-widget_type=\"ova_feature_box.default\">\n\t\t\t\t<div class=\"elementor-widget-container\">\n\t\t\t\t\t<div class=\"ova_feature_box version_1\">\n\t\t\t<div class=\"ova-image\">\n\t\t\t\t<a href=\"https:\/\/cuernavaca.gob.mx\/?page_id=14065\" title=\"Dr. Lauro Ortega Martinez\">\n\t\t\t\t\t\t\t\t\t\t\t\t\t\t\t\t\t\t<img src=\"https:\/\/incognitapro.com\/cuernavaca\/wp-content\/uploads\/2021\/12\/restaurante.jpg\" alt=\"restaurante\">\n\t\t\t\t\t\t\t\t\t\t\t\t\t\t\t\t\t\t\t\t<\/a>\n\t\t\t<\/div>\n\t\t\t<div class=\"ova-content\">\n\t\t\t\t<h3 class=\"title\">\n\t\t\t\t\t<a href=\"https:\/\/cuernavaca.gob.mx\/?page_id=14065\">\n\t\t\t\t\t\tDr. Lauro Ortega Martinez\t\t\t\t\t<\/a>\n\t\t\t\t<\/h3>\n\t\t\t\t\t\t\t\t<div class=\"readmore\">\n\t\t\t\t\t<a href=\"https:\/\/cuernavaca.gob.mx\/?page_id=14065\" class=\"second_font\">\n\t\t\t\t\t\tVer m\u00e1s\t\t\t\t\t\t<i data-feather=\"chevron-right\"><\/i>\n\t\t\t\t\t<\/a>\n\t\t\t\t<\/div>\n\t\t\t\t\t\t\t\t\t\t\t\t<\/div>\n\n\t\t<\/div>\n\t\t\t\t<\/div>\n\t\t\t\t<\/div>\n\t\t\t\t<div class=\"elementor-element elementor-element-370d22c elementor-widget elementor-widget-ova_feature_box\" data-id=\"370d22c\" data-element_type=\"widget\" data-widget_type=\"ova_feature_box.default\">\n\t\t\t\t<div class=\"elementor-widget-container\">\n\t\t\t\t\t<div class=\"ova_feature_box version_1\">\n\t\t\t<div class=\"ova-image\">\n\t\t\t\t<a href=\"https:\/\/cuernavaca.gob.mx\/?page_id=14102\" title=\"Mercado Amatitl\u00e1n\">\n\t\t\t\t\t\t\t\t\t\t\t\t\t\t\t\t\t\t<img src=\"https:\/\/incognitapro.com\/cuernavaca\/wp-content\/uploads\/2021\/12\/restaurante.jpg\" alt=\"restaurante\">\n\t\t\t\t\t\t\t\t\t\t\t\t\t\t\t\t\t\t\t\t<\/a>\n\t\t\t<\/div>\n\t\t\t<div class=\"ova-content\">\n\t\t\t\t<h3 class=\"title\">\n\t\t\t\t\t<a href=\"https:\/\/cuernavaca.gob.mx\/?page_id=14102\">\n\t\t\t\t\t\tMercado Amatitl\u00e1n\t\t\t\t\t<\/a>\n\t\t\t\t<\/h3>\n\t\t\t\t\t\t\t\t<div class=\"readmore\">\n\t\t\t\t\t<a href=\"https:\/\/cuernavaca.gob.mx\/?page_id=14102\" class=\"second_font\">\n\t\t\t\t\t\tVer m\u00e1s\t\t\t\t\t\t<i data-feather=\"chevron-right\"><\/i>\n\t\t\t\t\t<\/a>\n\t\t\t\t<\/div>\n\t\t\t\t\t\t\t\t\t\t\t\t<\/div>\n\n\t\t<\/div>\n\t\t\t\t<\/div>\n\t\t\t\t<\/div>\n\t\t\t\t\t<\/div>\n\t\t<\/div>\n\t\t\t\t<div class=\"elementor-column elementor-col-33 elementor-inner-column elementor-element elementor-element-1ea7c81\" data-id=\"1ea7c81\" data-element_type=\"column\">\n\t\t\t<div class=\"elementor-widget-wrap elementor-element-populated\">\n\t\t\t\t\t\t\t\t<div class=\"elementor-element elementor-element-95f9be0 elementor-widget elementor-widget-spacer\" data-id=\"95f9be0\" data-element_type=\"widget\" data-widget_type=\"spacer.default\">\n\t\t\t\t<div class=\"elementor-widget-container\">\n\t\t\t\t\t<div class=\"elementor-spacer\">\n\t\t\t<div class=\"elementor-spacer-inner\"><\/div>\n\t\t<\/div>\n\t\t\t\t<\/div>\n\t\t\t\t<\/div>\n\t\t\t\t<div class=\"elementor-element elementor-element-502442f elementor-widget elementor-widget-ova_feature_box\" data-id=\"502442f\" data-element_type=\"widget\" data-widget_type=\"ova_feature_box.default\">\n\t\t\t\t<div class=\"elementor-widget-container\">\n\t\t\t\t\t<div class=\"ova_feature_box version_1\">\n\t\t\t<div class=\"ova-image\">\n\t\t\t\t<a href=\"https:\/\/cuernavaca.gob.mx\/?page_id=14036\" title=\"Vicente Guerrero\">\n\t\t\t\t\t\t\t\t\t\t\t\t\t\t\t\t\t\t<img src=\"https:\/\/incognitapro.com\/cuernavaca\/wp-content\/uploads\/2021\/12\/hotles.jpg\" alt=\"hoteles\">\n\t\t\t\t\t\t\t\t\t\t\t\t\t\t\t\t\t\t\t\t<\/a>\n\t\t\t<\/div>\n\t\t\t<div class=\"ova-content\">\n\t\t\t\t<h3 class=\"title\">\n\t\t\t\t\t<a href=\"https:\/\/cuernavaca.gob.mx\/?page_id=14036\">\n\t\t\t\t\t\tVicente Guerrero\t\t\t\t\t<\/a>\n\t\t\t\t<\/h3>\n\t\t\t\t\t\t\t\t<div class=\"readmore\">\n\t\t\t\t\t<a href=\"https:\/\/cuernavaca.gob.mx\/?page_id=14036\" class=\"second_font\">\n\t\t\t\t\t\tVer m\u00e1s\t\t\t\t\t\t<i data-feather=\"chevron-right\"><\/i>\n\t\t\t\t\t<\/a>\n\t\t\t\t<\/div>\n\t\t\t\t\t\t\t\t\t\t\t\t<\/div>\n\n\t\t<\/div>\n\t\t\t\t<\/div>\n\t\t\t\t<\/div>\n\t\t\t\t<div class=\"elementor-element elementor-element-32e967a elementor-widget elementor-widget-ova_feature_box\" data-id=\"32e967a\" data-element_type=\"widget\" data-widget_type=\"ova_feature_box.default\">\n\t\t\t\t<div class=\"elementor-widget-container\">\n\t\t\t\t\t<div class=\"ova_feature_box version_1\">\n\t\t\t<div class=\"ova-image\">\n\t\t\t\t<a href=\"https:\/\/cuernavaca.gob.mx\/?page_id=14079\" title=\"Lomas de la Selva\">\n\t\t\t\t\t\t\t\t\t\t\t\t\t\t\t\t\t\t<img src=\"https:\/\/incognitapro.com\/cuernavaca\/wp-content\/uploads\/2021\/12\/restaurante.jpg\" alt=\"restaurante\">\n\t\t\t\t\t\t\t\t\t\t\t\t\t\t\t\t\t\t\t\t<\/a>\n\t\t\t<\/div>\n\t\t\t<div class=\"ova-content\">\n\t\t\t\t<h3 class=\"title\">\n\t\t\t\t\t<a href=\"https:\/\/cuernavaca.gob.mx\/?page_id=14079\">\n\t\t\t\t\t\tLomas de la Selva\t\t\t\t\t<\/a>\n\t\t\t\t<\/h3>\n\t\t\t\t\t\t\t\t<div class=\"readmore\">\n\t\t\t\t\t<a href=\"https:\/\/cuernavaca.gob.mx\/?page_id=14079\" class=\"second_font\">\n\t\t\t\t\t\tVer m\u00e1s\t\t\t\t\t\t<i data-feather=\"chevron-right\"><\/i>\n\t\t\t\t\t<\/a>\n\t\t\t\t<\/div>\n\t\t\t\t\t\t\t\t\t\t\t\t<\/div>\n\n\t\t<\/div>\n\t\t\t\t<\/div>\n\t\t\t\t<\/div>\n\t\t\t\t<div class=\"elementor-element elementor-element-f93ca98 elementor-widget elementor-widget-ova_feature_box\" data-id=\"f93ca98\" data-element_type=\"widget\" data-widget_type=\"ova_feature_box.default\">\n\t\t\t\t<div class=\"elementor-widget-container\">\n\t\t\t\t\t<div class=\"ova_feature_box version_1\">\n\t\t\t<div class=\"ova-image\">\n\t\t\t\t<a href=\"https:\/\/cuernavaca.gob.mx\/?page_id=1411\" title=\"18 de septiembre\">\n\t\t\t\t\t\t\t\t\t\t\t\t\t\t\t\t\t\t<img src=\"https:\/\/incognitapro.com\/cuernavaca\/wp-content\/uploads\/2021\/12\/restaurante.jpg\" alt=\"restaurante\">\n\t\t\t\t\t\t\t\t\t\t\t\t\t\t\t\t\t\t\t\t<\/a>\n\t\t\t<\/div>\n\t\t\t<div class=\"ova-content\">\n\t\t\t\t<h3 class=\"title\">\n\t\t\t\t\t<a href=\"https:\/\/cuernavaca.gob.mx\/?page_id=1411\">\n\t\t\t\t\t\t18 de septiembre\t\t\t\t\t<\/a>\n\t\t\t\t<\/h3>\n\t\t\t\t\t\t\t\t<div class=\"readmore\">\n\t\t\t\t\t<a href=\"https:\/\/cuernavaca.gob.mx\/?page_id=1411\" class=\"second_font\">\n\t\t\t\t\t\tVer m\u00e1s\t\t\t\t\t\t<i data-feather=\"chevron-right\"><\/i>\n\t\t\t\t\t<\/a>\n\t\t\t\t<\/div>\n\t\t\t\t\t\t\t\t\t\t\t\t<\/div>\n\n\t\t<\/div>\n\t\t\t\t<\/div>\n\t\t\t\t<\/div>\n\t\t\t\t\t<\/div>\n\t\t<\/div>\n\t\t\t\t\t\t\t<\/div>\n\t\t<\/section>\n\t\t\t\t\t<\/div>\n\t\t<\/div>\n\t\t\t\t\t\t\t<\/div>\n\t\t<\/section>\n\t\t\t\t<section class=\"elementor-section elementor-top-section elementor-element elementor-element-70c1db9 elementor-section-boxed elementor-section-height-default elementor-section-height-default\" data-id=\"70c1db9\" data-element_type=\"section\">\n\t\t\t\t\t\t<div class=\"elementor-container elementor-column-gap-default\">\n\t\t\t\t\t<div class=\"elementor-column elementor-col-100 elementor-top-column elementor-element elementor-element-237589f\" data-id=\"237589f\" data-element_type=\"column\">\n\t\t\t<div class=\"elementor-widget-wrap elementor-element-populated\">\n\t\t\t\t\t\t\t\t<div class=\"elementor-element elementor-element-06672aa elementor-widget elementor-widget-spacer\" data-id=\"06672aa\" data-element_type=\"widget\" data-widget_type=\"spacer.default\">\n\t\t\t\t<div class=\"elementor-widget-container\">\n\t\t\t\t\t<div class=\"elementor-spacer\">\n\t\t\t<div class=\"elementor-spacer-inner\"><\/div>\n\t\t<\/div>\n\t\t\t\t<\/div>\n\t\t\t\t<\/div>\n\t\t\t\t\t<\/div>\n\t\t<\/div>\n\t\t\t\t\t\t\t<\/div>\n\t\t<\/section>\n\t\t\t\t<section class=\"elementor-section elementor-top-section elementor-element elementor-element-708c1421 elementor-section-boxed elementor-section-height-default elementor-section-height-default\" data-id=\"708c1421\" data-element_type=\"section\" data-settings=\"{&quot;background_background&quot;:&quot;classic&quot;}\">\n\t\t\t\t\t\t<div class=\"elementor-container elementor-column-gap-default\">\n\t\t\t\t\t<div class=\"elementor-column elementor-col-100 elementor-top-column elementor-element elementor-element-2cbeb980\" data-id=\"2cbeb980\" data-element_type=\"column\">\n\t\t\t<div class=\"elementor-widget-wrap elementor-element-populated\">\n\t\t\t\t\t\t\t\t<div class=\"elementor-element elementor-element-59263a43 elementor-widget elementor-widget-alert\" data-id=\"59263a43\" data-element_type=\"widget\" data-widget_type=\"alert.default\">\n\t\t\t\t<div class=\"elementor-widget-container\">\n\t\t\t<style>\/*! elementor - v3.6.4 - 13-04-2022 *\/\n.elementor-alert{padding:15px;border-left:5px solid transparent;position:relative;text-align:left}.elementor-alert .elementor-alert-title{display:block;font-weight:700}.elementor-alert .elementor-alert-description{font-size:13px}.elementor-alert button.elementor-alert-dismiss{position:absolute;right:10px;top:10px;padding:3px;font-size:20px;line-height:1;background:transparent;color:inherit;border:none;cursor:pointer}.elementor-alert.elementor-alert-info{color:#31708f;background-color:#d9edf7;border-color:#bcdff1}.elementor-alert.elementor-alert-success{color:#3c763d;background-color:#dff0d8;border-color:#cae6be}.elementor-alert.elementor-alert-warning{color:#8a6d3b;background-color:#fcf8e3;border-color:#f9f0c3}.elementor-alert.elementor-alert-danger{color:#a94442;background-color:#f2dede;border-color:#e8c4c4}@media (max-width:767px){.elementor-alert{padding:10px}.elementor-alert button.elementor-alert-dismiss{right:7px;top:7px}}<\/style>\t\t<div class=\"elementor-alert elementor-alert-success\" role=\"alert\">\n\t\t\t<span class=\"elementor-alert-title\">\u00bfTe gustar\u00eda aparecer en esta secci\u00f3n?<\/span>\n\t\t\t\t\t\t\t<span class=\"elementor-alert-description\">Llena el siguiente formulario y nos pondremos en contacto contigo. <\/span>\n\t\t\t\t\t\t\t\t<\/div>\n\t\t\t\t<\/div>\n\t\t\t\t<\/div>\n\t\t\t\t<div class=\"elementor-element elementor-element-eb3d63 elementor-widget elementor-widget-wpforms\" data-id=\"eb3d63\" data-element_type=\"widget\" data-widget_type=\"wpforms.default\">\n\t\t\t\t<div class=\"elementor-widget-container\">\n\t\t\t<div class=\"wpforms-container wpforms-container-full\" id=\"wpforms-13728\"><form id=\"wpforms-form-13728\" class=\"wpforms-validate wpforms-form wpforms-ajax-form\" data-formid=\"13728\" method=\"post\" enctype=\"multipart\/form-data\" action=\"\/index.php?rest_route=%2Fwp%2Fv2%2Fpages%2F13994\" data-token=\"db4ad2c94c4cf8a1f8fb89d12fccef7b\" data-token-time=\"1776314918\"><noscript class=\"wpforms-error-noscript\">Por favor, activa JavaScript en tu navegador para completar este formulario.<\/noscript><div class=\"wpforms-field-container\"><div id=\"wpforms-13728-field_0-container\" class=\"wpforms-field wpforms-field-name wpforms-one-third wpforms-first\" data-field-id=\"0\"><label class=\"wpforms-field-label\" for=\"wpforms-13728-field_0\">Nombre <span class=\"wpforms-required-label\">*<\/span><\/label><input type=\"text\" id=\"wpforms-13728-field_0\" class=\"wpforms-field-large wpforms-field-required\" name=\"wpforms[fields][0]\" required><\/div><div id=\"wpforms-13728-field_1-container\" class=\"wpforms-field wpforms-field-email wpforms-one-third\" data-field-id=\"1\"><label class=\"wpforms-field-label\" for=\"wpforms-13728-field_1\">Email <span class=\"wpforms-required-label\">*<\/span><\/label><input type=\"email\" id=\"wpforms-13728-field_1\" class=\"wpforms-field-large wpforms-field-required\" name=\"wpforms[fields][1]\" spellcheck=\"false\" required><\/div><div id=\"wpforms-13728-field_5-container\" class=\"wpforms-field wpforms-field-text wpforms-one-third\" data-field-id=\"5\"><label class=\"wpforms-field-label\" for=\"wpforms-13728-field_5\">Lugar a registrar <span class=\"wpforms-required-label\">*<\/span><\/label><input type=\"text\" id=\"wpforms-13728-field_5\" class=\"wpforms-field-large wpforms-field-required\" name=\"wpforms[fields][5]\" required><\/div><\/div><!-- .wpforms-field-container --><div class=\"wpforms-submit-container\" ><input type=\"hidden\" name=\"wpforms[id]\" value=\"13728\"><input type=\"hidden\" name=\"page_title\" value=\"\"><input type=\"hidden\" name=\"page_url\" value=\"https:\/\/cuernavaca.gob.mx\/index.php?rest_route=\/wp\/v2\/pages\/13994\"><input type=\"hidden\" name=\"url_referer\" value=\"\"><button type=\"submit\" name=\"wpforms[submit]\" id=\"wpforms-submit-13728\" class=\"wpforms-submit\" data-alt-text=\"Enviando...\" data-submit-text=\"Enviar\" aria-live=\"assertive\" value=\"wpforms-submit\">Enviar<\/button><img loading=\"lazy\" src=\"https:\/\/cuernavaca.gob.mx\/wp-content\/plugins\/wpforms-lite\/assets\/images\/submit-spin.svg\" class=\"wpforms-submit-spinner\" style=\"display: none;\" width=\"26\" height=\"26\" alt=\"Cargando\"><\/div><\/form><\/div>  <!-- .wpforms-container -->\t\t<\/div>\n\t\t\t\t<\/div>\n\t\t\t\t\t<\/div>\n\t\t<\/div>\n\t\t\t\t\t\t\t<\/div>\n\t\t<\/section>\n\t\t\t\t\t\t\t<\/div>\n\t\t","protected":false},"excerpt":{"rendered":"<p>#ViveCuernavaca Descubre, conoce y siente la ciudad de la eterna primavera. Search Adolfo L\u00f3pez Mateos Ver m\u00e1s Mercado Emiliano Zapata Ver m\u00e1s Municipal de Alta Vista Ver m\u00e1s Mercado Carolina Ver m\u00e1s Dr. Lauro Ortega Martinez Ver m\u00e1s Mercado Amatitl\u00e1n Ver m\u00e1s Vicente Guerrero Ver m\u00e1s Lomas de la Selva Ver m\u00e1s 18 de septiembre [&hellip;]<\/p>\n","protected":false},"author":1,"featured_media":1808,"parent":0,"menu_order":0,"comment_status":"closed","ping_status":"closed","template":"","meta":[],"aioseo_notices":[],"_links":{"self":[{"href":"https:\/\/cuernavaca.gob.mx\/index.php?rest_route=\/wp\/v2\/pages\/13994"}],"collection":[{"href":"https:\/\/cuernavaca.gob.mx\/index.php?rest_route=\/wp\/v2\/pages"}],"about":[{"href":"https:\/\/cuernavaca.gob.mx\/index.php?rest_route=\/wp\/v2\/types\/page"}],"author":[{"embeddable":true,"href":"https:\/\/cuernavaca.gob.mx\/index.php?rest_route=\/wp\/v2\/users\/1"}],"replies":[{"embeddable":true,"href":"https:\/\/cuernavaca.gob.mx\/index.php?rest_route=%2Fwp%2Fv2%2Fcomments&post=13994"}],"version-history":[{"count":34,"href":"https:\/\/cuernavaca.gob.mx\/index.php?rest_route=\/wp\/v2\/pages\/13994\/revisions"}],"predecessor-version":[{"id":18780,"href":"https:\/\/cuernavaca.gob.mx\/index.php?rest_route=\/wp\/v2\/pages\/13994\/revisions\/18780"}],"wp:featuredmedia":[{"embeddable":true,"href":"https:\/\/cuernavaca.gob.mx\/index.php?rest_route=\/wp\/v2\/media\/1808"}],"wp:attachment":[{"href":"https:\/\/cuernavaca.gob.mx\/index.php?rest_route=%2Fwp%2Fv2%2Fmedia&parent=13994"}],"curies":[{"name":"wp","href":"https:\/\/api.w.org\/{rel}","templated":true}]}}