{"id":36721,"date":"2024-01-15T10:06:37","date_gmt":"2024-01-15T16:06:37","guid":{"rendered":"https:\/\/cuernavaca.gob.mx\/?page_id=36721"},"modified":"2026-03-20T21:01:34","modified_gmt":"2026-03-21T03:01:34","slug":"avisos-de-privacidad","status":"publish","type":"page","link":"https:\/\/cuernavaca.gob.mx\/?page_id=36721","title":{"rendered":"Avisos de Privacidad"},"content":{"rendered":"\t\t<div data-elementor-type=\"wp-page\" data-elementor-id=\"36721\" class=\"elementor elementor-36721\">\n\t\t\t\t\t\t\t\t\t<section class=\"elementor-section elementor-top-section elementor-element elementor-element-9e7b08d elementor-section-boxed elementor-section-height-default elementor-section-height-default\" data-id=\"9e7b08d\" data-element_type=\"section\">\n\t\t\t\t\t\t<div class=\"elementor-container elementor-column-gap-default\">\n\t\t\t\t\t<div class=\"elementor-column elementor-col-100 elementor-top-column elementor-element elementor-element-3ec18ba\" data-id=\"3ec18ba\" data-element_type=\"column\">\n\t\t\t<div class=\"elementor-widget-wrap elementor-element-populated\">\n\t\t\t\t\t\t\t\t<div class=\"elementor-element elementor-element-51a081e elementor-widget elementor-widget-text-editor\" data-id=\"51a081e\" data-element_type=\"widget\" data-widget_type=\"text-editor.default\">\n\t\t\t\t<div class=\"elementor-widget-container\">\n\t\t\t<style>\/*! elementor - v3.6.4 - 13-04-2022 *\/\n.elementor-widget-text-editor.elementor-drop-cap-view-stacked .elementor-drop-cap{background-color:#818a91;color:#fff}.elementor-widget-text-editor.elementor-drop-cap-view-framed .elementor-drop-cap{color:#818a91;border:3px solid;background-color:transparent}.elementor-widget-text-editor:not(.elementor-drop-cap-view-default) .elementor-drop-cap{margin-top:8px}.elementor-widget-text-editor:not(.elementor-drop-cap-view-default) .elementor-drop-cap-letter{width:1em;height:1em}.elementor-widget-text-editor .elementor-drop-cap{float:left;text-align:center;line-height:1;font-size:50px}.elementor-widget-text-editor .elementor-drop-cap-letter{display:inline-block}<\/style>\t\t\t\t<p><b>AVISOS DE PRIVACIDAD<\/b><\/p>\t\t\t\t\t\t<\/div>\n\t\t\t\t<\/div>\n\t\t\t\t\t<\/div>\n\t\t<\/div>\n\t\t\t\t\t\t\t<\/div>\n\t\t<\/section>\n\t\t\t\t<section class=\"elementor-section elementor-top-section elementor-element elementor-element-bd5ca27 elementor-section-boxed elementor-section-height-default elementor-section-height-default\" data-id=\"bd5ca27\" data-element_type=\"section\">\n\t\t\t\t\t\t<div class=\"elementor-container elementor-column-gap-default\">\n\t\t\t\t\t<div class=\"elementor-column elementor-col-100 elementor-top-column elementor-element elementor-element-aa76b0b\" data-id=\"aa76b0b\" data-element_type=\"column\">\n\t\t\t<div class=\"elementor-widget-wrap elementor-element-populated\">\n\t\t\t\t\t\t\t\t<div class=\"elementor-element elementor-element-3af4a45 elementor-widget elementor-widget-text-editor\" data-id=\"3af4a45\" data-element_type=\"widget\" data-widget_type=\"text-editor.default\">\n\t\t\t\t<div class=\"elementor-widget-container\">\n\t\t\t\t\t\t\t<ul><li><a href=\"https:\/\/cuernavaca.gob.mx\/?page_id=36732\"><strong>CONSEJER\u00cdA JUR\u00cdDICA<\/strong><\/a><\/li><li><a href=\"https:\/\/cuernavaca.gob.mx\/?page_id=36765\"><strong><span style=\"font-family: var( --e-global-typography-text-font-family ), Sans-serif; letter-spacing: 0px;\">CONTRALOR\u00cdA MUNICIPAL<\/span><\/strong><\/a><\/li><li><a href=\"https:\/\/cuernavaca.gob.mx\/?page_id=37436\"><strong>DIRECCI\u00d3N ADMINISTRATIVA DE PRESIDENCIA<\/strong><\/a><\/li><li><a href=\"https:\/\/cuernavaca.gob.mx\/?page_id=36893\"><strong><span style=\"font-family: var( --e-global-typography-text-font-family ), Sans-serif; letter-spacing: 0px;\">REGIDUR\u00cdA DE ASUNTOS INDIGENAS, COLONIAS Y POBLADOS Y ASUNTOS DE LA JUVENTUD<\/span><\/strong><\/a><\/li><li><a href=\"https:\/\/cuernavaca.gob.mx\/?page_id=36930\"><strong><span style=\"font-family: var( --e-global-typography-text-font-family ), Sans-serif; letter-spacing: 0px;\">REGIDUR\u00cdA DE ASUNTOS MIGRATORIOS<\/span><\/strong><\/a><\/li><li><a href=\"https:\/\/cuernavaca.gob.mx\/?page_id=36948\"><strong><span style=\"font-family: var( --e-global-typography-text-font-family ), Sans-serif; letter-spacing: 0px;\">REGIDUR\u00cdA DE EDUCACI\u00d3N, CULTURA Y RECREACI\u00d3N<\/span><\/strong><\/a><\/li><li><a href=\"https:\/\/cuernavaca.gob.mx\/?page_id=36958\"><strong><span style=\"font-family: var( --e-global-typography-text-font-family ), Sans-serif; letter-spacing: 0px;\">REGIDUR\u00cdA DE GOBERNACI\u00d3N Y REGLAMENTOS<\/span><\/strong><\/a><\/li><li><a href=\"https:\/\/cuernavaca.gob.mx\/?page_id=36971\"><strong><span style=\"font-family: var( --e-global-typography-text-font-family ), Sans-serif; letter-spacing: 0px;\">REGIDUR\u00cdA DE HACIENDA, PROGRAMACI\u00d3N Y PRESUPUESTO Y DE TRANSPARENCIA Y PROTECCI\u00d3N DE DATOS PERSONALES, RENDICI\u00d3N DE CUENTAS Y COMBATE A LA CORRUPCI\u00d3N<\/span><\/strong><\/a><\/li><li><a href=\"https:\/\/cuernavaca.gob.mx\/?page_id=36982\"><strong><span style=\"font-family: var( --e-global-typography-text-font-family ), Sans-serif; letter-spacing: 0px;\">REGIDUR\u00cdA DE OBRAS, COMUNICACI\u00d3N E IGUALDAD DE G\u00c9NERO<\/span><\/strong><\/a><\/li><li><a href=\"https:\/\/cuernavaca.gob.mx\/?page_id=37013\"><strong><span style=\"font-family: var( --e-global-typography-text-font-family ), Sans-serif; letter-spacing: 0px;\">REGIDUR\u00cdA DE PATRIMONIO MUNICIPAL, CIENCIA Y TECNOLOG\u00cdA<\/span><\/strong><\/a><\/li><li><a href=\"https:\/\/cuernavaca.gob.mx\/?page_id=37021\"><strong><span style=\"font-family: var( --e-global-typography-text-font-family ), Sans-serif; letter-spacing: 0px;\">REGIDUR\u00cdA DE PLANIFICACI\u00d3N Y DESARROLLO<\/span><\/strong><\/a><\/li><li><a href=\"https:\/\/cuernavaca.gob.mx\/?page_id=37032\"><strong><span style=\"font-family: var( --e-global-typography-text-font-family ), Sans-serif; letter-spacing: 0px;\">REGIDUR\u00cdA DE SEGURIDAD P\u00daBLICA<\/span><\/strong><\/a><\/li><li><a href=\"https:\/\/cuernavaca.gob.mx\/?page_id=37040\"><strong><span style=\"font-family: var( --e-global-typography-text-font-family ), Sans-serif; letter-spacing: 0px;\">REGIDUR\u00cdA DE SERVICIOS P\u00daBLICOS Y TURISMO<\/span><\/strong><\/a><\/li><li><a href=\"https:\/\/cuernavaca.gob.mx\/?page_id=37922\"><b>SECRETARIA DESARROLLO ECONOMICO Y TURISMO<\/b><\/a><\/li><li><a href=\"https:\/\/cuernavaca.gob.mx\/?page_id=37866\"><strong>SECRETARIA DE DESARROLLO HUMANO Y PARTICIPACI\u00d3N SOCIAL<\/strong><\/a><\/li><li><a href=\"https:\/\/cuernavaca.gob.mx\/?page_id=38179\"><strong>SECRETARIA PARTICULAR PRESIDENCIA<\/strong><\/a><\/li><li><a href=\"https:\/\/cuernavaca.gob.mx\/?page_id=37062\"><strong><span style=\"font-family: var( --e-global-typography-text-font-family ), Sans-serif; letter-spacing: 0px;\">SEPRAC<\/span><\/strong><\/a><\/li><li><a href=\"https:\/\/cuernavaca.gob.mx\/?page_id=37576\"><b>SINDICATURA<\/b><\/a><\/li><li><a href=\"https:\/\/cuernavaca.gob.mx\/?page_id=37441\"><b>SUSTENTABLE<\/b><\/a><\/li><li><a href=\"https:\/\/cuernavaca.gob.mx\/?page_id=38218\"><strong>TESORERIA\u00a0<\/strong><\/a><\/li><\/ul><hr \/><ul><li><a title=\"RECLUTAMIENTO Y REGISTRO DE POBLACI\u00d3N\" href=\"https:\/\/cuernavaca.gob.mx\/?page_id=57464\"><strong><b>RECLUTAMIENTO Y REGISTRO DE POBLACI\u00d3N<\/b><\/strong><\/a><\/li><li><a href=\"https:\/\/cuernavaca.gob.mx\/?page_id=57506\"> <strong>OFICILIA DEL REGISTRO CIVIL 01 <\/strong><\/a><\/li><li><a href=\"https:\/\/cuernavaca.gob.mx\/?page_id=57534\"> <strong>OFICILIA DEL REGISTRO CIVIL 03 <\/strong><\/a><\/li><li><a href=\"https:\/\/cuernavaca.gob.mx\/?page_id=57547\"> <strong>DELEGACIONES <\/strong><\/a><\/li><\/ul>\t\t\t\t\t\t<\/div>\n\t\t\t\t<\/div>\n\t\t\t\t<div class=\"elementor-element elementor-element-af560ca elementor-widget-divider--view-line elementor-widget elementor-widget-divider\" data-id=\"af560ca\" data-element_type=\"widget\" data-widget_type=\"divider.default\">\n\t\t\t\t<div class=\"elementor-widget-container\">\n\t\t\t<style>\/*! elementor - v3.6.4 - 13-04-2022 *\/\n.elementor-widget-divider{--divider-border-style:none;--divider-border-width:1px;--divider-color:#2c2c2c;--divider-icon-size:20px;--divider-element-spacing:10px;--divider-pattern-height:24px;--divider-pattern-size:20px;--divider-pattern-url:none;--divider-pattern-repeat:repeat-x}.elementor-widget-divider .elementor-divider{display:-webkit-box;display:-ms-flexbox;display:flex}.elementor-widget-divider .elementor-divider__text{font-size:15px;line-height:1;max-width:95%}.elementor-widget-divider .elementor-divider__element{margin:0 var(--divider-element-spacing);-ms-flex-negative:0;flex-shrink:0}.elementor-widget-divider .elementor-icon{font-size:var(--divider-icon-size)}.elementor-widget-divider .elementor-divider-separator{display:-webkit-box;display:-ms-flexbox;display:flex;margin:0;direction:ltr}.elementor-widget-divider--view-line_icon .elementor-divider-separator,.elementor-widget-divider--view-line_text .elementor-divider-separator{-webkit-box-align:center;-ms-flex-align:center;align-items:center}.elementor-widget-divider--view-line_icon .elementor-divider-separator:after,.elementor-widget-divider--view-line_icon .elementor-divider-separator:before,.elementor-widget-divider--view-line_text .elementor-divider-separator:after,.elementor-widget-divider--view-line_text .elementor-divider-separator:before{display:block;content:\"\";border-bottom:0;-webkit-box-flex:1;-ms-flex-positive:1;flex-grow:1;border-top:var(--divider-border-width) var(--divider-border-style) var(--divider-color)}.elementor-widget-divider--element-align-left .elementor-divider .elementor-divider-separator>.elementor-divider__svg:first-of-type{-webkit-box-flex:0;-ms-flex-positive:0;flex-grow:0;-ms-flex-negative:100;flex-shrink:100}.elementor-widget-divider--element-align-left .elementor-divider-separator:before{content:none}.elementor-widget-divider--element-align-left .elementor-divider__element{margin-left:0}.elementor-widget-divider--element-align-right .elementor-divider .elementor-divider-separator>.elementor-divider__svg:last-of-type{-webkit-box-flex:0;-ms-flex-positive:0;flex-grow:0;-ms-flex-negative:100;flex-shrink:100}.elementor-widget-divider--element-align-right .elementor-divider-separator:after{content:none}.elementor-widget-divider--element-align-right .elementor-divider__element{margin-right:0}.elementor-widget-divider:not(.elementor-widget-divider--view-line_text):not(.elementor-widget-divider--view-line_icon) .elementor-divider-separator{border-top:var(--divider-border-width) var(--divider-border-style) var(--divider-color)}.elementor-widget-divider--separator-type-pattern{--divider-border-style:none}.elementor-widget-divider--separator-type-pattern.elementor-widget-divider--view-line .elementor-divider-separator,.elementor-widget-divider--separator-type-pattern:not(.elementor-widget-divider--view-line) .elementor-divider-separator:after,.elementor-widget-divider--separator-type-pattern:not(.elementor-widget-divider--view-line) .elementor-divider-separator:before,.elementor-widget-divider--separator-type-pattern:not([class*=elementor-widget-divider--view]) .elementor-divider-separator{width:100%;min-height:var(--divider-pattern-height);-webkit-mask-size:var(--divider-pattern-size) 100%;mask-size:var(--divider-pattern-size) 100%;-webkit-mask-repeat:var(--divider-pattern-repeat);mask-repeat:var(--divider-pattern-repeat);background-color:var(--divider-color);-webkit-mask-image:var(--divider-pattern-url);mask-image:var(--divider-pattern-url)}.elementor-widget-divider--no-spacing{--divider-pattern-size:auto}.elementor-widget-divider--bg-round{--divider-pattern-repeat:round}.rtl .elementor-widget-divider .elementor-divider__text{direction:rtl}<\/style>\t\t<div class=\"elementor-divider\">\n\t\t\t<span class=\"elementor-divider-separator\">\n\t\t\t\t\t\t<\/span>\n\t\t<\/div>\n\t\t\t\t<\/div>\n\t\t\t\t<\/div>\n\t\t\t\t\t<\/div>\n\t\t<\/div>\n\t\t\t\t\t\t\t<\/div>\n\t\t<\/section>\n\t\t\t\t\t\t\t<\/div>\n\t\t","protected":false},"excerpt":{"rendered":"<p>AVISOS DE PRIVACIDAD CONSEJER\u00cdA JUR\u00cdDICA CONTRALOR\u00cdA MUNICIPAL DIRECCI\u00d3N ADMINISTRATIVA DE PRESIDENCIA REGIDUR\u00cdA DE ASUNTOS INDIGENAS, COLONIAS Y POBLADOS Y ASUNTOS DE LA JUVENTUD REGIDUR\u00cdA DE ASUNTOS MIGRATORIOS REGIDUR\u00cdA DE EDUCACI\u00d3N, CULTURA Y RECREACI\u00d3N REGIDUR\u00cdA DE GOBERNACI\u00d3N Y REGLAMENTOS REGIDUR\u00cdA DE HACIENDA, PROGRAMACI\u00d3N Y PRESUPUESTO Y DE TRANSPARENCIA Y PROTECCI\u00d3N DE DATOS PERSONALES, RENDICI\u00d3N DE CUENTAS [&hellip;]<\/p>\n","protected":false},"author":2,"featured_media":0,"parent":0,"menu_order":0,"comment_status":"closed","ping_status":"closed","template":"","meta":[],"aioseo_notices":[],"_links":{"self":[{"href":"https:\/\/cuernavaca.gob.mx\/index.php?rest_route=\/wp\/v2\/pages\/36721"}],"collection":[{"href":"https:\/\/cuernavaca.gob.mx\/index.php?rest_route=\/wp\/v2\/pages"}],"about":[{"href":"https:\/\/cuernavaca.gob.mx\/index.php?rest_route=\/wp\/v2\/types\/page"}],"author":[{"embeddable":true,"href":"https:\/\/cuernavaca.gob.mx\/index.php?rest_route=\/wp\/v2\/users\/2"}],"replies":[{"embeddable":true,"href":"https:\/\/cuernavaca.gob.mx\/index.php?rest_route=%2Fwp%2Fv2%2Fcomments&post=36721"}],"version-history":[{"count":133,"href":"https:\/\/cuernavaca.gob.mx\/index.php?rest_route=\/wp\/v2\/pages\/36721\/revisions"}],"predecessor-version":[{"id":57554,"href":"https:\/\/cuernavaca.gob.mx\/index.php?rest_route=\/wp\/v2\/pages\/36721\/revisions\/57554"}],"wp:attachment":[{"href":"https:\/\/cuernavaca.gob.mx\/index.php?rest_route=%2Fwp%2Fv2%2Fmedia&parent=36721"}],"curies":[{"name":"wp","href":"https:\/\/api.w.org\/{rel}","templated":true}]}}