{"id":37062,"date":"2024-01-16T16:39:43","date_gmt":"2024-01-16T22:39:43","guid":{"rendered":"https:\/\/cuernavaca.gob.mx\/?page_id=37062"},"modified":"2024-09-17T10:35:12","modified_gmt":"2024-09-17T16:35:12","slug":"seprac","status":"publish","type":"page","link":"https:\/\/cuernavaca.gob.mx\/?page_id=37062","title":{"rendered":"SEPRAC"},"content":{"rendered":"\t\t<div data-elementor-type=\"wp-page\" data-elementor-id=\"37062\" class=\"elementor elementor-37062\">\n\t\t\t\t\t\t\t\t\t<section class=\"elementor-section elementor-top-section elementor-element elementor-element-9af483c elementor-section-boxed elementor-section-height-default elementor-section-height-default\" data-id=\"9af483c\" data-element_type=\"section\">\n\t\t\t\t\t\t<div class=\"elementor-container elementor-column-gap-default\">\n\t\t\t\t\t<div class=\"elementor-column elementor-col-100 elementor-top-column elementor-element elementor-element-30d542c\" data-id=\"30d542c\" data-element_type=\"column\">\n\t\t\t<div class=\"elementor-widget-wrap elementor-element-populated\">\n\t\t\t\t\t\t\t\t<div class=\"elementor-element elementor-element-910cee7 elementor-widget elementor-widget-text-editor\" data-id=\"910cee7\" data-element_type=\"widget\" data-widget_type=\"text-editor.default\">\n\t\t\t\t<div class=\"elementor-widget-container\">\n\t\t\t<style>\/*! elementor - v3.6.4 - 13-04-2022 *\/\n.elementor-widget-text-editor.elementor-drop-cap-view-stacked .elementor-drop-cap{background-color:#818a91;color:#fff}.elementor-widget-text-editor.elementor-drop-cap-view-framed .elementor-drop-cap{color:#818a91;border:3px solid;background-color:transparent}.elementor-widget-text-editor:not(.elementor-drop-cap-view-default) .elementor-drop-cap{margin-top:8px}.elementor-widget-text-editor:not(.elementor-drop-cap-view-default) .elementor-drop-cap-letter{width:1em;height:1em}.elementor-widget-text-editor .elementor-drop-cap{float:left;text-align:center;line-height:1;font-size:50px}.elementor-widget-text-editor .elementor-drop-cap-letter{display:inline-block}<\/style>\t\t\t\t<p><b>AVISOS DE PRIVACIDAD \u2013 SEPRAC<\/b><\/p>\t\t\t\t\t\t<\/div>\n\t\t\t\t<\/div>\n\t\t\t\t\t<\/div>\n\t\t<\/div>\n\t\t\t\t\t\t\t<\/div>\n\t\t<\/section>\n\t\t\t\t<section class=\"elementor-section elementor-top-section elementor-element elementor-element-37d6e51 elementor-section-boxed elementor-section-height-default elementor-section-height-default\" data-id=\"37d6e51\" data-element_type=\"section\">\n\t\t\t\t\t\t<div class=\"elementor-container elementor-column-gap-default\">\n\t\t\t\t\t<div class=\"elementor-column elementor-col-100 elementor-top-column elementor-element elementor-element-77086d5\" data-id=\"77086d5\" data-element_type=\"column\">\n\t\t\t<div class=\"elementor-widget-wrap elementor-element-populated\">\n\t\t\t\t\t\t\t\t<div class=\"elementor-element elementor-element-626c364 elementor-widget elementor-widget-text-editor\" data-id=\"626c364\" data-element_type=\"widget\" data-widget_type=\"text-editor.default\">\n\t\t\t\t<div class=\"elementor-widget-container\">\n\t\t\t\t\t\t\t<p><a href=\"https:\/\/cuernavaca.gob.mx\/?page_id=44247\"><span style=\"color: #007bff;\"><b>APP C4 CUERNAVACA<\/b><\/span><\/a><\/p><p><a href=\"https:\/\/cuernavaca.gob.mx\/?page_id=37064\"><span style=\"color: #007bff;\"><b>COORDINACI\u00d3N MUNICIPAL DE PROTECCI\u00d3N CIVIL<\/b><\/span><\/a><\/p><p><a href=\"https:\/\/cuernavaca.gob.mx\/?page_id=37084\"><span style=\"color: #007bff;\"><b>DIRECCI\u00d3N DE ASUNTOS INTERNOS<\/b><\/span><\/a><\/p><p><a href=\"https:\/\/cuernavaca.gob.mx\/?page_id=37107\"><span style=\"color: #007bff;\"><b>DIRECCI\u00d3N DE BOMBEROS, RESCATE Y URGENCIAS M\u00c9DICAS<\/b><\/span><\/a><\/p><p><a href=\"https:\/\/cuernavaca.gob.mx\/?page_id=37115\"><span style=\"color: #007bff;\"><b>DIRECCI\u00d3N DE POLIC\u00cdA VIAL<\/b><\/span><\/a><\/p><p><a href=\"https:\/\/cuernavaca.gob.mx\/?page_id=37124\"><span style=\"color: #007bff;\"><b>DIRECCI\u00d3N GENERAL DE C4<\/b><\/span><\/a><\/p><p><a href=\"https:\/\/cuernavaca.gob.mx\/?page_id=37135\"><span style=\"color: #007bff;\"><b>DIRECCI\u00d3N GENERAL DE PREVENCI\u00d3N SOCIAL DE LA VIOLENCIA<\/b><\/span><\/a><\/p><p><a href=\"https:\/\/cuernavaca.gob.mx\/?page_id=37146\"><span style=\"color: #007bff;\"><b>DIRECCI\u00d3N JUR\u00cdDICA<\/b><\/span><\/a><\/p><p><a href=\"https:\/\/cuernavaca.gob.mx\/?page_id=37158\"><span style=\"color: #007bff;\"><b>SUBSECRETAR\u00cdA DE POLIC\u00cdA PREVENTIVA<\/b><\/span><\/a><\/p>\t\t\t\t\t\t<\/div>\n\t\t\t\t<\/div>\n\t\t\t\t\t<\/div>\n\t\t<\/div>\n\t\t\t\t\t\t\t<\/div>\n\t\t<\/section>\n\t\t\t\t<section class=\"elementor-section elementor-top-section elementor-element elementor-element-553e5e1 elementor-section-boxed elementor-section-height-default elementor-section-height-default\" data-id=\"553e5e1\" data-element_type=\"section\">\n\t\t\t\t\t\t<div class=\"elementor-container elementor-column-gap-default\">\n\t\t\t\t\t<div class=\"elementor-column elementor-col-100 elementor-top-column elementor-element elementor-element-7bfcb47\" data-id=\"7bfcb47\" data-element_type=\"column\">\n\t\t\t<div class=\"elementor-widget-wrap elementor-element-populated\">\n\t\t\t\t\t\t\t\t<div class=\"elementor-element elementor-element-ff9c91a elementor-widget elementor-widget-spacer\" data-id=\"ff9c91a\" data-element_type=\"widget\" data-widget_type=\"spacer.default\">\n\t\t\t\t<div class=\"elementor-widget-container\">\n\t\t\t<style>\/*! elementor - v3.6.4 - 13-04-2022 *\/\n.e-container.e-container--row .elementor-spacer-inner{width:var(--spacer-size)}.e-container.e-container--column .elementor-spacer-inner,.elementor-column .elementor-spacer-inner{height:var(--spacer-size)}<\/style>\t\t<div class=\"elementor-spacer\">\n\t\t\t<div class=\"elementor-spacer-inner\"><\/div>\n\t\t<\/div>\n\t\t\t\t<\/div>\n\t\t\t\t<\/div>\n\t\t\t\t\t<\/div>\n\t\t<\/div>\n\t\t\t\t\t\t\t<\/div>\n\t\t<\/section>\n\t\t\t\t<section class=\"elementor-section elementor-top-section elementor-element elementor-element-f85a258 elementor-section-boxed elementor-section-height-default elementor-section-height-default\" data-id=\"f85a258\" data-element_type=\"section\">\n\t\t\t\t\t\t<div class=\"elementor-container elementor-column-gap-default\">\n\t\t\t\t\t<div class=\"elementor-column elementor-col-100 elementor-top-column elementor-element elementor-element-b862ebc\" data-id=\"b862ebc\" data-element_type=\"column\">\n\t\t\t<div class=\"elementor-widget-wrap elementor-element-populated\">\n\t\t\t\t\t\t\t\t<div class=\"elementor-element elementor-element-7307c26 elementor-button-danger elementor-align-right elementor-widget elementor-widget-button\" data-id=\"7307c26\" data-element_type=\"widget\" data-widget_type=\"button.default\">\n\t\t\t\t<div class=\"elementor-widget-container\">\n\t\t\t\t\t<div class=\"elementor-button-wrapper\">\n\t\t\t<a href=\"https:\/\/cuernavaca.gob.mx\/?page_id=36721\" class=\"elementor-button-link elementor-button elementor-size-sm\" role=\"button\">\n\t\t\t\t\t\t<span class=\"elementor-button-content-wrapper\">\n\t\t\t\t\t\t<span class=\"elementor-button-text\">REGRESAR<\/span>\n\t\t<\/span>\n\t\t\t\t\t<\/a>\n\t\t<\/div>\n\t\t\t\t<\/div>\n\t\t\t\t<\/div>\n\t\t\t\t\t<\/div>\n\t\t<\/div>\n\t\t\t\t\t\t\t<\/div>\n\t\t<\/section>\n\t\t\t\t\t\t\t<\/div>\n\t\t","protected":false},"excerpt":{"rendered":"<p>AVISOS DE PRIVACIDAD \u2013 SEPRAC APP C4 CUERNAVACA COORDINACI\u00d3N MUNICIPAL DE PROTECCI\u00d3N CIVIL DIRECCI\u00d3N DE ASUNTOS INTERNOS DIRECCI\u00d3N DE BOMBEROS, RESCATE Y URGENCIAS M\u00c9DICAS DIRECCI\u00d3N DE POLIC\u00cdA VIAL DIRECCI\u00d3N GENERAL DE C4 DIRECCI\u00d3N GENERAL DE PREVENCI\u00d3N SOCIAL DE LA VIOLENCIA DIRECCI\u00d3N JUR\u00cdDICA SUBSECRETAR\u00cdA DE POLIC\u00cdA PREVENTIVA REGRESAR<\/p>\n","protected":false},"author":2,"featured_media":0,"parent":0,"menu_order":0,"comment_status":"closed","ping_status":"closed","template":"","meta":[],"aioseo_notices":[],"_links":{"self":[{"href":"https:\/\/cuernavaca.gob.mx\/index.php?rest_route=\/wp\/v2\/pages\/37062"}],"collection":[{"href":"https:\/\/cuernavaca.gob.mx\/index.php?rest_route=\/wp\/v2\/pages"}],"about":[{"href":"https:\/\/cuernavaca.gob.mx\/index.php?rest_route=\/wp\/v2\/types\/page"}],"author":[{"embeddable":true,"href":"https:\/\/cuernavaca.gob.mx\/index.php?rest_route=\/wp\/v2\/users\/2"}],"replies":[{"embeddable":true,"href":"https:\/\/cuernavaca.gob.mx\/index.php?rest_route=%2Fwp%2Fv2%2Fcomments&post=37062"}],"version-history":[{"count":55,"href":"https:\/\/cuernavaca.gob.mx\/index.php?rest_route=\/wp\/v2\/pages\/37062\/revisions"}],"predecessor-version":[{"id":44254,"href":"https:\/\/cuernavaca.gob.mx\/index.php?rest_route=\/wp\/v2\/pages\/37062\/revisions\/44254"}],"wp:attachment":[{"href":"https:\/\/cuernavaca.gob.mx\/index.php?rest_route=%2Fwp%2Fv2%2Fmedia&parent=37062"}],"curies":[{"name":"wp","href":"https:\/\/api.w.org\/{rel}","templated":true}]}}