{"id":730,"date":"2020-07-29T02:27:29","date_gmt":"2020-07-29T02:27:29","guid":{"rendered":"http:\/\/demo.ovathemes.com\/egovt\/?page_id=730"},"modified":"2024-03-13T12:40:31","modified_gmt":"2024-03-13T18:40:31","slug":"dependencias","status":"publish","type":"page","link":"https:\/\/cuernavaca.gob.mx\/?page_id=730","title":{"rendered":"Dependencias"},"content":{"rendered":"\t\t<div data-elementor-type=\"wp-page\" data-elementor-id=\"730\" class=\"elementor elementor-730\">\n\t\t\t\t\t\t\t\t\t<section class=\"elementor-section elementor-top-section elementor-element elementor-element-3e771da elementor-section-boxed elementor-section-height-default elementor-section-height-default\" data-id=\"3e771da\" data-element_type=\"section\">\n\t\t\t\t\t\t<div class=\"elementor-container elementor-column-gap-default\">\n\t\t\t\t\t<div class=\"elementor-column elementor-col-100 elementor-top-column elementor-element elementor-element-e9517f9\" data-id=\"e9517f9\" data-element_type=\"column\">\n\t\t\t<div class=\"elementor-widget-wrap elementor-element-populated\">\n\t\t\t\t\t\t\t\t<div class=\"elementor-element elementor-element-ac108aa elementor-widget elementor-widget-ova_heading\" data-id=\"ac108aa\" data-element_type=\"widget\" data-widget_type=\"ova_heading.default\">\n\t\t\t\t<div class=\"elementor-widget-container\">\n\t\t\t\t\t<div class=\"ova-heading\">\n\t\t\t\n\t\t\t\t\t\t\t<h1 class=\"title second_font\">Conoce todas las dependencias del <br> Municipio de Cuernavaca<\/h1>\n\t\t\t\n\t\t\t\t\t\t\t<p class=\"sub-title \">Dale click en la de tu preferencia para ver m\u00e1s informaci\u00f3n.<\/p>\n\t\t\t\n\t\t<\/div>\n\t\t\t\t<\/div>\n\t\t\t\t<\/div>\n\t\t\t\t\t<\/div>\n\t\t<\/div>\n\t\t\t\t\t\t\t<\/div>\n\t\t<\/section>\n\t\t\t\t<section class=\"elementor-section elementor-top-section elementor-element elementor-element-fa648e3 elementor-section-boxed elementor-section-height-default elementor-section-height-default\" data-id=\"fa648e3\" data-element_type=\"section\">\n\t\t\t\t\t\t<div class=\"elementor-container elementor-column-gap-default\">\n\t\t\t\t\t<div class=\"elementor-column elementor-col-100 elementor-top-column elementor-element elementor-element-02ff6ce\" data-id=\"02ff6ce\" data-element_type=\"column\">\n\t\t\t<div class=\"elementor-widget-wrap elementor-element-populated\">\n\t\t\t\t\t\t\t\t<div class=\"elementor-element elementor-element-00b452f elementor-widget elementor-widget-ova_heading\" data-id=\"00b452f\" data-element_type=\"widget\" data-widget_type=\"ova_heading.default\">\n\t\t\t\t<div class=\"elementor-widget-container\">\n\t\t\t\t\t<div class=\"ova-heading\">\n\t\t\t\n\t\t\t\t\t\t\t<h2 class=\"title second_font\">Secretar\u00edas<\/h2>\n\t\t\t\n\t\t\t\n\t\t<\/div>\n\t\t\t\t<\/div>\n\t\t\t\t<\/div>\n\t\t\t\t<div class=\"elementor-element elementor-element-59ca47e elementor-widget elementor-widget-ova_archive_dep\" data-id=\"59ca47e\" data-element_type=\"widget\" data-widget_type=\"ova_archive_dep.default\">\n\t\t\t\t<div class=\"elementor-widget-container\">\n\t\t\t\n\n<div class=\"ova_archive_dep archive_dep four_column\">\n\t<div class=\"content\">\n\t\t\n\t\t\t<div class=\"items elementor-items\">\n\t\t\t\t<div class=\"wp-item\">\n\t\t\t\t\n\t\t\t\t<div class=\"ova-media\">\n\t\t\t\t\t<a href=\"https:\/\/cuernavaca.gob.mx\/?ova_dep=secretaria-de-desarrollo-economico-y-turismo\">\n\t\t\t\t\t\t\t\t\t\t\t<\/a>\n\t\t\t\t<\/div>\n\t\t\t\t<div class=\"ova-content\">\n\t\t\t\t\t\t\t\t\t\t\t<div class=\"icon\">\n\t\t\t\t\t\t\t<span>\n\t\t\t\t\t\t\t\t<i class=\"fas fa-user-secret\"><\/i>\n\t\t\t\t\t\t\t<\/span>\n\t\t\t\t\t\t<\/div>\n\t\t\t\t\t\t\t\t\t\t\t\t\t\t\t<h2 class=\"title\">\n\t\t\t\t\t\t<a class=\"second_font\" href=\"https:\/\/cuernavaca.gob.mx\/?ova_dep=secretaria-de-desarrollo-economico-y-turismo\">\n\t\t\t\t\t\t\tSecretar\u00eda de Desarrollo Econ\u00f3mico y Turismo\t\t\t\t\t\t<\/a>\n\t\t\t\t\t<\/h2>\n\t\t\t\t\t\t\t\t\t\t\t\t\t\t\t\t\t\t\t<\/div>\n\n\t\t\t\t<\/div>\n\t\t\t<\/div>\n\n\t\t\n\t\t\t<div class=\"items elementor-items\">\n\t\t\t\t<div class=\"wp-item\">\n\t\t\t\t\n\t\t\t\t<div class=\"ova-media\">\n\t\t\t\t\t<a href=\"https:\/\/cuernavaca.gob.mx\/?ova_dep=secretaria-de-proteccion-y-auxilio-ciudadano-2\">\n\t\t\t\t\t\t\t\t\t\t\t<\/a>\n\t\t\t\t<\/div>\n\t\t\t\t<div class=\"ova-content\">\n\t\t\t\t\t\t\t\t\t\t\t<div class=\"icon\">\n\t\t\t\t\t\t\t<span>\n\t\t\t\t\t\t\t\t<i class=\"fas fa-user-secret\"><\/i>\n\t\t\t\t\t\t\t<\/span>\n\t\t\t\t\t\t<\/div>\n\t\t\t\t\t\t\t\t\t\t\t\t\t\t\t<h2 class=\"title\">\n\t\t\t\t\t\t<a class=\"second_font\" href=\"https:\/\/cuernavaca.gob.mx\/?ova_dep=secretaria-de-proteccion-y-auxilio-ciudadano-2\">\n\t\t\t\t\t\t\tSecretaria de Protecci\u00f3n y Auxilio Ciudadano\t\t\t\t\t\t<\/a>\n\t\t\t\t\t<\/h2>\n\t\t\t\t\t\t\t\t\t\t\t\t\t\t\t\t\t\t\t<\/div>\n\n\t\t\t\t<\/div>\n\t\t\t<\/div>\n\n\t\t\n\t\t\t<div class=\"items elementor-items\">\n\t\t\t\t<div class=\"wp-item\">\n\t\t\t\t\n\t\t\t\t<div class=\"ova-media\">\n\t\t\t\t\t<a href=\"https:\/\/cuernavaca.gob.mx\/?ova_dep=tesoreria-2\">\n\t\t\t\t\t\t<img width=\"684\" height=\"1024\" src=\"https:\/\/cuernavaca.gob.mx\/wp-content\/uploads\/2022\/06\/Carlos-Javier-Arozarena-Salazar-684x1024.jpg\" class=\"img-responsive wp-post-image\" alt=\"\" loading=\"lazy\" srcset=\"https:\/\/cuernavaca.gob.mx\/wp-content\/uploads\/2022\/06\/Carlos-Javier-Arozarena-Salazar-684x1024.jpg 684w, https:\/\/cuernavaca.gob.mx\/wp-content\/uploads\/2022\/06\/Carlos-Javier-Arozarena-Salazar-200x300.jpg 200w, https:\/\/cuernavaca.gob.mx\/wp-content\/uploads\/2022\/06\/Carlos-Javier-Arozarena-Salazar-768x1151.jpg 768w, https:\/\/cuernavaca.gob.mx\/wp-content\/uploads\/2022\/06\/Carlos-Javier-Arozarena-Salazar-401x600.jpg 401w, https:\/\/cuernavaca.gob.mx\/wp-content\/uploads\/2022\/06\/Carlos-Javier-Arozarena-Salazar-374x560.jpg 374w, https:\/\/cuernavaca.gob.mx\/wp-content\/uploads\/2022\/06\/Carlos-Javier-Arozarena-Salazar.jpg 1024w\" sizes=\"(max-width: 684px) 100vw, 684px\" \/>\t\t\t\t\t<\/a>\n\t\t\t\t<\/div>\n\t\t\t\t<div class=\"ova-content\">\n\t\t\t\t\t\t\t\t\t\t\t<div class=\"icon\">\n\t\t\t\t\t\t\t<span>\n\t\t\t\t\t\t\t\t<i class=\"fas fa-user-secret\"><\/i>\n\t\t\t\t\t\t\t<\/span>\n\t\t\t\t\t\t<\/div>\n\t\t\t\t\t\t\t\t\t\t\t\t\t\t\t<h2 class=\"title\">\n\t\t\t\t\t\t<a class=\"second_font\" href=\"https:\/\/cuernavaca.gob.mx\/?ova_dep=tesoreria-2\">\n\t\t\t\t\t\t\tTesorer\u00eda\t\t\t\t\t\t<\/a>\n\t\t\t\t\t<\/h2>\n\t\t\t\t\t\t\t\t\t\t\t\t\t\t\t\t\t\t\t<\/div>\n\n\t\t\t\t<\/div>\n\t\t\t<\/div>\n\n\t\t\t<\/div>\n\n\n\n<\/div>\n\n\n\t\t<\/div>\n\t\t\t\t<\/div>\n\t\t\t\t\t<\/div>\n\t\t<\/div>\n\t\t\t\t\t\t\t<\/div>\n\t\t<\/section>\n\t\t\t\t<section class=\"elementor-section elementor-top-section elementor-element elementor-element-bbd020f elementor-section-boxed elementor-section-height-default elementor-section-height-default\" data-id=\"bbd020f\" data-element_type=\"section\">\n\t\t\t\t\t\t<div class=\"elementor-container elementor-column-gap-default\">\n\t\t\t\t\t<div class=\"elementor-column elementor-col-100 elementor-top-column elementor-element elementor-element-25ff3d8\" data-id=\"25ff3d8\" data-element_type=\"column\">\n\t\t\t<div class=\"elementor-widget-wrap elementor-element-populated\">\n\t\t\t\t\t\t\t\t<div class=\"elementor-element elementor-element-e05dc4f elementor-widget elementor-widget-ova_heading\" data-id=\"e05dc4f\" data-element_type=\"widget\" data-widget_type=\"ova_heading.default\">\n\t\t\t\t<div class=\"elementor-widget-container\">\n\t\t\t\t\t<div class=\"ova-heading\">\n\t\t\t\n\t\t\t\t\t\t\t<h2 class=\"title second_font\">Direcciones<\/h2>\n\t\t\t\n\t\t\t\n\t\t<\/div>\n\t\t\t\t<\/div>\n\t\t\t\t<\/div>\n\t\t\t\t<div class=\"elementor-element elementor-element-7234ef6 elementor-widget elementor-widget-ova_archive_dep\" data-id=\"7234ef6\" data-element_type=\"widget\" data-widget_type=\"ova_archive_dep.default\">\n\t\t\t\t<div class=\"elementor-widget-container\">\n\t\t\t\n\n<div class=\"ova_archive_dep archive_dep four_column\">\n\t<div class=\"content\">\n\t\t\t<\/div>\n\n\n\n<\/div>\n\n\n\t\t<\/div>\n\t\t\t\t<\/div>\n\t\t\t\t\t<\/div>\n\t\t<\/div>\n\t\t\t\t\t\t\t<\/div>\n\t\t<\/section>\n\t\t\t\t<section class=\"elementor-section elementor-top-section elementor-element elementor-element-bc726ba elementor-section-boxed elementor-section-height-default elementor-section-height-default\" data-id=\"bc726ba\" data-element_type=\"section\">\n\t\t\t\t\t\t<div class=\"elementor-container elementor-column-gap-default\">\n\t\t\t\t\t<div class=\"elementor-column elementor-col-100 elementor-top-column elementor-element elementor-element-5b2544b\" data-id=\"5b2544b\" data-element_type=\"column\">\n\t\t\t<div class=\"elementor-widget-wrap elementor-element-populated\">\n\t\t\t\t\t\t\t\t<div class=\"elementor-element elementor-element-d928747 elementor-widget elementor-widget-ova_heading\" data-id=\"d928747\" data-element_type=\"widget\" data-widget_type=\"ova_heading.default\">\n\t\t\t\t<div class=\"elementor-widget-container\">\n\t\t\t\t\t<div class=\"ova-heading\">\n\t\t\t\n\t\t\t\t\t\t\t<h2 class=\"title second_font\">Coordinaciones<\/h2>\n\t\t\t\n\t\t\t\n\t\t<\/div>\n\t\t\t\t<\/div>\n\t\t\t\t<\/div>\n\t\t\t\t<div class=\"elementor-element elementor-element-9bdec43 elementor-widget elementor-widget-ova_archive_dep\" data-id=\"9bdec43\" data-element_type=\"widget\" data-widget_type=\"ova_archive_dep.default\">\n\t\t\t\t<div class=\"elementor-widget-container\">\n\t\t\t\n\n<div class=\"ova_archive_dep archive_dep four_column\">\n\t<div class=\"content\">\n\t\t\t<\/div>\n\n\n\n<\/div>\n\n\n\t\t<\/div>\n\t\t\t\t<\/div>\n\t\t\t\t\t<\/div>\n\t\t<\/div>\n\t\t\t\t\t\t\t<\/div>\n\t\t<\/section>\n\t\t\t\t<section class=\"elementor-section elementor-top-section elementor-element elementor-element-6fc0385 elementor-section-boxed elementor-section-height-default elementor-section-height-default\" data-id=\"6fc0385\" data-element_type=\"section\">\n\t\t\t\t\t\t<div class=\"elementor-container elementor-column-gap-default\">\n\t\t\t\t\t<div class=\"elementor-column elementor-col-100 elementor-top-column elementor-element elementor-element-a44e06b\" data-id=\"a44e06b\" data-element_type=\"column\">\n\t\t\t<div class=\"elementor-widget-wrap elementor-element-populated\">\n\t\t\t\t\t\t\t\t<div class=\"elementor-element elementor-element-7126fd7 elementor-widget elementor-widget-ova_heading\" data-id=\"7126fd7\" data-element_type=\"widget\" data-widget_type=\"ova_heading.default\">\n\t\t\t\t<div class=\"elementor-widget-container\">\n\t\t\t\t\t<div class=\"ova-heading\">\n\t\t\t\n\t\t\t\t\t\t\t<h2 class=\"title second_font\">Descentralizados<\/h2>\n\t\t\t\n\t\t\t\n\t\t<\/div>\n\t\t\t\t<\/div>\n\t\t\t\t<\/div>\n\t\t\t\t<div class=\"elementor-element elementor-element-d1ee980 elementor-widget elementor-widget-ova_archive_dep\" data-id=\"d1ee980\" data-element_type=\"widget\" data-widget_type=\"ova_archive_dep.default\">\n\t\t\t\t<div class=\"elementor-widget-container\">\n\t\t\t\n\n<div class=\"ova_archive_dep archive_dep four_column\">\n\t<div class=\"content\">\n\t\t\t<\/div>\n\n\n\n<\/div>\n\n\n\t\t<\/div>\n\t\t\t\t<\/div>\n\t\t\t\t\t<\/div>\n\t\t<\/div>\n\t\t\t\t\t\t\t<\/div>\n\t\t<\/section>\n\t\t\t\t<section class=\"elementor-section elementor-top-section elementor-element elementor-element-39aaa52 elementor-section-boxed elementor-section-height-default elementor-section-height-default\" data-id=\"39aaa52\" data-element_type=\"section\">\n\t\t\t\t\t\t<div class=\"elementor-container elementor-column-gap-default\">\n\t\t\t\t\t<div class=\"elementor-column elementor-col-100 elementor-top-column elementor-element elementor-element-922426d\" data-id=\"922426d\" data-element_type=\"column\">\n\t\t\t<div class=\"elementor-widget-wrap elementor-element-populated\">\n\t\t\t\t\t\t\t\t<div class=\"elementor-element elementor-element-cfe39ec elementor-widget elementor-widget-ova_heading\" data-id=\"cfe39ec\" data-element_type=\"widget\" data-widget_type=\"ova_heading.default\">\n\t\t\t\t<div class=\"elementor-widget-container\">\n\t\t\t\t\t<div class=\"ova-heading\">\n\t\t\t\n\t\t\t\t\t\t\t<h2 class=\"title second_font\">Registro Civil<\/h2>\n\t\t\t\n\t\t\t\n\t\t<\/div>\n\t\t\t\t<\/div>\n\t\t\t\t<\/div>\n\t\t\t\t<div class=\"elementor-element elementor-element-fe71194 elementor-widget elementor-widget-ova_archive_dep\" data-id=\"fe71194\" data-element_type=\"widget\" data-widget_type=\"ova_archive_dep.default\">\n\t\t\t\t<div class=\"elementor-widget-container\">\n\t\t\t\n\n<div class=\"ova_archive_dep archive_dep four_column\">\n\t<div class=\"content\">\n\t\t\t<\/div>\n\n\n\n<\/div>\n\n\n\t\t<\/div>\n\t\t\t\t<\/div>\n\t\t\t\t\t<\/div>\n\t\t<\/div>\n\t\t\t\t\t\t\t<\/div>\n\t\t<\/section>\n\t\t\t\t<section class=\"elementor-section elementor-top-section elementor-element elementor-element-442c65a elementor-section-boxed elementor-section-height-default elementor-section-height-default\" data-id=\"442c65a\" data-element_type=\"section\">\n\t\t\t\t\t\t<div class=\"elementor-container elementor-column-gap-default\">\n\t\t\t\t\t<div class=\"elementor-column elementor-col-100 elementor-top-column elementor-element elementor-element-000dd24\" data-id=\"000dd24\" data-element_type=\"column\">\n\t\t\t<div class=\"elementor-widget-wrap elementor-element-populated\">\n\t\t\t\t\t\t\t\t<div class=\"elementor-element elementor-element-82a59b8 elementor-widget elementor-widget-ova_heading\" data-id=\"82a59b8\" data-element_type=\"widget\" data-widget_type=\"ova_heading.default\">\n\t\t\t\t<div class=\"elementor-widget-container\">\n\t\t\t\t\t<div class=\"ova-heading\">\n\t\t\t\n\t\t\t\t\t\t\t<h2 class=\"title second_font\">Delegaciones<\/h2>\n\t\t\t\n\t\t\t\n\t\t<\/div>\n\t\t\t\t<\/div>\n\t\t\t\t<\/div>\n\t\t\t\t<div class=\"elementor-element elementor-element-6ce647d elementor-widget elementor-widget-ova_archive_dep\" data-id=\"6ce647d\" data-element_type=\"widget\" data-widget_type=\"ova_archive_dep.default\">\n\t\t\t\t<div class=\"elementor-widget-container\">\n\t\t\t\n\n<div class=\"ova_archive_dep archive_dep four_column\">\n\t<div class=\"content\">\n\t\t\t<\/div>\n\n\n\n<\/div>\n\n\n\t\t<\/div>\n\t\t\t\t<\/div>\n\t\t\t\t\t<\/div>\n\t\t<\/div>\n\t\t\t\t\t\t\t<\/div>\n\t\t<\/section>\n\t\t\t\t<section class=\"elementor-section elementor-top-section elementor-element elementor-element-2ea8405 elementor-section-boxed elementor-section-height-default elementor-section-height-default\" data-id=\"2ea8405\" data-element_type=\"section\">\n\t\t\t\t\t\t<div class=\"elementor-container elementor-column-gap-default\">\n\t\t\t\t\t<div class=\"elementor-column elementor-col-100 elementor-top-column elementor-element elementor-element-b601f5d\" data-id=\"b601f5d\" data-element_type=\"column\">\n\t\t\t<div class=\"elementor-widget-wrap elementor-element-populated\">\n\t\t\t\t\t\t\t\t<div class=\"elementor-element elementor-element-6ac8cfe elementor-widget elementor-widget-ova_heading\" data-id=\"6ac8cfe\" data-element_type=\"widget\" data-widget_type=\"ova_heading.default\">\n\t\t\t\t<div class=\"elementor-widget-container\">\n\t\t\t\t\t<div class=\"ova-heading\">\n\t\t\t\n\t\t\t\t\t\t\t<h2 class=\"title second_font\">Seguridad P\u00fablica<\/h2>\n\t\t\t\n\t\t\t\n\t\t<\/div>\n\t\t\t\t<\/div>\n\t\t\t\t<\/div>\n\t\t\t\t<div class=\"elementor-element elementor-element-f510005 elementor-widget elementor-widget-ova_archive_dep\" data-id=\"f510005\" data-element_type=\"widget\" data-widget_type=\"ova_archive_dep.default\">\n\t\t\t\t<div class=\"elementor-widget-container\">\n\t\t\t\n\n<div class=\"ova_archive_dep archive_dep four_column\">\n\t<div class=\"content\">\n\t\t\t<\/div>\n\n\n\n<\/div>\n\n\n\t\t<\/div>\n\t\t\t\t<\/div>\n\t\t\t\t\t<\/div>\n\t\t<\/div>\n\t\t\t\t\t\t\t<\/div>\n\t\t<\/section>\n\t\t\t\t<section class=\"elementor-section elementor-top-section elementor-element elementor-element-33f182a elementor-section-boxed elementor-section-height-default elementor-section-height-default\" data-id=\"33f182a\" data-element_type=\"section\">\n\t\t\t\t\t\t<div class=\"elementor-container elementor-column-gap-default\">\n\t\t\t\t\t<div class=\"elementor-column elementor-col-100 elementor-top-column elementor-element elementor-element-c6b808d\" data-id=\"c6b808d\" data-element_type=\"column\">\n\t\t\t<div class=\"elementor-widget-wrap elementor-element-populated\">\n\t\t\t\t\t\t\t\t<div class=\"elementor-element elementor-element-285f7fb elementor-widget elementor-widget-ova_heading\" data-id=\"285f7fb\" data-element_type=\"widget\" data-widget_type=\"ova_heading.default\">\n\t\t\t\t<div class=\"elementor-widget-container\">\n\t\t\t\t\t<div class=\"ova-heading\">\n\t\t\t\n\t\t\t\t\t\t\t<h2 class=\"title second_font\">Otros<\/h2>\n\t\t\t\n\t\t\t\n\t\t<\/div>\n\t\t\t\t<\/div>\n\t\t\t\t<\/div>\n\t\t\t\t<div class=\"elementor-element elementor-element-f8dbdc2 elementor-widget elementor-widget-ova_archive_dep\" data-id=\"f8dbdc2\" data-element_type=\"widget\" data-widget_type=\"ova_archive_dep.default\">\n\t\t\t\t<div class=\"elementor-widget-container\">\n\t\t\t\n\n<div class=\"ova_archive_dep archive_dep four_column\">\n\t<div class=\"content\">\n\t\t\t<\/div>\n\n\n\n<\/div>\n\n\n\t\t<\/div>\n\t\t\t\t<\/div>\n\t\t\t\t\t<\/div>\n\t\t<\/div>\n\t\t\t\t\t\t\t<\/div>\n\t\t<\/section>\n\t\t\t\t\t\t\t<\/div>\n\t\t","protected":false},"excerpt":{"rendered":"<p>Conoce todas las dependencias del Municipio de Cuernavaca Dale click en la de tu preferencia para ver m\u00e1s informaci\u00f3n. Secretar\u00edas Desarrollo Agropecuario Desarrollo Sustentable Desarrollo Econ\u00f3mico Turismo Medio ambiente Seguridad P\u00fablica Desarrollo Econ\u00f3mico Obras P\u00fablicas Bienestar Social Desarrollo Urbano Secretar\u00eda de Administraci\u00f3n Secretar\u00eda del Ayuntamiento Direcciones Panteones Servicios P\u00fablicos Coordinaciones Obras P\u00fablicas Bienestar Social Desarrollo [&hellip;]<\/p>\n","protected":false},"author":1,"featured_media":623,"parent":0,"menu_order":0,"comment_status":"closed","ping_status":"closed","template":"elementor_header_footer","meta":[],"aioseo_notices":[],"_links":{"self":[{"href":"https:\/\/cuernavaca.gob.mx\/index.php?rest_route=\/wp\/v2\/pages\/730"}],"collection":[{"href":"https:\/\/cuernavaca.gob.mx\/index.php?rest_route=\/wp\/v2\/pages"}],"about":[{"href":"https:\/\/cuernavaca.gob.mx\/index.php?rest_route=\/wp\/v2\/types\/page"}],"author":[{"embeddable":true,"href":"https:\/\/cuernavaca.gob.mx\/index.php?rest_route=\/wp\/v2\/users\/1"}],"replies":[{"embeddable":true,"href":"https:\/\/cuernavaca.gob.mx\/index.php?rest_route=%2Fwp%2Fv2%2Fcomments&post=730"}],"version-history":[{"count":56,"href":"https:\/\/cuernavaca.gob.mx\/index.php?rest_route=\/wp\/v2\/pages\/730\/revisions"}],"predecessor-version":[{"id":6099,"href":"https:\/\/cuernavaca.gob.mx\/index.php?rest_route=\/wp\/v2\/pages\/730\/revisions\/6099"}],"wp:featuredmedia":[{"embeddable":true,"href":"https:\/\/cuernavaca.gob.mx\/index.php?rest_route=\/wp\/v2\/media\/623"}],"wp:attachment":[{"href":"https:\/\/cuernavaca.gob.mx\/index.php?rest_route=%2Fwp%2Fv2%2Fmedia&parent=730"}],"curies":[{"name":"wp","href":"https:\/\/api.w.org\/{rel}","templated":true}]}}