{"id":7401,"date":"2021-12-27T17:54:53","date_gmt":"2021-12-27T17:54:53","guid":{"rendered":"http:\/\/cuernavaca.gob.mx\/?page_id=7401"},"modified":"2024-03-13T12:42:13","modified_gmt":"2024-03-13T18:42:13","slug":"santa-maria-ahuatitlan","status":"publish","type":"page","link":"https:\/\/cuernavaca.gob.mx\/?page_id=7401","title":{"rendered":"Santa Mar\u00eda Ahuatitlan"},"content":{"rendered":"\t\t<div data-elementor-type=\"wp-page\" data-elementor-id=\"7401\" class=\"elementor elementor-7401\">\n\t\t\t\t\t\t\t\t\t<section class=\"elementor-section elementor-top-section elementor-element elementor-element-febd759 elementor-section-boxed elementor-section-height-default elementor-section-height-default\" data-id=\"febd759\" data-element_type=\"section\">\n\t\t\t\t\t\t<div class=\"elementor-container elementor-column-gap-default\">\n\t\t\t\t\t<div class=\"elementor-column elementor-col-100 elementor-top-column elementor-element elementor-element-40649c5\" data-id=\"40649c5\" data-element_type=\"column\">\n\t\t\t<div class=\"elementor-widget-wrap elementor-element-populated\">\n\t\t\t\t\t\t\t\t<section class=\"elementor-section elementor-inner-section elementor-element elementor-element-0883dd6 elementor-section-boxed elementor-section-height-default elementor-section-height-default\" data-id=\"0883dd6\" data-element_type=\"section\">\n\t\t\t\t\t\t<div class=\"elementor-container elementor-column-gap-default\">\n\t\t\t\t\t<div class=\"elementor-column elementor-col-50 elementor-inner-column elementor-element elementor-element-8cf2cf8\" data-id=\"8cf2cf8\" data-element_type=\"column\">\n\t\t\t<div class=\"elementor-widget-wrap elementor-element-populated\">\n\t\t\t\t\t\t\t\t<div class=\"elementor-element elementor-element-a5fcf0a elementor-widget elementor-widget-heading\" data-id=\"a5fcf0a\" data-element_type=\"widget\" data-widget_type=\"heading.default\">\n\t\t\t\t<div class=\"elementor-widget-container\">\n\t\t\t<style>\/*! elementor - v3.6.4 - 13-04-2022 *\/\n.elementor-heading-title{padding:0;margin:0;line-height:1}.elementor-widget-heading .elementor-heading-title[class*=elementor-size-]>a{color:inherit;font-size:inherit;line-height:inherit}.elementor-widget-heading .elementor-heading-title.elementor-size-small{font-size:15px}.elementor-widget-heading .elementor-heading-title.elementor-size-medium{font-size:19px}.elementor-widget-heading .elementor-heading-title.elementor-size-large{font-size:29px}.elementor-widget-heading .elementor-heading-title.elementor-size-xl{font-size:39px}.elementor-widget-heading .elementor-heading-title.elementor-size-xxl{font-size:59px}<\/style><h1 class=\"elementor-heading-title elementor-size-default\">Santa Mar\u00eda Ahuacatitlan<\/h1>\t\t<\/div>\n\t\t\t\t<\/div>\n\t\t\t\t<div class=\"elementor-element elementor-element-8d2f04d elementor-widget elementor-widget-text-editor\" data-id=\"8d2f04d\" data-element_type=\"widget\" data-widget_type=\"text-editor.default\">\n\t\t\t\t<div class=\"elementor-widget-container\">\n\t\t\t<style>\/*! elementor - v3.6.4 - 13-04-2022 *\/\n.elementor-widget-text-editor.elementor-drop-cap-view-stacked .elementor-drop-cap{background-color:#818a91;color:#fff}.elementor-widget-text-editor.elementor-drop-cap-view-framed .elementor-drop-cap{color:#818a91;border:3px solid;background-color:transparent}.elementor-widget-text-editor:not(.elementor-drop-cap-view-default) .elementor-drop-cap{margin-top:8px}.elementor-widget-text-editor:not(.elementor-drop-cap-view-default) .elementor-drop-cap-letter{width:1em;height:1em}.elementor-widget-text-editor .elementor-drop-cap{float:left;text-align:center;line-height:1;font-size:50px}.elementor-widget-text-editor .elementor-drop-cap-letter{display:inline-block}<\/style>\t\t\t\t<p>Se encuentra al norte de la ciudad, su nombre hace referencia al fruto del aguacate. Ahuacatitl\u00e1n significa\u00a0<em>&#8220;Lugar entre ahuacates&#8221;<\/em>.<\/p><p>\u00a0<\/p><p>En el siglo XVI se funda el convento Franciscano en honor a Asunci\u00f3n de Mar\u00eda. En la iglesia de Santa Mar\u00eda y San Jos\u00e9 est\u00e1 enterrado el primer obispo de Cuernavaca pues esta iglesia estaba considerada para ser catedral.\u00a0 Durante la \u00e9poca revolucionaria fue estrat\u00e9gica para el guerrillero Genovevo de la O. <\/p>\t\t\t\t\t\t<\/div>\n\t\t\t\t<\/div>\n\t\t\t\t\t<\/div>\n\t\t<\/div>\n\t\t\t\t<div class=\"elementor-column elementor-col-50 elementor-inner-column elementor-element elementor-element-6b6cf7d\" data-id=\"6b6cf7d\" data-element_type=\"column\">\n\t\t\t<div class=\"elementor-widget-wrap elementor-element-populated\">\n\t\t\t\t\t\t\t\t<div class=\"elementor-element elementor-element-b0395b3 elementor-widget elementor-widget-image\" data-id=\"b0395b3\" data-element_type=\"widget\" data-widget_type=\"image.default\">\n\t\t\t\t<div class=\"elementor-widget-container\">\n\t\t\t<style>\/*! elementor - v3.6.4 - 13-04-2022 *\/\n.elementor-widget-image{text-align:center}.elementor-widget-image a{display:inline-block}.elementor-widget-image a img[src$=\".svg\"]{width:48px}.elementor-widget-image img{vertical-align:middle;display:inline-block}<\/style>\t\t\t\t\t\t\t\t\t\t\t\t<img width=\"800\" height=\"800\" src=\"https:\/\/cuernavaca.gob.mx\/wp-content\/uploads\/2022\/06\/Ahuacatitla\u0301n.jpg\" class=\"attachment-large size-large\" alt=\"\" loading=\"lazy\" srcset=\"https:\/\/cuernavaca.gob.mx\/wp-content\/uploads\/2022\/06\/Ahuacatitla\u0301n.jpg 800w, https:\/\/cuernavaca.gob.mx\/wp-content\/uploads\/2022\/06\/Ahuacatitla\u0301n-300x300.jpg 300w, https:\/\/cuernavaca.gob.mx\/wp-content\/uploads\/2022\/06\/Ahuacatitla\u0301n-150x150.jpg 150w, https:\/\/cuernavaca.gob.mx\/wp-content\/uploads\/2022\/06\/Ahuacatitla\u0301n-768x768.jpg 768w, https:\/\/cuernavaca.gob.mx\/wp-content\/uploads\/2022\/06\/Ahuacatitla\u0301n-600x600.jpg 600w, https:\/\/cuernavaca.gob.mx\/wp-content\/uploads\/2022\/06\/Ahuacatitla\u0301n-560x560.jpg 560w\" sizes=\"(max-width: 800px) 100vw, 800px\" \/>\t\t\t\t\t\t\t\t\t\t\t\t\t\t\t<\/div>\n\t\t\t\t<\/div>\n\t\t\t\t\t<\/div>\n\t\t<\/div>\n\t\t\t\t\t\t\t<\/div>\n\t\t<\/section>\n\t\t\t\t\t<\/div>\n\t\t<\/div>\n\t\t\t\t\t\t\t<\/div>\n\t\t<\/section>\n\t\t\t\t<section class=\"elementor-section elementor-top-section elementor-element elementor-element-13d4834 elementor-section-boxed elementor-section-height-default elementor-section-height-default\" data-id=\"13d4834\" data-element_type=\"section\">\n\t\t\t\t\t\t<div class=\"elementor-container elementor-column-gap-default\">\n\t\t\t\t\t<div class=\"elementor-column elementor-col-100 elementor-top-column elementor-element elementor-element-3fa83fe\" data-id=\"3fa83fe\" data-element_type=\"column\">\n\t\t\t<div class=\"elementor-widget-wrap elementor-element-populated\">\n\t\t\t\t\t\t\t\t<div class=\"elementor-element elementor-element-5cad5ce elementor-widget elementor-widget-html\" data-id=\"5cad5ce\" data-element_type=\"widget\" data-widget_type=\"html.default\">\n\t\t\t\t<div class=\"elementor-widget-container\">\n\t\t\t<iframe src=\"https:\/\/www.google.com\/maps\/embed?pb=!1m18!1m12!1m3!1d30182.37349161135!2d-99.27562472570345!3d18.984584426973523!2m3!1f0!2f0!3f0!3m2!1i1024!2i768!4f13.1!3m3!1m2!1s0x85cde0c1b74aebeb%3A0x4fa96cd92e0e0a0f!2sSanta%20Mar%C3%ADa%20Ahuacatitl%C3%A1n%2C%20Cuernavaca%2C%20Mor.!5e0!3m2!1ses-419!2smx!4v1640627735722!5m2!1ses-419!2smx\" width=\"600\" height=\"450\" style=\"border:0;\" allowfullscreen=\"\" loading=\"lazy\"><\/iframe>\t\t<\/div>\n\t\t\t\t<\/div>\n\t\t\t\t\t<\/div>\n\t\t<\/div>\n\t\t\t\t\t\t\t<\/div>\n\t\t<\/section>\n\t\t\t\t\t\t\t<\/div>\n\t\t","protected":false},"excerpt":{"rendered":"<p>Santa Mar\u00eda Ahuacatitlan Se encuentra al norte de la ciudad, su nombre hace referencia al fruto del aguacate. Ahuacatitl\u00e1n significa\u00a0&#8220;Lugar entre ahuacates&#8221;. \u00a0 En el siglo XVI se funda el convento Franciscano en honor a Asunci\u00f3n de Mar\u00eda. En la iglesia de Santa Mar\u00eda y San Jos\u00e9 est\u00e1 enterrado el primer obispo de Cuernavaca pues [&hellip;]<\/p>\n","protected":false},"author":1,"featured_media":0,"parent":0,"menu_order":0,"comment_status":"closed","ping_status":"closed","template":"","meta":[],"aioseo_notices":[],"_links":{"self":[{"href":"https:\/\/cuernavaca.gob.mx\/index.php?rest_route=\/wp\/v2\/pages\/7401"}],"collection":[{"href":"https:\/\/cuernavaca.gob.mx\/index.php?rest_route=\/wp\/v2\/pages"}],"about":[{"href":"https:\/\/cuernavaca.gob.mx\/index.php?rest_route=\/wp\/v2\/types\/page"}],"author":[{"embeddable":true,"href":"https:\/\/cuernavaca.gob.mx\/index.php?rest_route=\/wp\/v2\/users\/1"}],"replies":[{"embeddable":true,"href":"https:\/\/cuernavaca.gob.mx\/index.php?rest_route=%2Fwp%2Fv2%2Fcomments&post=7401"}],"version-history":[{"count":7,"href":"https:\/\/cuernavaca.gob.mx\/index.php?rest_route=\/wp\/v2\/pages\/7401\/revisions"}],"predecessor-version":[{"id":13212,"href":"https:\/\/cuernavaca.gob.mx\/index.php?rest_route=\/wp\/v2\/pages\/7401\/revisions\/13212"}],"wp:attachment":[{"href":"https:\/\/cuernavaca.gob.mx\/index.php?rest_route=%2Fwp%2Fv2%2Fmedia&parent=7401"}],"curies":[{"name":"wp","href":"https:\/\/api.w.org\/{rel}","templated":true}]}}