{"id":7710,"date":"2021-12-29T17:35:56","date_gmt":"2021-12-29T17:35:56","guid":{"rendered":"http:\/\/cuernavaca.gob.mx\/?page_id=7710"},"modified":"2024-03-13T12:41:17","modified_gmt":"2024-03-13T18:41:17","slug":"hotel-10","status":"publish","type":"page","link":"https:\/\/cuernavaca.gob.mx\/?page_id=7710","title":{"rendered":"Hotel Spa Posada Tlaltenango"},"content":{"rendered":"\t\t<div data-elementor-type=\"wp-page\" data-elementor-id=\"7710\" class=\"elementor elementor-7710\">\n\t\t\t\t\t\t\t\t\t<section class=\"elementor-section elementor-top-section elementor-element elementor-element-051c8cf elementor-section-full_width elementor-section-stretched elementor-section-height-default elementor-section-height-default\" data-id=\"051c8cf\" data-element_type=\"section\" data-settings=\"{&quot;background_background&quot;:&quot;classic&quot;,&quot;stretch_section&quot;:&quot;section-stretched&quot;}\">\n\t\t\t\t\t\t<div class=\"elementor-container elementor-column-gap-extended\">\n\t\t\t\t\t<div class=\"elementor-column elementor-col-100 elementor-top-column elementor-element elementor-element-5c284d0\" data-id=\"5c284d0\" data-element_type=\"column\">\n\t\t\t<div class=\"elementor-widget-wrap elementor-element-populated\">\n\t\t\t\t\t\t\t\t<div class=\"elementor-element elementor-element-3baf4cc elementor-widget elementor-widget-heading\" data-id=\"3baf4cc\" data-element_type=\"widget\" data-widget_type=\"heading.default\">\n\t\t\t\t<div class=\"elementor-widget-container\">\n\t\t\t<style>\/*! elementor - v3.6.4 - 13-04-2022 *\/\n.elementor-heading-title{padding:0;margin:0;line-height:1}.elementor-widget-heading .elementor-heading-title[class*=elementor-size-]>a{color:inherit;font-size:inherit;line-height:inherit}.elementor-widget-heading .elementor-heading-title.elementor-size-small{font-size:15px}.elementor-widget-heading .elementor-heading-title.elementor-size-medium{font-size:19px}.elementor-widget-heading .elementor-heading-title.elementor-size-large{font-size:29px}.elementor-widget-heading .elementor-heading-title.elementor-size-xl{font-size:39px}.elementor-widget-heading .elementor-heading-title.elementor-size-xxl{font-size:59px}<\/style><h2 class=\"elementor-heading-title elementor-size-default\">#ViveCuernavaca<\/h2>\t\t<\/div>\n\t\t\t\t<\/div>\n\t\t\t\t<div class=\"elementor-element elementor-element-92f5abe elementor-widget elementor-widget-heading\" data-id=\"92f5abe\" data-element_type=\"widget\" data-widget_type=\"heading.default\">\n\t\t\t\t<div class=\"elementor-widget-container\">\n\t\t\t<p class=\"elementor-heading-title elementor-size-default\">Descubre, conoce los hoteles de la ciudad de la eterna primavera.<\/p>\t\t<\/div>\n\t\t\t\t<\/div>\n\t\t\t\t\t<\/div>\n\t\t<\/div>\n\t\t\t\t\t\t\t<\/div>\n\t\t<\/section>\n\t\t\t\t<section class=\"elementor-section elementor-top-section elementor-element elementor-element-1666e9c elementor-section-boxed elementor-section-height-default elementor-section-height-default\" data-id=\"1666e9c\" data-element_type=\"section\">\n\t\t\t\t\t\t<div class=\"elementor-container elementor-column-gap-default\">\n\t\t\t\t\t<div class=\"elementor-column elementor-col-100 elementor-top-column elementor-element elementor-element-827a45a\" data-id=\"827a45a\" data-element_type=\"column\">\n\t\t\t<div class=\"elementor-widget-wrap elementor-element-populated\">\n\t\t\t\t\t\t\t\t<section class=\"elementor-section elementor-inner-section elementor-element elementor-element-388e15a elementor-section-boxed elementor-section-height-default elementor-section-height-default\" data-id=\"388e15a\" data-element_type=\"section\">\n\t\t\t\t\t\t<div class=\"elementor-container elementor-column-gap-default\">\n\t\t\t\t\t<div class=\"elementor-column elementor-col-50 elementor-inner-column elementor-element elementor-element-6325085\" data-id=\"6325085\" data-element_type=\"column\">\n\t\t\t<div class=\"elementor-widget-wrap elementor-element-populated\">\n\t\t\t\t\t\t\t\t<div class=\"elementor-element elementor-element-d7ec016 elementor-widget elementor-widget-heading\" data-id=\"d7ec016\" data-element_type=\"widget\" data-widget_type=\"heading.default\">\n\t\t\t\t<div class=\"elementor-widget-container\">\n\t\t\t<h1 class=\"elementor-heading-title elementor-size-default\"><font style=\"vertical-align: inherit;\"><font style=\"vertical-align: inherit;\">Spa Posada Tlaltenango<\/font><\/font><\/h1>\t\t<\/div>\n\t\t\t\t<\/div>\n\t\t\t\t<div class=\"elementor-element elementor-element-0a3cd05 elementor-widget elementor-widget-spacer\" data-id=\"0a3cd05\" data-element_type=\"widget\" data-widget_type=\"spacer.default\">\n\t\t\t\t<div class=\"elementor-widget-container\">\n\t\t\t<style>\/*! elementor - v3.6.4 - 13-04-2022 *\/\n.e-container.e-container--row .elementor-spacer-inner{width:var(--spacer-size)}.e-container.e-container--column .elementor-spacer-inner,.elementor-column .elementor-spacer-inner{height:var(--spacer-size)}<\/style>\t\t<div class=\"elementor-spacer\">\n\t\t\t<div class=\"elementor-spacer-inner\"><\/div>\n\t\t<\/div>\n\t\t\t\t<\/div>\n\t\t\t\t<\/div>\n\t\t\t\t<div class=\"elementor-element elementor-element-8dafb49 elementor-widget elementor-widget-text-editor\" data-id=\"8dafb49\" data-element_type=\"widget\" data-widget_type=\"text-editor.default\">\n\t\t\t\t<div class=\"elementor-widget-container\">\n\t\t\t<style>\/*! elementor - v3.6.4 - 13-04-2022 *\/\n.elementor-widget-text-editor.elementor-drop-cap-view-stacked .elementor-drop-cap{background-color:#818a91;color:#fff}.elementor-widget-text-editor.elementor-drop-cap-view-framed .elementor-drop-cap{color:#818a91;border:3px solid;background-color:transparent}.elementor-widget-text-editor:not(.elementor-drop-cap-view-default) .elementor-drop-cap{margin-top:8px}.elementor-widget-text-editor:not(.elementor-drop-cap-view-default) .elementor-drop-cap-letter{width:1em;height:1em}.elementor-widget-text-editor .elementor-drop-cap{float:left;text-align:center;line-height:1;font-size:50px}.elementor-widget-text-editor .elementor-drop-cap-letter{display:inline-block}<\/style>\t\t\t\t<p>En el coraz\u00f3n de Cuernavaca Morelos encontrara un exquisito rinc\u00f3n est\u00e9tico en donde podr\u00e1 relajarse y disfrutar de sus bellas instalaciones todo esto en el hotel en Cuernavaca Posada Tlaltenango adem\u00e1s de que es uno de los \u00fanicos hoteles en Latinoam\u00e9rica que cuenta con Spa Medico Anti-Envejecimiento.<\/p><p>Este Hotel en Cuernavaca estilo hacienda rodeado de hermosos jardines bot\u00e1nicos lo invita a poner en armon\u00eda su mente cuerpo y esp\u00edritu.<\/p>\t\t\t\t\t\t<\/div>\n\t\t\t\t<\/div>\n\t\t\t\t\t<\/div>\n\t\t<\/div>\n\t\t\t\t<div class=\"elementor-column elementor-col-50 elementor-inner-column elementor-element elementor-element-300d36d\" data-id=\"300d36d\" data-element_type=\"column\">\n\t\t\t<div class=\"elementor-widget-wrap elementor-element-populated\">\n\t\t\t\t\t\t\t\t<div class=\"elementor-element elementor-element-c1b30a4 elementor-widget elementor-widget-image\" data-id=\"c1b30a4\" data-element_type=\"widget\" data-widget_type=\"image.default\">\n\t\t\t\t<div class=\"elementor-widget-container\">\n\t\t\t<style>\/*! elementor - v3.6.4 - 13-04-2022 *\/\n.elementor-widget-image{text-align:center}.elementor-widget-image a{display:inline-block}.elementor-widget-image a img[src$=\".svg\"]{width:48px}.elementor-widget-image img{vertical-align:middle;display:inline-block}<\/style>\t\t\t\t\t\t\t\t\t\t\t\t<img width=\"960\" height=\"688\" src=\"https:\/\/cuernavaca.gob.mx\/wp-content\/uploads\/2022\/06\/posada_tlaltenango_3.jpeg\" class=\"attachment-large size-large\" alt=\"\" loading=\"lazy\" srcset=\"https:\/\/cuernavaca.gob.mx\/wp-content\/uploads\/2022\/06\/posada_tlaltenango_3.jpeg 960w, https:\/\/cuernavaca.gob.mx\/wp-content\/uploads\/2022\/06\/posada_tlaltenango_3-300x215.jpeg 300w, https:\/\/cuernavaca.gob.mx\/wp-content\/uploads\/2022\/06\/posada_tlaltenango_3-768x550.jpeg 768w, https:\/\/cuernavaca.gob.mx\/wp-content\/uploads\/2022\/06\/posada_tlaltenango_3-600x430.jpeg 600w, https:\/\/cuernavaca.gob.mx\/wp-content\/uploads\/2022\/06\/posada_tlaltenango_3-560x401.jpeg 560w\" sizes=\"(max-width: 960px) 100vw, 960px\" \/>\t\t\t\t\t\t\t\t\t\t\t\t\t\t\t<\/div>\n\t\t\t\t<\/div>\n\t\t\t\t\t<\/div>\n\t\t<\/div>\n\t\t\t\t\t\t\t<\/div>\n\t\t<\/section>\n\t\t\t\t<section class=\"elementor-section elementor-inner-section elementor-element elementor-element-9e87a3f elementor-section-boxed elementor-section-height-default elementor-section-height-default\" data-id=\"9e87a3f\" data-element_type=\"section\">\n\t\t\t\t\t\t<div class=\"elementor-container elementor-column-gap-default\">\n\t\t\t\t\t<div class=\"elementor-column elementor-col-50 elementor-inner-column elementor-element elementor-element-e2d44d2\" data-id=\"e2d44d2\" data-element_type=\"column\">\n\t\t\t<div class=\"elementor-widget-wrap elementor-element-populated\">\n\t\t\t\t\t\t\t\t<div class=\"elementor-element elementor-element-1351288 elementor-widget elementor-widget-ova_social\" data-id=\"1351288\" data-element_type=\"widget\" data-widget_type=\"ova_social.default\">\n\t\t\t\t<div class=\"elementor-widget-container\">\n\t\t\t\t\t<div class=\"ova_social ova-framework-social-icons-wrapper\">\n\t\t\t<div class=\"content\">\n\t\t\t\t\n\t\t\t\t\t\t\t\t\t\t<a class=\"ova-framework-icon ova-framework-social-icon ova-framework-social-icon-facebook-square\" style=\" background-color: #0C3B9E\" href=\"https:\/\/www.facebook.com\/hotelspaposadatlaltenango\" target=\"_blank\">\n\t\t\t\t\t\t<span class=\"ova-framework-screen-only\">Facebook-square<\/span>\n\t\t\t\t\t\t<i class=\"fa fa-facebook-square\" style=\" color: #F9F9F9\"><\/i>\n\t\t\t\t\t<\/a>\n\t\t\t\t\n\t\t\t\t\t\t\t\t\t\t<a class=\"ova-framework-icon ova-framework-social-icon ova-framework-social-icon-twitter\" style=\" background-color: #0C3B9E\" href=\"\" target=\"_blank\">\n\t\t\t\t\t\t<span class=\"ova-framework-screen-only\">Twitter<\/span>\n\t\t\t\t\t\t<i class=\"fa fa-twitter\" style=\" color: #fff\"><\/i>\n\t\t\t\t\t<\/a>\n\t\t\t\t\n\t\t\t\t\t\t\t\t\t\t<a class=\"ova-framework-icon ova-framework-social-icon ova-framework-social-icon-instagram\" style=\" background-color: #0C3B9E\" href=\"https:\/\/www.instagram.com\/hotelposadatlaltenango\/ \" target=\"_blank\">\n\t\t\t\t\t\t<span class=\"ova-framework-screen-only\">Instagram<\/span>\n\t\t\t\t\t\t<i class=\"fa fa-instagram\" style=\" color: #fff\"><\/i>\n\t\t\t\t\t<\/a>\n\t\t\t\t\t\t\t<\/div>\n\t\t<\/div>\n\t\t\t\t<\/div>\n\t\t\t\t<\/div>\n\t\t\t\t\t<\/div>\n\t\t<\/div>\n\t\t\t\t<div class=\"elementor-column elementor-col-50 elementor-inner-column elementor-element elementor-element-81af77f\" data-id=\"81af77f\" data-element_type=\"column\">\n\t\t\t<div class=\"elementor-widget-wrap elementor-element-populated\">\n\t\t\t\t\t\t\t\t<div class=\"elementor-element elementor-element-e58d154 elementor-widget elementor-widget-button\" data-id=\"e58d154\" data-element_type=\"widget\" data-widget_type=\"button.default\">\n\t\t\t\t<div class=\"elementor-widget-container\">\n\t\t\t\t\t<div class=\"elementor-button-wrapper\">\n\t\t\t<a href=\"https:\/\/www.posadatlaltenango.com.mx\/\" class=\"elementor-button-link elementor-button elementor-size-sm\" role=\"button\">\n\t\t\t\t\t\t<span class=\"elementor-button-content-wrapper\">\n\t\t\t\t\t\t<span class=\"elementor-button-text\">Visita  su sitio<\/span>\n\t\t<\/span>\n\t\t\t\t\t<\/a>\n\t\t<\/div>\n\t\t\t\t<\/div>\n\t\t\t\t<\/div>\n\t\t\t\t\t<\/div>\n\t\t<\/div>\n\t\t\t\t\t\t\t<\/div>\n\t\t<\/section>\n\t\t\t\t<div class=\"elementor-element elementor-element-32fda9e elementor-widget elementor-widget-spacer\" data-id=\"32fda9e\" data-element_type=\"widget\" data-widget_type=\"spacer.default\">\n\t\t\t\t<div class=\"elementor-widget-container\">\n\t\t\t\t\t<div class=\"elementor-spacer\">\n\t\t\t<div class=\"elementor-spacer-inner\"><\/div>\n\t\t<\/div>\n\t\t\t\t<\/div>\n\t\t\t\t<\/div>\n\t\t\t\t<div class=\"elementor-element elementor-element-11be939 elementor-arrows-position-inside elementor-widget elementor-widget-image-carousel\" data-id=\"11be939\" data-element_type=\"widget\" data-settings=\"{&quot;slides_to_show&quot;:&quot;8&quot;,&quot;slides_to_scroll&quot;:&quot;2&quot;,&quot;navigation&quot;:&quot;arrows&quot;,&quot;autoplay&quot;:&quot;yes&quot;,&quot;pause_on_hover&quot;:&quot;yes&quot;,&quot;pause_on_interaction&quot;:&quot;yes&quot;,&quot;autoplay_speed&quot;:5000,&quot;infinite&quot;:&quot;yes&quot;,&quot;speed&quot;:500}\" data-widget_type=\"image-carousel.default\">\n\t\t\t\t<div class=\"elementor-widget-container\">\n\t\t\t<style>\/*! elementor - v3.6.4 - 13-04-2022 *\/\n.elementor-widget-image-carousel .swiper-container{position:static}.elementor-widget-image-carousel .swiper-container .swiper-slide figure{line-height:inherit}.elementor-widget-image-carousel .swiper-slide{text-align:center}.elementor-image-carousel-wrapper:not(.swiper-container-initialized) .swiper-slide{max-width:calc(100% \/ var(--e-image-carousel-slides-to-show, 3))}<\/style>\t\t<div class=\"elementor-image-carousel-wrapper swiper-container\" dir=\"ltr\">\n\t\t\t<div class=\"elementor-image-carousel swiper-wrapper\">\n\t\t\t\t\t\t\t\t<div class=\"swiper-slide\"><a data-elementor-open-lightbox=\"yes\" data-elementor-lightbox-slideshow=\"11be939\" data-elementor-lightbox-title=\"posada_tlaltenango_6\" e-action-hash=\"#elementor-action%3Aaction%3Dlightbox%26settings%3DeyJpZCI6MTM2NzYsInVybCI6Imh0dHBzOlwvXC9jdWVybmF2YWNhLmdvYi5teFwvd3AtY29udGVudFwvdXBsb2Fkc1wvMjAyMlwvMDZcL3Bvc2FkYV90bGFsdGVuYW5nb182LmpwZWciLCJzbGlkZXNob3ciOiIxMWJlOTM5In0%3D\" href=\"https:\/\/cuernavaca.gob.mx\/wp-content\/uploads\/2022\/06\/posada_tlaltenango_6.jpeg\"><figure class=\"swiper-slide-inner\"><img class=\"swiper-slide-image\" src=\"https:\/\/cuernavaca.gob.mx\/wp-content\/uploads\/2022\/06\/posada_tlaltenango_6-150x150.jpeg\" alt=\"posada_tlaltenango_6\" \/><\/figure><\/a><\/div><div class=\"swiper-slide\"><a data-elementor-open-lightbox=\"yes\" data-elementor-lightbox-slideshow=\"11be939\" data-elementor-lightbox-title=\"posada_tlaltenango_5\" e-action-hash=\"#elementor-action%3Aaction%3Dlightbox%26settings%3DeyJpZCI6MTM2NzUsInVybCI6Imh0dHBzOlwvXC9jdWVybmF2YWNhLmdvYi5teFwvd3AtY29udGVudFwvdXBsb2Fkc1wvMjAyMlwvMDZcL3Bvc2FkYV90bGFsdGVuYW5nb181LmpwZWciLCJzbGlkZXNob3ciOiIxMWJlOTM5In0%3D\" href=\"https:\/\/cuernavaca.gob.mx\/wp-content\/uploads\/2022\/06\/posada_tlaltenango_5.jpeg\"><figure class=\"swiper-slide-inner\"><img class=\"swiper-slide-image\" src=\"https:\/\/cuernavaca.gob.mx\/wp-content\/uploads\/2022\/06\/posada_tlaltenango_5-150x150.jpeg\" alt=\"posada_tlaltenango_5\" \/><\/figure><\/a><\/div><div class=\"swiper-slide\"><a data-elementor-open-lightbox=\"yes\" data-elementor-lightbox-slideshow=\"11be939\" data-elementor-lightbox-title=\"posada_tlaltenango_4\" e-action-hash=\"#elementor-action%3Aaction%3Dlightbox%26settings%3DeyJpZCI6MTM2NzQsInVybCI6Imh0dHBzOlwvXC9jdWVybmF2YWNhLmdvYi5teFwvd3AtY29udGVudFwvdXBsb2Fkc1wvMjAyMlwvMDZcL3Bvc2FkYV90bGFsdGVuYW5nb180LmpwZWciLCJzbGlkZXNob3ciOiIxMWJlOTM5In0%3D\" href=\"https:\/\/cuernavaca.gob.mx\/wp-content\/uploads\/2022\/06\/posada_tlaltenango_4.jpeg\"><figure class=\"swiper-slide-inner\"><img class=\"swiper-slide-image\" src=\"https:\/\/cuernavaca.gob.mx\/wp-content\/uploads\/2022\/06\/posada_tlaltenango_4-150x150.jpeg\" alt=\"posada_tlaltenango_4\" \/><\/figure><\/a><\/div><div class=\"swiper-slide\"><a data-elementor-open-lightbox=\"yes\" data-elementor-lightbox-slideshow=\"11be939\" data-elementor-lightbox-title=\"posada_tlaltenango_3\" e-action-hash=\"#elementor-action%3Aaction%3Dlightbox%26settings%3DeyJpZCI6MTM2NzMsInVybCI6Imh0dHBzOlwvXC9jdWVybmF2YWNhLmdvYi5teFwvd3AtY29udGVudFwvdXBsb2Fkc1wvMjAyMlwvMDZcL3Bvc2FkYV90bGFsdGVuYW5nb18zLmpwZWciLCJzbGlkZXNob3ciOiIxMWJlOTM5In0%3D\" href=\"https:\/\/cuernavaca.gob.mx\/wp-content\/uploads\/2022\/06\/posada_tlaltenango_3.jpeg\"><figure class=\"swiper-slide-inner\"><img class=\"swiper-slide-image\" src=\"https:\/\/cuernavaca.gob.mx\/wp-content\/uploads\/2022\/06\/posada_tlaltenango_3-150x150.jpeg\" alt=\"posada_tlaltenango_3\" \/><\/figure><\/a><\/div><div class=\"swiper-slide\"><a data-elementor-open-lightbox=\"yes\" data-elementor-lightbox-slideshow=\"11be939\" data-elementor-lightbox-title=\"posada_tlaltenango_2\" e-action-hash=\"#elementor-action%3Aaction%3Dlightbox%26settings%3DeyJpZCI6MTM2NzIsInVybCI6Imh0dHBzOlwvXC9jdWVybmF2YWNhLmdvYi5teFwvd3AtY29udGVudFwvdXBsb2Fkc1wvMjAyMlwvMDZcL3Bvc2FkYV90bGFsdGVuYW5nb18yLmpwZWciLCJzbGlkZXNob3ciOiIxMWJlOTM5In0%3D\" href=\"https:\/\/cuernavaca.gob.mx\/wp-content\/uploads\/2022\/06\/posada_tlaltenango_2.jpeg\"><figure class=\"swiper-slide-inner\"><img class=\"swiper-slide-image\" src=\"https:\/\/cuernavaca.gob.mx\/wp-content\/uploads\/2022\/06\/posada_tlaltenango_2-150x150.jpeg\" alt=\"posada_tlaltenango_2\" \/><\/figure><\/a><\/div><div class=\"swiper-slide\"><a data-elementor-open-lightbox=\"yes\" data-elementor-lightbox-slideshow=\"11be939\" data-elementor-lightbox-title=\"posada_tlaltenango_1\" e-action-hash=\"#elementor-action%3Aaction%3Dlightbox%26settings%3DeyJpZCI6MTM2NzEsInVybCI6Imh0dHBzOlwvXC9jdWVybmF2YWNhLmdvYi5teFwvd3AtY29udGVudFwvdXBsb2Fkc1wvMjAyMlwvMDZcL3Bvc2FkYV90bGFsdGVuYW5nb18xLmpwZWciLCJzbGlkZXNob3ciOiIxMWJlOTM5In0%3D\" href=\"https:\/\/cuernavaca.gob.mx\/wp-content\/uploads\/2022\/06\/posada_tlaltenango_1.jpeg\"><figure class=\"swiper-slide-inner\"><img class=\"swiper-slide-image\" src=\"https:\/\/cuernavaca.gob.mx\/wp-content\/uploads\/2022\/06\/posada_tlaltenango_1-150x150.jpeg\" alt=\"posada_tlaltenango_1\" \/><\/figure><\/a><\/div>\t\t\t<\/div>\n\t\t\t\t\t\t\t\t\t\t\t\t\t\t\t\t<div class=\"elementor-swiper-button elementor-swiper-button-prev\">\n\t\t\t\t\t\t<i aria-hidden=\"true\" class=\"eicon-chevron-left\"><\/i>\t\t\t\t\t\t<span class=\"elementor-screen-only\">Previo<\/span>\n\t\t\t\t\t<\/div>\n\t\t\t\t\t<div class=\"elementor-swiper-button elementor-swiper-button-next\">\n\t\t\t\t\t\t<i aria-hidden=\"true\" class=\"eicon-chevron-right\"><\/i>\t\t\t\t\t\t<span class=\"elementor-screen-only\">Siguiente<\/span>\n\t\t\t\t\t<\/div>\n\t\t\t\t\t\t\t\t\t<\/div>\n\t\t\t\t<\/div>\n\t\t\t\t<\/div>\n\t\t\t\t<div class=\"elementor-element elementor-element-5dbc78f elementor-widget elementor-widget-google_maps\" data-id=\"5dbc78f\" data-element_type=\"widget\" data-widget_type=\"google_maps.default\">\n\t\t\t\t<div class=\"elementor-widget-container\">\n\t\t\t<style>\/*! elementor - v3.6.4 - 13-04-2022 *\/\n.elementor-widget-google_maps .elementor-widget-container{overflow:hidden}.elementor-widget-google_maps iframe{height:300px}<\/style>\t\t<div class=\"elementor-custom-embed\">\n\t\t\t<iframe frameborder=\"0\" scrolling=\"no\" marginheight=\"0\" marginwidth=\"0\"\n\t\t\t\t\tsrc=\"https:\/\/maps.google.com\/maps?q=Hotel%20Posada%20Tlaltenango&#038;t=m&#038;z=10&#038;output=embed&#038;iwloc=near\"\n\t\t\t\t\ttitle=\"Hotel Posada Tlaltenango\"\n\t\t\t\t\taria-label=\"Hotel Posada Tlaltenango\"\n\t\t\t><\/iframe>\n\t\t<\/div>\n\t\t\t\t<\/div>\n\t\t\t\t<\/div>\n\t\t\t\t<div class=\"elementor-element elementor-element-30ea42a elementor-widget elementor-widget-spacer\" data-id=\"30ea42a\" data-element_type=\"widget\" data-widget_type=\"spacer.default\">\n\t\t\t\t<div class=\"elementor-widget-container\">\n\t\t\t\t\t<div class=\"elementor-spacer\">\n\t\t\t<div class=\"elementor-spacer-inner\"><\/div>\n\t\t<\/div>\n\t\t\t\t<\/div>\n\t\t\t\t<\/div>\n\t\t\t\t<div class=\"elementor-element elementor-element-d92cf81 elementor-widget elementor-widget-text-editor\" data-id=\"d92cf81\" data-element_type=\"widget\" data-widget_type=\"text-editor.default\">\n\t\t\t\t<div class=\"elementor-widget-container\">\n\t\t\t\t\t\t\t<p style=\"text-align: right;\"><span style=\"text-decoration: underline;\"><a href=\"https:\/\/cuernavaca.gob.mx\/?page_id=6603\">Regresar a Hoteles<\/a><\/span><\/p>\t\t\t\t\t\t<\/div>\n\t\t\t\t<\/div>\n\t\t\t\t\t<\/div>\n\t\t<\/div>\n\t\t\t\t\t\t\t<\/div>\n\t\t<\/section>\n\t\t\t\t\t\t\t<\/div>\n\t\t","protected":false},"excerpt":{"rendered":"<p>#ViveCuernavaca Descubre, conoce los hoteles de la ciudad de la eterna primavera. Spa Posada Tlaltenango En el coraz\u00f3n de Cuernavaca Morelos encontrara un exquisito rinc\u00f3n est\u00e9tico en donde podr\u00e1 relajarse y disfrutar de sus bellas instalaciones todo esto en el hotel en Cuernavaca Posada Tlaltenango adem\u00e1s de que es uno de los \u00fanicos hoteles en [&hellip;]<\/p>\n","protected":false},"author":1,"featured_media":1808,"parent":0,"menu_order":0,"comment_status":"closed","ping_status":"closed","template":"","meta":[],"aioseo_notices":[],"_links":{"self":[{"href":"https:\/\/cuernavaca.gob.mx\/index.php?rest_route=\/wp\/v2\/pages\/7710"}],"collection":[{"href":"https:\/\/cuernavaca.gob.mx\/index.php?rest_route=\/wp\/v2\/pages"}],"about":[{"href":"https:\/\/cuernavaca.gob.mx\/index.php?rest_route=\/wp\/v2\/types\/page"}],"author":[{"embeddable":true,"href":"https:\/\/cuernavaca.gob.mx\/index.php?rest_route=\/wp\/v2\/users\/1"}],"replies":[{"embeddable":true,"href":"https:\/\/cuernavaca.gob.mx\/index.php?rest_route=%2Fwp%2Fv2%2Fcomments&post=7710"}],"version-history":[{"count":10,"href":"https:\/\/cuernavaca.gob.mx\/index.php?rest_route=\/wp\/v2\/pages\/7710\/revisions"}],"predecessor-version":[{"id":13685,"href":"https:\/\/cuernavaca.gob.mx\/index.php?rest_route=\/wp\/v2\/pages\/7710\/revisions\/13685"}],"wp:featuredmedia":[{"embeddable":true,"href":"https:\/\/cuernavaca.gob.mx\/index.php?rest_route=\/wp\/v2\/media\/1808"}],"wp:attachment":[{"href":"https:\/\/cuernavaca.gob.mx\/index.php?rest_route=%2Fwp%2Fv2%2Fmedia&parent=7710"}],"curies":[{"name":"wp","href":"https:\/\/api.w.org\/{rel}","templated":true}]}}